{"id":25642,"date":"2022-04-13T10:42:48","date_gmt":"2022-04-13T08:42:48","guid":{"rendered":"https:\/\/www.sundsornscamping.se\/verkaufsbedingungen\/"},"modified":"2022-04-13T10:42:48","modified_gmt":"2022-04-13T08:42:48","slug":"verkaufsbedingungen","status":"publish","type":"page","link":"https:\/\/www.sundsornscamping.se\/de\/verkaufsbedingungen\/","title":{"rendered":"Verkaufsbedingungen"},"content":{"rendered":"<h1>Verkaufsbedingungen<\/h1>\n<\/p>\n<p><strong>Zahlung<\/strong><\/p>\n<p>Du musst 18 Jahre oder \u00e4lter sein, um auf <a href=\"http:\/\/sunsornscamping.se\/\" target=\"_blank\" rel=\"noopener\" data-saferedirecturl=\"https:\/\/www.google.com\/url?q=http:\/\/sunsornscamping.se&amp;source=gmail&amp;ust=1649925357357000&amp;usg=AOvVaw23w3Rqf6DaklvDJ5Mf1JPr\">sunsornscamping.se<\/a> einzukaufen. Die Zahlung erfolgt einfach und sicher mit Swedbank Pay. Auch wenn du noch kein Konto hast, kannst du die Transaktion schnell \u00fcber die Swedbank abwickeln. Swedbank Pay arbeitet mit VISA, MasterCard sowie allen schwedischen Banken zusammen, die Direktzahlungen anbieten: Swedbank, Handelsbanken, SEB, Nordea und Danske Bank. Swedbank Pay erf\u00fcllt hohe Sicherheitsanforderungen. Der gesamte Datenverkehr wird verschl\u00fcsselt und alle Kartentransaktionen basieren auf der sogenannten 3D-Secure-Technik der Banken.     <\/p>\n<p><strong>Preisgestaltung<\/strong><\/p>\n<p>Die Preise auf unserer Website werden laufend aktualisiert und verstehen sich inklusive Mehrwertsteuer (25 %).<br \/>Wir behalten uns Preis\u00e4nderungen und Textfehler vor.<\/p>\n<p><strong>Nicht <\/strong><strong><b>genutzte Buchung<\/b><\/strong><\/p>\n<p>Wenn du zu einer Buchung nicht erscheinst, erfolgt im Normalfall keine Erstattung, sofern die Stornierung nicht gem\u00e4\u00df den Bedingungen vorgenommen wurde.<\/p>\n<p><strong>Widerrufsrecht\/<\/strong><strong>Stornierung<\/strong><\/p>\n<p><strong>Stornierungen m\u00fcssen sp\u00e4testens 5 Tage vor der voraussichtlichen Ankunftszeit erfolgen.<\/strong><\/p>\n<p><strong>Reklamation<\/strong><\/p>\n<p>Bei Reklamationen kontaktiere uns bitte, damit wir dir helfen k\u00f6nnen!<\/p>\n<p><strong>Personenbezogene Daten<\/strong><\/p>\n<p>Lies unsere Datenschutzbestimmungen hier.<\/p>\n<p><strong>Streitbeilegung<\/strong><\/p>\n<p>Wir folgen den Empfehlungen des schwedischen Amtes f\u00fcr Reklamationen (Allm\u00e4nna Reklamationsn\u00e4mnden, ARN).<\/p>\n","protected":false},"excerpt":{"rendered":"<p>Verkaufsbedingungen Zahlung Du musst 18 Jahre oder \u00e4lter sein, um auf sunsornscamping.se einzukaufen. Die Zahlung erfolgt einfach und sicher mit Swedbank Pay. Auch wenn du noch kein Konto hast, kannst du die Transaktion schnell \u00fcber die Swedbank abwickeln. Swedbank Pay arbeitet mit VISA, MasterCard sowie allen schwedischen Banken zusammen, die Direktzahlungen anbieten: Swedbank, Handelsbanken, SEB,[L\u00e4s mer&#8230;]\n","protected":false},"author":4,"featured_media":0,"parent":0,"menu_order":0,"comment_status":"closed","ping_status":"closed","template":"","meta":{"footnotes":""},"class_list":["post-25642","page","type-page","status-publish","hentry"],"yoast_head":"<!-- This site is optimized with the Yoast SEO plugin v27.4 - https:\/\/yoast.com\/product\/yoast-seo-wordpress\/ -->\n<title>Verkaufsbedingungen - Camping Sunds\u00f6rn - Mariestad<\/title>\n<meta name=\"robots\" content=\"index, follow, max-snippet:-1, max-image-preview:large, max-video-preview:-1\" \/>\n<link rel=\"canonical\" href=\"https:\/\/www.sundsornscamping.se\/de\/verkaufsbedingungen\/\" \/>\n<meta property=\"og:locale\" content=\"de_DE\" \/>\n<meta property=\"og:type\" content=\"article\" \/>\n<meta property=\"og:title\" content=\"Verkaufsbedingungen - Camping Sunds\u00f6rn - Mariestad\" \/>\n<meta property=\"og:description\" content=\"Verkaufsbedingungen Zahlung Du musst 18 Jahre oder \u00e4lter sein, um auf sunsornscamping.se einzukaufen. Die Zahlung erfolgt einfach und sicher mit Swedbank Pay. Auch wenn du noch kein Konto hast, kannst du die Transaktion schnell \u00fcber die Swedbank abwickeln. Swedbank Pay arbeitet mit VISA, MasterCard sowie allen schwedischen Banken zusammen, die Direktzahlungen anbieten: Swedbank, Handelsbanken, SEB,[L\u00e4s mer...]\" \/>\n<meta property=\"og:url\" content=\"https:\/\/www.sundsornscamping.se\/de\/verkaufsbedingungen\/\" \/>\n<meta property=\"og:site_name\" content=\"Camping Sunds\u00f6rn - Mariestad\" \/>\n<meta name=\"twitter:card\" content=\"summary_large_image\" \/>\n<meta name=\"twitter:label1\" content=\"Gesch\u00e4tzte Lesezeit\" \/>\n\t<meta name=\"twitter:data1\" content=\"1\u00a0Minute\" \/>\n<script type=\"application\/ld+json\" class=\"yoast-schema-graph\">{\"@context\":\"https:\\\/\\\/schema.org\",\"@graph\":[{\"@type\":\"WebPage\",\"@id\":\"https:\\\/\\\/www.sundsornscamping.se\\\/de\\\/verkaufsbedingungen\\\/\",\"url\":\"https:\\\/\\\/www.sundsornscamping.se\\\/de\\\/verkaufsbedingungen\\\/\",\"name\":\"Verkaufsbedingungen - Camping Sunds\u00f6rn - Mariestad\",\"isPartOf\":{\"@id\":\"https:\\\/\\\/www.sundsornscamping.se\\\/de\\\/#website\"},\"datePublished\":\"2022-04-13T08:42:48+00:00\",\"breadcrumb\":{\"@id\":\"https:\\\/\\\/www.sundsornscamping.se\\\/de\\\/verkaufsbedingungen\\\/#breadcrumb\"},\"inLanguage\":\"de\",\"potentialAction\":[{\"@type\":\"ReadAction\",\"target\":[\"https:\\\/\\\/www.sundsornscamping.se\\\/de\\\/verkaufsbedingungen\\\/\"]}]},{\"@type\":\"BreadcrumbList\",\"@id\":\"https:\\\/\\\/www.sundsornscamping.se\\\/de\\\/verkaufsbedingungen\\\/#breadcrumb\",\"itemListElement\":[{\"@type\":\"ListItem\",\"position\":1,\"name\":\"Hem\",\"item\":\"https:\\\/\\\/www.sundsornscamping.se\\\/de\\\/\"},{\"@type\":\"ListItem\",\"position\":2,\"name\":\"Verkaufsbedingungen\"}]},{\"@type\":\"WebSite\",\"@id\":\"https:\\\/\\\/www.sundsornscamping.se\\\/de\\\/#website\",\"url\":\"https:\\\/\\\/www.sundsornscamping.se\\\/de\\\/\",\"name\":\"Camping Sunds\u00f6rn - Mariestad\",\"description\":\"Njut av natursk\u00f6n milj\u00f6 \u00e5ret runt, n\u00e4ra Mariestad och Tors\u00f6\",\"potentialAction\":[{\"@type\":\"SearchAction\",\"target\":{\"@type\":\"EntryPoint\",\"urlTemplate\":\"https:\\\/\\\/www.sundsornscamping.se\\\/de\\\/?s={search_term_string}\"},\"query-input\":{\"@type\":\"PropertyValueSpecification\",\"valueRequired\":true,\"valueName\":\"search_term_string\"}}],\"inLanguage\":\"de\"}]}<\/script>\n<!-- \/ Yoast SEO plugin. -->","yoast_head_json":{"title":"Verkaufsbedingungen - Camping Sunds\u00f6rn - Mariestad","robots":{"index":"index","follow":"follow","max-snippet":"max-snippet:-1","max-image-preview":"max-image-preview:large","max-video-preview":"max-video-preview:-1"},"canonical":"https:\/\/www.sundsornscamping.se\/de\/verkaufsbedingungen\/","og_locale":"de_DE","og_type":"article","og_title":"Verkaufsbedingungen - Camping Sunds\u00f6rn - Mariestad","og_description":"Verkaufsbedingungen Zahlung Du musst 18 Jahre oder \u00e4lter sein, um auf sunsornscamping.se einzukaufen. Die Zahlung erfolgt einfach und sicher mit Swedbank Pay. Auch wenn du noch kein Konto hast, kannst du die Transaktion schnell \u00fcber die Swedbank abwickeln. Swedbank Pay arbeitet mit VISA, MasterCard sowie allen schwedischen Banken zusammen, die Direktzahlungen anbieten: Swedbank, Handelsbanken, SEB,[L\u00e4s mer...]","og_url":"https:\/\/www.sundsornscamping.se\/de\/verkaufsbedingungen\/","og_site_name":"Camping Sunds\u00f6rn - Mariestad","twitter_card":"summary_large_image","twitter_misc":{"Gesch\u00e4tzte Lesezeit":"1\u00a0Minute"},"schema":{"@context":"https:\/\/schema.org","@graph":[{"@type":"WebPage","@id":"https:\/\/www.sundsornscamping.se\/de\/verkaufsbedingungen\/","url":"https:\/\/www.sundsornscamping.se\/de\/verkaufsbedingungen\/","name":"Verkaufsbedingungen - Camping Sunds\u00f6rn - Mariestad","isPartOf":{"@id":"https:\/\/www.sundsornscamping.se\/de\/#website"},"datePublished":"2022-04-13T08:42:48+00:00","breadcrumb":{"@id":"https:\/\/www.sundsornscamping.se\/de\/verkaufsbedingungen\/#breadcrumb"},"inLanguage":"de","potentialAction":[{"@type":"ReadAction","target":["https:\/\/www.sundsornscamping.se\/de\/verkaufsbedingungen\/"]}]},{"@type":"BreadcrumbList","@id":"https:\/\/www.sundsornscamping.se\/de\/verkaufsbedingungen\/#breadcrumb","itemListElement":[{"@type":"ListItem","position":1,"name":"Hem","item":"https:\/\/www.sundsornscamping.se\/de\/"},{"@type":"ListItem","position":2,"name":"Verkaufsbedingungen"}]},{"@type":"WebSite","@id":"https:\/\/www.sundsornscamping.se\/de\/#website","url":"https:\/\/www.sundsornscamping.se\/de\/","name":"Camping Sunds\u00f6rn - Mariestad","description":"Njut av natursk\u00f6n milj\u00f6 \u00e5ret runt, n\u00e4ra Mariestad och Tors\u00f6","potentialAction":[{"@type":"SearchAction","target":{"@type":"EntryPoint","urlTemplate":"https:\/\/www.sundsornscamping.se\/de\/?s={search_term_string}"},"query-input":{"@type":"PropertyValueSpecification","valueRequired":true,"valueName":"search_term_string"}}],"inLanguage":"de"}]}},"_links":{"self":[{"href":"https:\/\/www.sundsornscamping.se\/de\/wp-json\/wp\/v2\/pages\/25642","targetHints":{"allow":["GET"]}}],"collection":[{"href":"https:\/\/www.sundsornscamping.se\/de\/wp-json\/wp\/v2\/pages"}],"about":[{"href":"https:\/\/www.sundsornscamping.se\/de\/wp-json\/wp\/v2\/types\/page"}],"author":[{"embeddable":true,"href":"https:\/\/www.sundsornscamping.se\/de\/wp-json\/wp\/v2\/users\/4"}],"replies":[{"embeddable":true,"href":"https:\/\/www.sundsornscamping.se\/de\/wp-json\/wp\/v2\/comments?post=25642"}],"version-history":[{"count":0,"href":"https:\/\/www.sundsornscamping.se\/de\/wp-json\/wp\/v2\/pages\/25642\/revisions"}],"wp:attachment":[{"href":"https:\/\/www.sundsornscamping.se\/de\/wp-json\/wp\/v2\/media?parent=25642"}],"curies":[{"name":"wp","href":"https:\/\/api.w.org\/{rel}","templated":true}]}}