{"id":25658,"date":"2025-03-31T13:41:34","date_gmt":"2025-03-31T11:41:34","guid":{"rendered":"https:\/\/www.sundsornscamping.se\/allgemeine-geschaeftsbedingungen\/"},"modified":"2026-04-09T15:34:37","modified_gmt":"2026-04-09T13:34:37","slug":"allgemeine-geschaeftsbedingungen","status":"publish","type":"page","link":"https:\/\/www.sundsornscamping.se\/de\/allgemeine-geschaeftsbedingungen\/","title":{"rendered":"Allgemeine Gesch\u00e4ftsbedingungen"},"content":{"rendered":"\r\n<h1>Allgemeine Gesch\u00e4ftsbedingungen<\/h1>\r\n<p><strong>Regelwerk f\u00fcr die Vermietung von H\u00fctten oder Campingpl\u00e4tzen<\/strong><\/p>\r\n<p>Mit der Buchung und Bezahlung akzeptierst du die folgenden Bedingungen:<\/p>\r\n<ol>\r\n<li>Ordnung und Wohlbefinden<br>\u2022 Der Mieter verpflichtet sich, die geltenden Ordnungsvorschriften auf dem Gel\u00e4nde einzuhalten.<br>\u2022 Der Check-out muss am Abreisetag bis sp\u00e4testens 11:00 Uhr erfolgen. <br>\u2022 Eventuelle Fl\u00fcssiggasanlagen sowie Wohnwagen oder Wohnmobile m\u00fcssen gepr\u00fcft und in einem zugelassenen Zustand sein.<br>\u2022 Es ist wichtig, R\u00fccksicht auf andere G\u00e4ste zu nehmen.<br>\u2022 Es darf keine laute Musik gespielt werden, und ab 22:00 Uhr muss der Ger\u00e4uschpegel niedrig sein und es d\u00fcrfen keine st\u00f6renden Ger\u00e4usche auftreten. <\/li>\r\n<li>Reinigung<br>Die Reinigung ist nicht im Mietpreis enthalten. Wenn die H\u00fctte oder der Platz bei der Abreise nicht ordnungsgem\u00e4\u00df gereinigt ist, wird eine Reinigungsgeb\u00fchr von 500 kr pro angefangener Stunde berechnet. <\/li>\r\n<li>Verschlei\u00df und Sch\u00e4den<br>Normaler Verschlei\u00df ist im Mietpreis enthalten. Jegliche Sachbesch\u00e4digung \u00fcber den normalen Verschlei\u00df hinaus wird zum Marktwert in Rechnung gestellt. <\/li>\r\n<li>Meldung von Sch\u00e4den beim Check-in<br>Eventuelle Sch\u00e4den oder M\u00e4ngel m\u00fcssen innerhalb von 1 Stunde nach dem Check-in gemeldet werden.<br>\u2022 Die Meldung muss sowohl per Bild (an den angegebenen Kontakt senden) als auch durch eine Nachricht an die Rezeption erfolgen.<br>\u2022 Geschieht dies nicht, kann der Mieter f\u00fcr eventuelle Sch\u00e4den haftbar gemacht werden, die bei der Abreise entdeckt werden.<\/li>\r\n<li>Haftung<br>Der Mieter ist daf\u00fcr verantwortlich, dass die H\u00fctte oder der Platz mit Sorgfalt genutzt wird und sich dort keine unbefugten Personen ohne Genehmigung aufhalten.<\/li>\r\n<\/ol>\r\n<p><strong>Durch die Bezahlung der Buchung akzeptierst du diese Regeln und Bedingungen.<\/strong><\/p>\r\n<p>&nbsp;<\/p>\r\n<h2>Mietbedingungen f\u00fcr Fahrr\u00e4der<\/h2>\r\n<ol>\r\n<li>Verantwortung des Mieters<br>Der Mieter tr\u00e4gt die volle Verantwortung f\u00fcr das Fahrrad und eventuelle dazugeh\u00f6rige Ausr\u00fcstung von der Entgegennahme bis zur R\u00fcckgabe.<\/li>\r\n<li>Sch\u00e4den am Fahrrad<br> \u2022 Normaler Verschlei\u00df, wie Schmutz oder eine abgesprungene Kette, liegt nicht in der Verantwortung des Mieters.<br> \u2022 Alle Sch\u00e4den, die durch Fahrl\u00e4ssigkeit, Unachtsamkeit oder unsachgem\u00e4\u00dfen Gebrauch entstehen, werden vom Mieter zu den tats\u00e4chlichen Reparaturkosten ersetzt.<br> \u2022 Wenn das Fahrrad w\u00e4hrend der Mietzeit besch\u00e4digt wird, ist der Mieter schadensersatzpflichtig, sofern nicht angemessene Schutzma\u00dfnahmen nachgewiesen werden k\u00f6nnen.<\/li>\r\n<li>Diebstahl<br> \u2022 Das Fahrrad muss abgeschlossen sein, wenn es unbeaufsichtigt gelassen wird.<br> \u2022 Im Falle eines Diebstahls wird dem Mieter der aktuelle Marktwert des Fahrrads in Rechnung gestellt, es sei denn, es kann nachgewiesen werden, dass der Diebstahl trotz ordnungsgem\u00e4\u00dfer Verriegelung und Aufbewahrung erfolgt ist.<br> \u2022 Bei Diebstahl ist innerhalb von 24 Stunden eine polizeiliche Anzeige erforderlich, und eine Kopie der Anzeige muss dem Vermieter ausgeh\u00e4ndigt werden.<\/li>\r\n<li>Sonstige Ausr\u00fcstung<br> \u2022 Alle weiteren Ausr\u00fcstungsgegenst\u00e4nde, die im Zusammenhang mit dem Fahrrad gemietet werden \u2013 z. B. Helm, Kindersitz, Schloss, Werkzeug oder Fahrradkorb \u2013 unterliegen denselben Bedingungen wie das Fahrrad.<br>  \u2022 Bei Besch\u00e4digung, Verlust oder Diebstahl solcher Ausr\u00fcstung wird dem Mieter der Marktwert der Ausr\u00fcstung in Rechnung gestellt.<\/li>\r\n<li>R\u00fcckgabe<br> \u2022 Das Fahrrad und eventuelle Ausr\u00fcstung m\u00fcssen zur vereinbarten Zeit und am vereinbarten Ort zur\u00fcckgegeben werden.<br> \u2022 Eine versp\u00e4tete R\u00fcckgabe wird mit 100 kr pro Std. berechnet.<br> \u2022 Wenn das Fahrrad oder die Ausr\u00fcstung nicht innerhalb von 24 Stunden nach der vereinbarten Zeit zur\u00fcckgegeben wird, gilt dies als vermisst, und der Mieter wird gem\u00e4\u00df Punkt 3 und 4 belastet.<\/li>\r\n<li>Zustimmung zu den Bedingungen<br><strong>Durch das Mieten des Fahrrads und eventueller Ausr\u00fcstung best\u00e4tigt der Mieter, dass er diese Bedingungen zur Kenntnis genommen hat und sie vollumf\u00e4nglich akzeptiert.<\/strong><\/li>\r\n<\/ol>\r\n<p>&nbsp;<\/p>\r\n","protected":false},"excerpt":{"rendered":"","protected":false},"author":4,"featured_media":0,"parent":0,"menu_order":0,"comment_status":"closed","ping_status":"closed","template":"","meta":{"footnotes":""},"class_list":["post-25658","page","type-page","status-publish","hentry"],"yoast_head":"<!-- This site is optimized with the Yoast SEO plugin v27.4 - https:\/\/yoast.com\/product\/yoast-seo-wordpress\/ -->\n<title>Allgemeine Gesch\u00e4ftsbedingungen - Camping Sunds\u00f6rn - Mariestad<\/title>\n<meta name=\"robots\" content=\"index, follow, max-snippet:-1, max-image-preview:large, max-video-preview:-1\" \/>\n<link rel=\"canonical\" href=\"https:\/\/www.sundsornscamping.se\/de\/allgemeine-geschaeftsbedingungen\/\" \/>\n<meta property=\"og:locale\" content=\"de_DE\" \/>\n<meta property=\"og:type\" content=\"article\" \/>\n<meta property=\"og:title\" content=\"Allgemeine Gesch\u00e4ftsbedingungen - Camping Sunds\u00f6rn - Mariestad\" \/>\n<meta property=\"og:url\" content=\"https:\/\/www.sundsornscamping.se\/de\/allgemeine-geschaeftsbedingungen\/\" \/>\n<meta property=\"og:site_name\" content=\"Camping Sunds\u00f6rn - Mariestad\" \/>\n<meta property=\"article:modified_time\" content=\"2026-04-09T13:34:37+00:00\" \/>\n<meta name=\"twitter:card\" content=\"summary_large_image\" \/>\n<meta name=\"twitter:label1\" content=\"Gesch\u00e4tzte Lesezeit\" \/>\n\t<meta name=\"twitter:data1\" content=\"3\u00a0Minuten\" \/>\n<script type=\"application\/ld+json\" class=\"yoast-schema-graph\">{\"@context\":\"https:\\\/\\\/schema.org\",\"@graph\":[{\"@type\":\"WebPage\",\"@id\":\"https:\\\/\\\/www.sundsornscamping.se\\\/de\\\/allgemeine-geschaeftsbedingungen\\\/\",\"url\":\"https:\\\/\\\/www.sundsornscamping.se\\\/de\\\/allgemeine-geschaeftsbedingungen\\\/\",\"name\":\"Allgemeine Gesch\u00e4ftsbedingungen - Camping Sunds\u00f6rn - Mariestad\",\"isPartOf\":{\"@id\":\"https:\\\/\\\/www.sundsornscamping.se\\\/de\\\/#website\"},\"datePublished\":\"2025-03-31T11:41:34+00:00\",\"dateModified\":\"2026-04-09T13:34:37+00:00\",\"breadcrumb\":{\"@id\":\"https:\\\/\\\/www.sundsornscamping.se\\\/de\\\/allgemeine-geschaeftsbedingungen\\\/#breadcrumb\"},\"inLanguage\":\"de\",\"potentialAction\":[{\"@type\":\"ReadAction\",\"target\":[\"https:\\\/\\\/www.sundsornscamping.se\\\/de\\\/allgemeine-geschaeftsbedingungen\\\/\"]}]},{\"@type\":\"BreadcrumbList\",\"@id\":\"https:\\\/\\\/www.sundsornscamping.se\\\/de\\\/allgemeine-geschaeftsbedingungen\\\/#breadcrumb\",\"itemListElement\":[{\"@type\":\"ListItem\",\"position\":1,\"name\":\"Hem\",\"item\":\"https:\\\/\\\/www.sundsornscamping.se\\\/de\\\/\"},{\"@type\":\"ListItem\",\"position\":2,\"name\":\"Allgemeine Gesch\u00e4ftsbedingungen\"}]},{\"@type\":\"WebSite\",\"@id\":\"https:\\\/\\\/www.sundsornscamping.se\\\/de\\\/#website\",\"url\":\"https:\\\/\\\/www.sundsornscamping.se\\\/de\\\/\",\"name\":\"Camping Sunds\u00f6rn - Mariestad\",\"description\":\"Njut av natursk\u00f6n milj\u00f6 \u00e5ret runt, n\u00e4ra Mariestad och Tors\u00f6\",\"potentialAction\":[{\"@type\":\"SearchAction\",\"target\":{\"@type\":\"EntryPoint\",\"urlTemplate\":\"https:\\\/\\\/www.sundsornscamping.se\\\/de\\\/?s={search_term_string}\"},\"query-input\":{\"@type\":\"PropertyValueSpecification\",\"valueRequired\":true,\"valueName\":\"search_term_string\"}}],\"inLanguage\":\"de\"}]}<\/script>\n<!-- \/ Yoast SEO plugin. -->","yoast_head_json":{"title":"Allgemeine Gesch\u00e4ftsbedingungen - Camping Sunds\u00f6rn - Mariestad","robots":{"index":"index","follow":"follow","max-snippet":"max-snippet:-1","max-image-preview":"max-image-preview:large","max-video-preview":"max-video-preview:-1"},"canonical":"https:\/\/www.sundsornscamping.se\/de\/allgemeine-geschaeftsbedingungen\/","og_locale":"de_DE","og_type":"article","og_title":"Allgemeine Gesch\u00e4ftsbedingungen - Camping Sunds\u00f6rn - Mariestad","og_url":"https:\/\/www.sundsornscamping.se\/de\/allgemeine-geschaeftsbedingungen\/","og_site_name":"Camping Sunds\u00f6rn - Mariestad","article_modified_time":"2026-04-09T13:34:37+00:00","twitter_card":"summary_large_image","twitter_misc":{"Gesch\u00e4tzte Lesezeit":"3\u00a0Minuten"},"schema":{"@context":"https:\/\/schema.org","@graph":[{"@type":"WebPage","@id":"https:\/\/www.sundsornscamping.se\/de\/allgemeine-geschaeftsbedingungen\/","url":"https:\/\/www.sundsornscamping.se\/de\/allgemeine-geschaeftsbedingungen\/","name":"Allgemeine Gesch\u00e4ftsbedingungen - Camping Sunds\u00f6rn - Mariestad","isPartOf":{"@id":"https:\/\/www.sundsornscamping.se\/de\/#website"},"datePublished":"2025-03-31T11:41:34+00:00","dateModified":"2026-04-09T13:34:37+00:00","breadcrumb":{"@id":"https:\/\/www.sundsornscamping.se\/de\/allgemeine-geschaeftsbedingungen\/#breadcrumb"},"inLanguage":"de","potentialAction":[{"@type":"ReadAction","target":["https:\/\/www.sundsornscamping.se\/de\/allgemeine-geschaeftsbedingungen\/"]}]},{"@type":"BreadcrumbList","@id":"https:\/\/www.sundsornscamping.se\/de\/allgemeine-geschaeftsbedingungen\/#breadcrumb","itemListElement":[{"@type":"ListItem","position":1,"name":"Hem","item":"https:\/\/www.sundsornscamping.se\/de\/"},{"@type":"ListItem","position":2,"name":"Allgemeine Gesch\u00e4ftsbedingungen"}]},{"@type":"WebSite","@id":"https:\/\/www.sundsornscamping.se\/de\/#website","url":"https:\/\/www.sundsornscamping.se\/de\/","name":"Camping Sunds\u00f6rn - Mariestad","description":"Njut av natursk\u00f6n milj\u00f6 \u00e5ret runt, n\u00e4ra Mariestad och Tors\u00f6","potentialAction":[{"@type":"SearchAction","target":{"@type":"EntryPoint","urlTemplate":"https:\/\/www.sundsornscamping.se\/de\/?s={search_term_string}"},"query-input":{"@type":"PropertyValueSpecification","valueRequired":true,"valueName":"search_term_string"}}],"inLanguage":"de"}]}},"_links":{"self":[{"href":"https:\/\/www.sundsornscamping.se\/de\/wp-json\/wp\/v2\/pages\/25658","targetHints":{"allow":["GET"]}}],"collection":[{"href":"https:\/\/www.sundsornscamping.se\/de\/wp-json\/wp\/v2\/pages"}],"about":[{"href":"https:\/\/www.sundsornscamping.se\/de\/wp-json\/wp\/v2\/types\/page"}],"author":[{"embeddable":true,"href":"https:\/\/www.sundsornscamping.se\/de\/wp-json\/wp\/v2\/users\/4"}],"replies":[{"embeddable":true,"href":"https:\/\/www.sundsornscamping.se\/de\/wp-json\/wp\/v2\/comments?post=25658"}],"version-history":[{"count":1,"href":"https:\/\/www.sundsornscamping.se\/de\/wp-json\/wp\/v2\/pages\/25658\/revisions"}],"predecessor-version":[{"id":25659,"href":"https:\/\/www.sundsornscamping.se\/de\/wp-json\/wp\/v2\/pages\/25658\/revisions\/25659"}],"wp:attachment":[{"href":"https:\/\/www.sundsornscamping.se\/de\/wp-json\/wp\/v2\/media?parent=25658"}],"curies":[{"name":"wp","href":"https:\/\/api.w.org\/{rel}","templated":true}]}}