{"id":25682,"date":"2021-02-04T13:52:02","date_gmt":"2021-02-04T12:52:02","guid":{"rendered":"https:\/\/www.sundsornscamping.se\/anfrage\/"},"modified":"2026-04-09T17:39:47","modified_gmt":"2026-04-09T15:39:47","slug":"anfrage","status":"publish","type":"page","link":"https:\/\/www.sundsornscamping.se\/de\/anfrage\/","title":{"rendered":"Anfrage"},"content":{"rendered":"\n<div class=\"slider-wrapper relative\" id=\"slider-1351359866\" >\n    <div class=\"slider slider-nav-circle slider-nav-large slider-nav-light slider-style-normal\"\n        data-flickity-options='{\n            \"cellAlign\": \"center\",\n            \"imagesLoaded\": true,\n            \"lazyLoad\": 1,\n            \"freeScroll\": false,\n            \"wrapAround\": true,\n            \"autoPlay\": 6000,\n            \"pauseAutoPlayOnHover\" : true,\n            \"prevNextButtons\": true,\n            \"contain\" : true,\n            \"adaptiveHeight\" : true,\n            \"dragThreshold\" : 10,\n            \"percentPosition\": true,\n            \"pageDots\": true,\n            \"rightToLeft\": false,\n            \"draggable\": true,\n            \"selectedAttraction\": 0.1,\n            \"parallax\" : 0,\n            \"friction\": 0.6        }'\n        >\n        \n\n  <div class=\"banner has-hover has-slide-effect slide-zoom-in\" id=\"banner-1138238644\">\n          <div class=\"banner-inner fill\">\n        <div class=\"banner-bg fill\" >\n            <img loading=\"lazy\" decoding=\"async\" width=\"1920\" height=\"1279\" src=\"https:\/\/www.sundsornscamping.se\/wp-content\/uploads\/2020\/09\/Sundsorn-Camping-dronarbilder-7.jpg\" class=\"bg attachment-original size-original\" alt=\"\" \/>                                    \n                    <\/div>\n\t\t\n        <div class=\"banner-layers container\">\n            <div class=\"fill banner-link\"><\/div>            \n   <div id=\"text-box-1175664346\" class=\"text-box banner-layer x5 md-x5 lg-x5 y95 md-y50 lg-y50 res-text\">\n                                <div class=\"text-box-content text box-shadow-1\">\n              \n              <div class=\"text-inner text-left\">\n                  \n<h6><span data-text-color=\"success\"><strong>Sunds\u00f6rn Camping<\/strong><\/span><\/h6>\n<h1 class=\"uppercase\">INTERESSENBEKUNDUNG<\/h1>\n<p>Interessenbekundung f\u00fcr eine Saisonbuchung auf dem Sunds\u00f6rn Camping.<\/p>\n<p>Nutze gern das Kontaktformular unten, dann melden wir uns so schnell wie m\u00f6glich bei dir. Weitere Kontaktdaten findest du ebenfalls weiter unten. <\/p>\n              <\/div>\n           <\/div>\n                            \n<style>\n#text-box-1175664346 .text-box-content {\n  background-color: rgba(255, 255, 255, 0.8);\n  font-size: 100%;\n}\n#text-box-1175664346 .text-inner {\n  padding: 30px 30px 30px 30px;\n}\n#text-box-1175664346 {\n  width: 90%;\n}\n@media (min-width:550px) {\n  #text-box-1175664346 {\n    width: 52%;\n  }\n}\n<\/style>\n    <\/div>\n \n        <\/div>\n      <\/div>\n\n            \n<style>\n#banner-1138238644 {\n  padding-top: 700px;\n}\n#banner-1138238644 .banner-bg img {\n  object-position: 35% 29%;\n}\n<\/style>\n  <\/div>\n\n\n     <\/div>\n\n     <div class=\"loading-spin dark large centered\"><\/div>\n\n\t<\/div>\n\n\n\n\t<section class=\"section\" id=\"section_544069639\">\n\t\t<div class=\"section-bg fill\" >\n\t\t\t\t\t\t\t\t\t<div class=\"section-bg-overlay absolute fill\"><\/div>\n\t\t\t\n\n\t\t<\/div>\n\n\t\t\n\n\t\t<div class=\"section-content relative\">\n\t\t\t\n<div class=\"row row-large align-equal\"  id=\"row-113471661\">\n\n\t<div id=\"col-1445661703\" class=\"col medium-6 small-12 large-6\"  >\n\t\t\t\t<div class=\"col-inner text-left\"  >\n\t\t\t\n\t\t\t\n<h2 class=\"uppercase\">INTERESSE AN EINER SAISONBUCHUNG ANMELDEN<\/h2>\n<section class=\"av_textblock_section \">\n<div class=\"avia_textblock\">\n<p>Hinterlasse Name, E-Mail, Telefonnummer und eine Nachricht, dann melden wir uns so schnell wie m\u00f6glich bei dir. Du kannst auch unsere Rezeption anrufen, wenn du an Saisonpl\u00e4tzen interessiert bist oder andere Fragen hast, unter 0501-393150.<\/p>\n<p> <\/p>\n<\/div>\n<\/section>\n\n<div class=\"wpcf7 no-js\" id=\"wpcf7-f25583-o1\" lang=\"de-DE\" dir=\"ltr\" data-wpcf7-id=\"25583\">\n<div class=\"screen-reader-response\"><p role=\"status\" aria-live=\"polite\" aria-atomic=\"true\"><\/p> <ul><\/ul><\/div>\n<form action=\"\/de\/wp-json\/wp\/v2\/pages\/25682#wpcf7-f25583-o1\" method=\"post\" class=\"wpcf7-form init\" aria-label=\"Kontaktformular\" novalidate=\"novalidate\" data-status=\"init\">\n<fieldset class=\"hidden-fields-container\"><input type=\"hidden\" name=\"_wpcf7\" value=\"25583\" \/><input type=\"hidden\" name=\"_wpcf7_version\" value=\"6.1.5\" \/><input type=\"hidden\" name=\"_wpcf7_locale\" value=\"de_DE\" \/><input type=\"hidden\" name=\"_wpcf7_unit_tag\" value=\"wpcf7-f25583-o1\" \/><input type=\"hidden\" name=\"_wpcf7_container_post\" value=\"0\" \/><input type=\"hidden\" name=\"_wpcf7_posted_data_hash\" value=\"\" \/><input type=\"hidden\" name=\"_wpcf7_recaptcha_response\" value=\"\" \/>\n<\/fieldset>\n<div class=\"form-flat\">\n\t<p><span class=\"wpcf7-form-control-wrap\" data-name=\"your-name\"><input size=\"40\" maxlength=\"400\" class=\"wpcf7-form-control wpcf7-text wpcf7-validates-as-required\" aria-required=\"true\" aria-invalid=\"false\" placeholder=\"Name*\" value=\"\" type=\"text\" name=\"your-name\" \/><\/span>\n\t<\/p>\n\t<p><span class=\"wpcf7-form-control-wrap\" data-name=\"your-email\"><input size=\"40\" maxlength=\"400\" class=\"wpcf7-form-control wpcf7-email wpcf7-validates-as-required wpcf7-text wpcf7-validates-as-email\" aria-required=\"true\" aria-invalid=\"false\" placeholder=\"E-Mail*\" value=\"\" type=\"email\" name=\"your-email\" \/><\/span>\n\t<\/p>\n\t<p><span class=\"wpcf7-form-control-wrap\" data-name=\"your-message\"><textarea cols=\"40\" rows=\"10\" maxlength=\"2000\" class=\"wpcf7-form-control wpcf7-textarea\" aria-invalid=\"false\" placeholder=\"Deine Nachricht*\" name=\"your-message\"><\/textarea><\/span>\n\t<\/p>\n\t<p><input class=\"wpcf7-form-control wpcf7-submit has-spinner button\" type=\"submit\" value=\"Senden\" \/>\n\t<\/p>\n<\/div><p style=\"display: none !important;\" class=\"akismet-fields-container\" data-prefix=\"_wpcf7_ak_\"><label>&#916;<textarea name=\"_wpcf7_ak_hp_textarea\" cols=\"45\" rows=\"8\" maxlength=\"100\"><\/textarea><\/label><input type=\"hidden\" id=\"ak_js_1\" name=\"_wpcf7_ak_js\" value=\"231\"\/><script>document.getElementById( \"ak_js_1\" ).setAttribute( \"value\", ( new Date() ).getTime() );<\/script><\/p><div class=\"wpcf7-response-output\" aria-hidden=\"true\"><\/div>\n<\/form>\n<\/div>\n\n\t\t<\/div>\n\t\t\t\t\t<\/div>\n\n\t\n\n\t<div id=\"col-1461633969\" class=\"col medium-6 small-12 large-6\"  >\n\t\t\t\t<div class=\"col-inner\"  >\n\t\t\t\n\t\t\t\n\t<div class=\"img has-hover x md-x lg-x y md-y lg-y\" id=\"image_9518408\">\n\t\t<a class=\"image-lightbox lightbox-gallery\" title=\"\" href=\"https:\/\/www.sundsornscamping.se\/wp-content\/uploads\/2018\/05\/thumbnail_LRG_DSC01353-1.jpg\">\t\t\t\t<div data-animate=\"fadeInLeft\">\t\t<div class=\"img-inner box-shadow-2 dark\" >\n\t\t\t<img loading=\"lazy\" decoding=\"async\" width=\"640\" height=\"428\" src=\"https:\/\/www.sundsornscamping.se\/wp-content\/uploads\/2018\/05\/thumbnail_LRG_DSC01353-1.jpg\" class=\"attachment-large size-large\" alt=\"\" srcset=\"https:\/\/www.sundsornscamping.se\/wp-content\/uploads\/2018\/05\/thumbnail_LRG_DSC01353-1.jpg 640w, https:\/\/www.sundsornscamping.se\/wp-content\/uploads\/2018\/05\/thumbnail_LRG_DSC01353-1-600x401.jpg 600w, https:\/\/www.sundsornscamping.se\/wp-content\/uploads\/2018\/05\/thumbnail_LRG_DSC01353-1-300x201.jpg 300w\" sizes=\"auto, (max-width: 640px) 100vw, 640px\" \/>\t\t\t\t\t\t\n\t\t\t\t\t<\/div>\n\t\t<\/div>\t\t\t\t<\/a>\t\t\n<style>\n#image_9518408 {\n  width: 100%;\n}\n<\/style>\n\t<\/div>\n\t\n\t\t<\/div>\n\t\t\t\t\t<\/div>\n\n\t\n<\/div>\n\t\t<\/div>\n\n\t\t\n<style>\n#section_544069639 {\n  padding-top: 59px;\n  padding-bottom: 59px;\n  background-color: rgb(255, 255, 255);\n}\n#section_544069639 .section-bg-overlay {\n  background-color: rgba(255, 255, 255, 0.85);\n}\n<\/style>\n\t<\/section>\n\t\n\n\t<section class=\"section\" id=\"section_1234247988\">\n\t\t<div class=\"section-bg fill\" >\n\t\t\t\t\t\t\t\t\t<div class=\"section-bg-overlay absolute fill\"><\/div>\n\t\t\t\n\t<div class=\"is-border\"\n\t\tstyle=\"border-width:1px 0px 1px 0px;\">\n\t<\/div>\n\n\t\t<\/div>\n\n\t\t\n\n\t\t<div class=\"section-content relative\">\n\t\t\t\n<div class=\"row row-large align-middle\"  id=\"row-63352591\">\n\n\t<div id=\"col-158041508\" class=\"col medium-6 small-12 large-6\"  >\n\t\t\t\t<div class=\"col-inner\"  >\n\t\t\t\n\t\t\t\n\t<div class=\"img has-hover x md-x lg-x y md-y lg-y\" id=\"image_1102447373\">\n\t\t<a class=\"image-lightbox lightbox-gallery\" title=\"\" href=\"https:\/\/www.sundsornscamping.se\/wp-content\/uploads\/2020\/09\/Sundsorn-Camping-dronarbilder-8.jpg\">\t\t\t\t<div data-animate=\"fadeInLeft\">\t\t<div class=\"img-inner box-shadow-2 dark\" >\n\t\t\t<img loading=\"lazy\" decoding=\"async\" width=\"1020\" height=\"679\" src=\"https:\/\/www.sundsornscamping.se\/wp-content\/uploads\/2020\/09\/Sundsorn-Camping-dronarbilder-8-1201x800.jpg\" class=\"attachment-large size-large\" alt=\"Sunds\u00f6rn Camping\" srcset=\"https:\/\/www.sundsornscamping.se\/wp-content\/uploads\/2020\/09\/Sundsorn-Camping-dronarbilder-8-1201x800.jpg 1201w, https:\/\/www.sundsornscamping.se\/wp-content\/uploads\/2020\/09\/Sundsorn-Camping-dronarbilder-8-1000x666.jpg 1000w, https:\/\/www.sundsornscamping.se\/wp-content\/uploads\/2020\/09\/Sundsorn-Camping-dronarbilder-8-600x400.jpg 600w, https:\/\/www.sundsornscamping.se\/wp-content\/uploads\/2020\/09\/Sundsorn-Camping-dronarbilder-8-768x512.jpg 768w, https:\/\/www.sundsornscamping.se\/wp-content\/uploads\/2020\/09\/Sundsorn-Camping-dronarbilder-8-1536x1023.jpg 1536w, https:\/\/www.sundsornscamping.se\/wp-content\/uploads\/2020\/09\/Sundsorn-Camping-dronarbilder-8.jpg 1920w\" sizes=\"auto, (max-width: 1020px) 100vw, 1020px\" \/>\t\t\t\t\t\t\n\t\t\t\t\t<\/div>\n\t\t<\/div>\t\t\t\t<\/a>\t\t\n<style>\n#image_1102447373 {\n  width: 100%;\n}\n<\/style>\n\t<\/div>\n\t\n\t\t<\/div>\n\t\t\t\t\t<\/div>\n\n\t\n\n\t<div id=\"col-458328204\" class=\"col medium-6 small-12 large-6\"  >\n\t\t\t\t<div class=\"col-inner text-left\"  >\n\t\t\t\n\t\t\t\n<h2 class=\"uppercase\">Sunds\u00f6rn Camping<\/h2>\n<p>SUNDS\u00d6RN<br\/>542 92 Mariestad<\/p>\n<div class=\"textwidget\">info@sundsornscamping.se<br\/>Tel.: 0501-393150\n<p>Bei Interesse an freien Grundst\u00fccken:<br\/>Johan Abrahamsson:<br\/>0708-753133<\/p>\n<\/div>\n\t\t<\/div>\n\t\t\t\t\t<\/div>\n\n\t\n<\/div>\n\t\t<\/div>\n\n\t\t\n<style>\n#section_1234247988 {\n  padding-top: 60px;\n  padding-bottom: 60px;\n  background-color: rgb(193, 193, 193);\n}\n#section_1234247988 .section-bg-overlay {\n  background-color: rgba(255, 255, 255, 0.85);\n}\n<\/style>\n\t<\/section>\n\t\n","protected":false},"excerpt":{"rendered":"","protected":false},"author":4,"featured_media":0,"parent":0,"menu_order":0,"comment_status":"closed","ping_status":"closed","template":"page-blank.php","meta":{"footnotes":""},"class_list":["post-25682","page","type-page","status-publish","hentry"],"yoast_head":"<!-- This site is optimized with the Yoast SEO plugin v27.4 - https:\/\/yoast.com\/product\/yoast-seo-wordpress\/ -->\n<title>Interessensbekundung f\u00fcr Saisonstellpl\u00e4tze \u2013 Sunds\u00f6rn Camping.<\/title>\n<meta name=\"description\" content=\"Kontaktiere Sunds\u00f6rn Camping f\u00fcr eine Interessensbekundung f\u00fcr Saisonstellpl\u00e4tze auf dem Campingplatz f\u00fcr Wohnwagen und Wohnmobil. F\u00fcr Interessensbekundung, Buchung und weitere Informationen ruf bitte 0501-393150 an oder schreib an info@sundsornscamping.se\" \/>\n<meta name=\"robots\" content=\"index, follow, max-snippet:-1, max-image-preview:large, max-video-preview:-1\" \/>\n<link rel=\"canonical\" href=\"https:\/\/www.sundsornscamping.se\/de\/anfrage\/\" \/>\n<meta property=\"og:locale\" content=\"de_DE\" \/>\n<meta property=\"og:type\" content=\"article\" \/>\n<meta property=\"og:title\" content=\"Interessensbekundung f\u00fcr Saisonstellpl\u00e4tze \u2013 Sunds\u00f6rn Camping.\" \/>\n<meta property=\"og:description\" content=\"Kontaktiere Sunds\u00f6rn Camping f\u00fcr eine Interessensbekundung f\u00fcr Saisonstellpl\u00e4tze auf dem Campingplatz f\u00fcr Wohnwagen und Wohnmobil. F\u00fcr Interessensbekundung, Buchung und weitere Informationen ruf bitte 0501-393150 an oder schreib an info@sundsornscamping.se\" \/>\n<meta property=\"og:url\" content=\"https:\/\/www.sundsornscamping.se\/de\/anfrage\/\" \/>\n<meta property=\"og:site_name\" content=\"Camping Sunds\u00f6rn - Mariestad\" \/>\n<meta property=\"article:modified_time\" content=\"2026-04-09T15:39:47+00:00\" \/>\n<meta name=\"twitter:card\" content=\"summary_large_image\" \/>\n<meta name=\"twitter:label1\" content=\"Gesch\u00e4tzte Lesezeit\" \/>\n\t<meta name=\"twitter:data1\" content=\"1\u00a0Minute\" \/>\n<script type=\"application\/ld+json\" class=\"yoast-schema-graph\">{\"@context\":\"https:\\\/\\\/schema.org\",\"@graph\":[{\"@type\":\"WebPage\",\"@id\":\"https:\\\/\\\/www.sundsornscamping.se\\\/de\\\/anfrage\\\/\",\"url\":\"https:\\\/\\\/www.sundsornscamping.se\\\/de\\\/anfrage\\\/\",\"name\":\"Interessensbekundung f\u00fcr Saisonstellpl\u00e4tze \u2013 Sunds\u00f6rn Camping.\",\"isPartOf\":{\"@id\":\"https:\\\/\\\/www.sundsornscamping.se\\\/de\\\/#website\"},\"datePublished\":\"2021-02-04T12:52:02+00:00\",\"dateModified\":\"2026-04-09T15:39:47+00:00\",\"description\":\"Kontaktiere Sunds\u00f6rn Camping f\u00fcr eine Interessensbekundung f\u00fcr Saisonstellpl\u00e4tze auf dem Campingplatz f\u00fcr Wohnwagen und Wohnmobil. F\u00fcr Interessensbekundung, Buchung und weitere Informationen ruf bitte 0501-393150 an oder schreib an info@sundsornscamping.se\",\"breadcrumb\":{\"@id\":\"https:\\\/\\\/www.sundsornscamping.se\\\/de\\\/anfrage\\\/#breadcrumb\"},\"inLanguage\":\"de\",\"potentialAction\":[{\"@type\":\"ReadAction\",\"target\":[\"https:\\\/\\\/www.sundsornscamping.se\\\/de\\\/anfrage\\\/\"]}]},{\"@type\":\"BreadcrumbList\",\"@id\":\"https:\\\/\\\/www.sundsornscamping.se\\\/de\\\/anfrage\\\/#breadcrumb\",\"itemListElement\":[{\"@type\":\"ListItem\",\"position\":1,\"name\":\"Hem\",\"item\":\"https:\\\/\\\/www.sundsornscamping.se\\\/de\\\/\"},{\"@type\":\"ListItem\",\"position\":2,\"name\":\"Anfrage\"}]},{\"@type\":\"WebSite\",\"@id\":\"https:\\\/\\\/www.sundsornscamping.se\\\/de\\\/#website\",\"url\":\"https:\\\/\\\/www.sundsornscamping.se\\\/de\\\/\",\"name\":\"Camping Sunds\u00f6rn - Mariestad\",\"description\":\"Njut av natursk\u00f6n milj\u00f6 \u00e5ret runt, n\u00e4ra Mariestad och Tors\u00f6\",\"potentialAction\":[{\"@type\":\"SearchAction\",\"target\":{\"@type\":\"EntryPoint\",\"urlTemplate\":\"https:\\\/\\\/www.sundsornscamping.se\\\/de\\\/?s={search_term_string}\"},\"query-input\":{\"@type\":\"PropertyValueSpecification\",\"valueRequired\":true,\"valueName\":\"search_term_string\"}}],\"inLanguage\":\"de\"}]}<\/script>\n<!-- \/ Yoast SEO plugin. -->","yoast_head_json":{"title":"Interessensbekundung f\u00fcr Saisonstellpl\u00e4tze \u2013 Sunds\u00f6rn Camping.","description":"Kontaktiere Sunds\u00f6rn Camping f\u00fcr eine Interessensbekundung f\u00fcr Saisonstellpl\u00e4tze auf dem Campingplatz f\u00fcr Wohnwagen und Wohnmobil. F\u00fcr Interessensbekundung, Buchung und weitere Informationen ruf bitte 0501-393150 an oder schreib an info@sundsornscamping.se","robots":{"index":"index","follow":"follow","max-snippet":"max-snippet:-1","max-image-preview":"max-image-preview:large","max-video-preview":"max-video-preview:-1"},"canonical":"https:\/\/www.sundsornscamping.se\/de\/anfrage\/","og_locale":"de_DE","og_type":"article","og_title":"Interessensbekundung f\u00fcr Saisonstellpl\u00e4tze \u2013 Sunds\u00f6rn Camping.","og_description":"Kontaktiere Sunds\u00f6rn Camping f\u00fcr eine Interessensbekundung f\u00fcr Saisonstellpl\u00e4tze auf dem Campingplatz f\u00fcr Wohnwagen und Wohnmobil. F\u00fcr Interessensbekundung, Buchung und weitere Informationen ruf bitte 0501-393150 an oder schreib an info@sundsornscamping.se","og_url":"https:\/\/www.sundsornscamping.se\/de\/anfrage\/","og_site_name":"Camping Sunds\u00f6rn - Mariestad","article_modified_time":"2026-04-09T15:39:47+00:00","twitter_card":"summary_large_image","twitter_misc":{"Gesch\u00e4tzte Lesezeit":"1\u00a0Minute"},"schema":{"@context":"https:\/\/schema.org","@graph":[{"@type":"WebPage","@id":"https:\/\/www.sundsornscamping.se\/de\/anfrage\/","url":"https:\/\/www.sundsornscamping.se\/de\/anfrage\/","name":"Interessensbekundung f\u00fcr Saisonstellpl\u00e4tze \u2013 Sunds\u00f6rn Camping.","isPartOf":{"@id":"https:\/\/www.sundsornscamping.se\/de\/#website"},"datePublished":"2021-02-04T12:52:02+00:00","dateModified":"2026-04-09T15:39:47+00:00","description":"Kontaktiere Sunds\u00f6rn Camping f\u00fcr eine Interessensbekundung f\u00fcr Saisonstellpl\u00e4tze auf dem Campingplatz f\u00fcr Wohnwagen und Wohnmobil. F\u00fcr Interessensbekundung, Buchung und weitere Informationen ruf bitte 0501-393150 an oder schreib an info@sundsornscamping.se","breadcrumb":{"@id":"https:\/\/www.sundsornscamping.se\/de\/anfrage\/#breadcrumb"},"inLanguage":"de","potentialAction":[{"@type":"ReadAction","target":["https:\/\/www.sundsornscamping.se\/de\/anfrage\/"]}]},{"@type":"BreadcrumbList","@id":"https:\/\/www.sundsornscamping.se\/de\/anfrage\/#breadcrumb","itemListElement":[{"@type":"ListItem","position":1,"name":"Hem","item":"https:\/\/www.sundsornscamping.se\/de\/"},{"@type":"ListItem","position":2,"name":"Anfrage"}]},{"@type":"WebSite","@id":"https:\/\/www.sundsornscamping.se\/de\/#website","url":"https:\/\/www.sundsornscamping.se\/de\/","name":"Camping Sunds\u00f6rn - Mariestad","description":"Njut av natursk\u00f6n milj\u00f6 \u00e5ret runt, n\u00e4ra Mariestad och Tors\u00f6","potentialAction":[{"@type":"SearchAction","target":{"@type":"EntryPoint","urlTemplate":"https:\/\/www.sundsornscamping.se\/de\/?s={search_term_string}"},"query-input":{"@type":"PropertyValueSpecification","valueRequired":true,"valueName":"search_term_string"}}],"inLanguage":"de"}]}},"_links":{"self":[{"href":"https:\/\/www.sundsornscamping.se\/de\/wp-json\/wp\/v2\/pages\/25682","targetHints":{"allow":["GET"]}}],"collection":[{"href":"https:\/\/www.sundsornscamping.se\/de\/wp-json\/wp\/v2\/pages"}],"about":[{"href":"https:\/\/www.sundsornscamping.se\/de\/wp-json\/wp\/v2\/types\/page"}],"author":[{"embeddable":true,"href":"https:\/\/www.sundsornscamping.se\/de\/wp-json\/wp\/v2\/users\/4"}],"replies":[{"embeddable":true,"href":"https:\/\/www.sundsornscamping.se\/de\/wp-json\/wp\/v2\/comments?post=25682"}],"version-history":[{"count":4,"href":"https:\/\/www.sundsornscamping.se\/de\/wp-json\/wp\/v2\/pages\/25682\/revisions"}],"predecessor-version":[{"id":25858,"href":"https:\/\/www.sundsornscamping.se\/de\/wp-json\/wp\/v2\/pages\/25682\/revisions\/25858"}],"wp:attachment":[{"href":"https:\/\/www.sundsornscamping.se\/de\/wp-json\/wp\/v2\/media?parent=25682"}],"curies":[{"name":"wp","href":"https:\/\/api.w.org\/{rel}","templated":true}]}}