{"id":25708,"date":"2018-02-22T08:44:19","date_gmt":"2018-02-22T07:44:19","guid":{"rendered":"https:\/\/www.sundsornscamping.se\/ueber-uns\/"},"modified":"2026-04-09T17:45:00","modified_gmt":"2026-04-09T15:45:00","slug":"ueber-uns","status":"publish","type":"page","link":"https:\/\/www.sundsornscamping.se\/de\/ueber-uns\/","title":{"rendered":"\u00dcber uns"},"content":{"rendered":"\n<div class=\"slider-wrapper relative\" id=\"slider-18379032\" >\n    <div class=\"slider slider-nav-circle slider-nav-large slider-nav-light slider-style-normal\"\n        data-flickity-options='{\n            \"cellAlign\": \"center\",\n            \"imagesLoaded\": true,\n            \"lazyLoad\": 1,\n            \"freeScroll\": false,\n            \"wrapAround\": true,\n            \"autoPlay\": 6000,\n            \"pauseAutoPlayOnHover\" : true,\n            \"prevNextButtons\": true,\n            \"contain\" : true,\n            \"adaptiveHeight\" : true,\n            \"dragThreshold\" : 10,\n            \"percentPosition\": true,\n            \"pageDots\": true,\n            \"rightToLeft\": false,\n            \"draggable\": true,\n            \"selectedAttraction\": 0.1,\n            \"parallax\" : 0,\n            \"friction\": 0.6        }'\n        >\n        \n\n\n  <div class=\"banner has-hover has-slide-effect slide-zoom-in\" id=\"banner-100947088\">\n          <div class=\"banner-inner fill\">\n        <div class=\"banner-bg fill\" >\n            <img loading=\"lazy\" decoding=\"async\" width=\"1920\" height=\"1279\" src=\"https:\/\/www.sundsornscamping.se\/wp-content\/uploads\/2020\/09\/Sundsorn-Brygghuset-dronarbilder-2.jpg\" class=\"bg attachment-original size-original\" alt=\"\" \/>                                    \n                    <\/div>\n\t\t\n        <div class=\"banner-layers container\">\n            <div class=\"fill banner-link\"><\/div>            \n\n   <div id=\"text-box-953365753\" class=\"text-box banner-layer x5 md-x5 lg-x5 y95 md-y50 lg-y50 res-text\">\n                                <div class=\"text-box-content text box-shadow-1\">\n              \n              <div class=\"text-inner text-left\">\n                  \n\n<h6><span data-text-color=\"success\"><strong>Geschichte &#038; Hintergrund von Sunds\u00f6rns Camping<\/strong><\/span><\/h6>\n<h3 class=\"uppercase\">FAMILIENUNTERNEHMEN IN VIERTER GENERATION<\/h3>\n<p>Ende der 1940er Jahre stellten Arthur und Karin Abrahamsson Land f\u00fcr Sommerh\u00e4user im Gebiet Sunds\u00f6rn zur Verf\u00fcgung, und in den 1970er Jahren \u00fcbernahmen ihr Sohn Olof und seine Frau Karin den Betrieb. <br\/>Heute leitet die vierte Generation der Familie Abrahamsson mit Johan und Malin an der Spitze Sunds\u00f6rns Camping. Ihre Kinder helfen so viel mit, wie es ihr Studium erlaubt, und die Hoffnung ist, dass die f\u00fcnfte Generation Abrahamsson zu gegebener Zeit \u00fcbernimmt. <\/p>\n\n              <\/div>\n           <\/div>\n                            \n<style>\n#text-box-953365753 .text-box-content {\n  background-color: rgba(255, 255, 255, 0.8);\n  font-size: 100%;\n}\n#text-box-953365753 .text-inner {\n  padding: 30px 30px 30px 30px;\n}\n#text-box-953365753 {\n  width: 90%;\n}\n@media (min-width:550px) {\n  #text-box-953365753 {\n    width: 52%;\n  }\n}\n<\/style>\n    <\/div>\n \n\n        <\/div>\n      <\/div>\n\n            \n<style>\n#banner-100947088 {\n  padding-top: 700px;\n}\n#banner-100947088 .banner-bg img {\n  object-position: 35% 29%;\n}\n<\/style>\n  <\/div>\n\n\n\n     <\/div>\n\n     <div class=\"loading-spin dark large centered\"><\/div>\n\n\t<\/div>\n\n\n\n\t<section class=\"section\" id=\"section_288358712\">\n\t\t<div class=\"section-bg fill\" >\n\t\t\t\t\t\t\t\t\t<div class=\"section-bg-overlay absolute fill\"><\/div>\n\t\t\t\n\t<div class=\"is-border\"\n\t\tstyle=\"border-width:1px 0px 1px 0px;\">\n\t<\/div>\n\n\t\t<\/div>\n\n\t\t\n\n\t\t<div class=\"section-content relative\">\n\t\t\t\n\n<div class=\"row row-large align-middle\"  id=\"row-1123939942\">\n\n\n\t<div id=\"col-2038252442\" class=\"col medium-6 small-12 large-6\"  >\n\t\t\t\t<div class=\"col-inner\"  >\n\t\t\t\n\t\t\t\n\n\t<div class=\"img has-hover x md-x lg-x y md-y lg-y\" id=\"image_1102029557\">\n\t\t<a class=\"image-lightbox lightbox-gallery\" title=\"\" href=\"https:\/\/www.sundsornscamping.se\/wp-content\/uploads\/2020\/09\/Sundsorn-Brygghuset-dronarbilder-3.jpg\">\t\t\t\t<div data-animate=\"fadeInLeft\">\t\t<div class=\"img-inner box-shadow-2 dark\" >\n\t\t\t<img loading=\"lazy\" decoding=\"async\" width=\"1020\" height=\"679\" src=\"https:\/\/www.sundsornscamping.se\/wp-content\/uploads\/2020\/09\/Sundsorn-Brygghuset-dronarbilder-3-1201x800.jpg\" class=\"attachment-large size-large\" alt=\"Freie Grundst\u00fccke\" srcset=\"https:\/\/www.sundsornscamping.se\/wp-content\/uploads\/2020\/09\/Sundsorn-Brygghuset-dronarbilder-3-1201x800.jpg 1201w, https:\/\/www.sundsornscamping.se\/wp-content\/uploads\/2020\/09\/Sundsorn-Brygghuset-dronarbilder-3-1000x666.jpg 1000w, https:\/\/www.sundsornscamping.se\/wp-content\/uploads\/2020\/09\/Sundsorn-Brygghuset-dronarbilder-3-600x400.jpg 600w, https:\/\/www.sundsornscamping.se\/wp-content\/uploads\/2020\/09\/Sundsorn-Brygghuset-dronarbilder-3-768x512.jpg 768w, https:\/\/www.sundsornscamping.se\/wp-content\/uploads\/2020\/09\/Sundsorn-Brygghuset-dronarbilder-3-1536x1023.jpg 1536w, https:\/\/www.sundsornscamping.se\/wp-content\/uploads\/2020\/09\/Sundsorn-Brygghuset-dronarbilder-3.jpg 1920w\" sizes=\"auto, (max-width: 1020px) 100vw, 1020px\" \/>\t\t\t\t\t\t\n\t\t\t\t\t<\/div>\n\t\t<\/div>\t\t\t\t<\/a>\t\t\n<style>\n#image_1102029557 {\n  width: 100%;\n}\n<\/style>\n\t<\/div>\n\t\n\n\t<div class=\"img has-hover x md-x lg-x y md-y lg-y\" id=\"image_1024674726\">\n\t\t<a class=\"image-lightbox lightbox-gallery\" title=\"\" href=\"https:\/\/www.sundsornscamping.se\/wp-content\/uploads\/2020\/08\/ICA9301.jpg\">\t\t\t\t<div data-animate=\"fadeInLeft\">\t\t<div class=\"img-inner box-shadow-2 dark\" >\n\t\t\t<img loading=\"lazy\" decoding=\"async\" width=\"1020\" height=\"680\" src=\"https:\/\/www.sundsornscamping.se\/wp-content\/uploads\/2020\/08\/ICA9301-1030x687.jpg\" class=\"attachment-large size-large\" alt=\"\" srcset=\"https:\/\/www.sundsornscamping.se\/wp-content\/uploads\/2020\/08\/ICA9301-1030x687.jpg 1030w, https:\/\/www.sundsornscamping.se\/wp-content\/uploads\/2020\/08\/ICA9301-1000x667.jpg 1000w, https:\/\/www.sundsornscamping.se\/wp-content\/uploads\/2020\/08\/ICA9301-300x200.jpg 300w, https:\/\/www.sundsornscamping.se\/wp-content\/uploads\/2020\/08\/ICA9301-768x512.jpg 768w, https:\/\/www.sundsornscamping.se\/wp-content\/uploads\/2020\/08\/ICA9301-1536x1025.jpg 1536w, https:\/\/www.sundsornscamping.se\/wp-content\/uploads\/2020\/08\/ICA9301-1500x1001.jpg 1500w, https:\/\/www.sundsornscamping.se\/wp-content\/uploads\/2020\/08\/ICA9301-705x470.jpg 705w, https:\/\/www.sundsornscamping.se\/wp-content\/uploads\/2020\/08\/ICA9301-600x400.jpg 600w, https:\/\/www.sundsornscamping.se\/wp-content\/uploads\/2020\/08\/ICA9301.jpg 1920w\" sizes=\"auto, (max-width: 1020px) 100vw, 1020px\" \/>\t\t\t\t\t\t\n\t\t\t\t\t<\/div>\n\t\t<\/div>\t\t\t\t<\/a>\t\t\n<style>\n#image_1024674726 {\n  width: 100%;\n}\n<\/style>\n\t<\/div>\n\t\n\n\n\t\t<\/div>\n\t\t\t\t\t<\/div>\n\n\t\n\n\t<div id=\"col-1033733849\" class=\"col medium-6 small-12 large-6\"  >\n\t\t\t\t<div class=\"col-inner text-left\"  >\n\t\t\t\n\t\t\t\n\n<p>Ende der 1940er Jahre stellten Arthur und Karin Abrahamsson Land f\u00fcr Sommerh\u00e4user im Gebiet Sunds\u00f6rn zur Verf\u00fcgung, und in den 1970er Jahren \u00fcbernahmen ihr Sohn Olof und seine Frau Karin den Betrieb.<br\/>Mit gro\u00dfem Engagement und einer klaren Vision dessen, was sie schaffen wollten, entwickelten sie das Sommerhausgebiet mit einem klaren Bebauungsplan weiter, w\u00e4hrend sie gleichzeitig einen lukrativen Kartoffel- und Erdbeeranbau starteten. 1995 wurde mit einer Totalsanierung des Gebiets begonnen, bei der der Badestrand ges\u00e4ubert und badefreundlich gestaltet wurde, Wege ausgebaut und Wasser im Gebiet installiert wurde. <\/p>\n<p>Im darauffolgenden Jahr wurde das Restaurant Brygghuset mit seinem fantastischen Blick \u00fcber den \u00d6stersundet gebaut. Karin Abrahamsson war eine sehr tatkr\u00e4ftige und treibende Frau \u2013 sowohl beim Bau als auch beim Betrieb des Restaurants sowie in den anderen Bereichen des Unternehmens.  Im Jahr 2002 begannen die Bauarbeiten auf dem Campingplatz, der 2004 abgeschlossen wurde, doch leider konnten weder Olof noch Karin die Fr\u00fcchte ihrer harten Arbeit genie\u00dfen. <br\/>Im Abstand von einem halben Jahr verstarben beide in einem viel zu jungen Alter. Ihr Sohn Johan \u00fcbernahm daraufhin mit seiner Frau Malin die Bewirtschaftung des Familienhofs und f\u00fchrte den Campingplatz, das Restaurant und das Ferienhausgebiet weiter. <\/p>\n<p>Heute leitet die vierte Generation der Familie Abrahamsson mit Johan und Malin an der Spitze Sunds\u00f6rns Camping. Ihre Kinder helfen so viel mit, wie es ihr Studium erlaubt, und die Hoffnung ist, dass die f\u00fcnfte Generation Abrahamsson zu gegebener Zeit \u00fcbernimmt. Sunds\u00f6rns Camping steht f\u00fcr Sicherheit, Service, Herz und Gef\u00fchl, was sich in der hohen Anzahl an Stammg\u00e4sten Jahr f\u00fcr Jahr widerspiegelt. Die Pl\u00e4ne f\u00fcr den Campingplatz in der Zukunft sehen vor, eine l\u00e4ndliche Idylle mit einem kleinen Bauernhof zu schaffen. Der Gedanke dahinter ist, Kinder und Erwachsene die Tiere pflegen zu lassen, um den Wert von Empathie und die Bedeutung des Schutzes von Tier und Natur zu lernen und zu verstehen.    <\/p>\n<p><em>Familie Abrahamsson<\/em><\/p>\n\n\t\t<\/div>\n\t\t\t\t\t<\/div>\n\n\t\n\n<\/div>\n\n\t\t<\/div>\n\n\t\t\n<style>\n#section_288358712 {\n  padding-top: 60px;\n  padding-bottom: 60px;\n  background-color: rgb(193, 193, 193);\n}\n#section_288358712 .section-bg-overlay {\n  background-color: rgba(255, 255, 255, 0.85);\n}\n<\/style>\n\t<\/section>\n\t\n\n\t<section class=\"section\" id=\"section_2042058735\">\n\t\t<div class=\"section-bg fill\" >\n\t\t\t\t\t\t\t\t\t<div class=\"section-bg-overlay absolute fill\"><\/div>\n\t\t\t\n\n\t\t<\/div>\n\n\t\t\n\n\t\t<div class=\"section-content relative\">\n\t\t\t\n\n<div class=\"row row-large align-equal\"  id=\"row-635697815\">\n\n\n\t<div id=\"col-852612017\" class=\"col medium-6 small-12 large-6\"  >\n\t\t\t\t<div class=\"col-inner text-left\"  >\n\t\t\t\n\t\t\t\n\n<h2 class=\"uppercase\">Nimm Kontakt mit uns auf<\/h2>\n<section class=\"av_textblock_section \">\n<div class=\"avia_textblock\">\n<p>Hinterlass Name, E-Mail, Telefonnummer und eine Nachricht, dann melden wir uns so schnell wie m\u00f6glich. Du kannst auch unsere Rezeption anrufen, wenn du einen Stellplatz buchen m\u00f6chtest oder andere Fragen hast: 0046 501-393150<\/p>\n<p> <\/p>\n\n<div class=\"wpcf7 no-js\" id=\"wpcf7-f25908-o1\" lang=\"de-DE\" dir=\"ltr\" data-wpcf7-id=\"25908\">\n<div class=\"screen-reader-response\"><p role=\"status\" aria-live=\"polite\" aria-atomic=\"true\"><\/p> <ul><\/ul><\/div>\n<form action=\"\/de\/wp-json\/wp\/v2\/pages\/25708#wpcf7-f25908-o1\" method=\"post\" class=\"wpcf7-form init\" aria-label=\"Kontaktformular\" novalidate=\"novalidate\" data-status=\"init\">\n<fieldset class=\"hidden-fields-container\"><input type=\"hidden\" name=\"_wpcf7\" value=\"25908\" \/><input type=\"hidden\" name=\"_wpcf7_version\" value=\"6.1.5\" \/><input type=\"hidden\" name=\"_wpcf7_locale\" value=\"de_DE\" \/><input type=\"hidden\" name=\"_wpcf7_unit_tag\" value=\"wpcf7-f25908-o1\" \/><input type=\"hidden\" name=\"_wpcf7_container_post\" value=\"0\" \/><input type=\"hidden\" name=\"_wpcf7_posted_data_hash\" value=\"\" \/><input type=\"hidden\" name=\"_wpcf7_recaptcha_response\" value=\"\" \/>\n<\/fieldset>\n<div class=\"form-flat\">\n\t<p><span class=\"wpcf7-form-control-wrap\" data-name=\"your-name\"><input size=\"40\" maxlength=\"400\" class=\"wpcf7-form-control wpcf7-text wpcf7-validates-as-required\" aria-required=\"true\" aria-invalid=\"false\" placeholder=\"Name*\" value=\"\" type=\"text\" name=\"your-name\" \/><\/span>\n\t<\/p>\n\t<p><span class=\"wpcf7-form-control-wrap\" data-name=\"your-email\"><input size=\"40\" maxlength=\"400\" class=\"wpcf7-form-control wpcf7-email wpcf7-validates-as-required wpcf7-text wpcf7-validates-as-email\" aria-required=\"true\" aria-invalid=\"false\" placeholder=\"E-Mail*\" value=\"\" type=\"email\" name=\"your-email\" \/><\/span>\n\t<\/p>\n\t<p><span class=\"wpcf7-form-control-wrap\" data-name=\"your-phone\"><input size=\"40\" maxlength=\"400\" class=\"wpcf7-form-control wpcf7-email wpcf7-validates-as-required wpcf7-text wpcf7-validates-as-email\" aria-required=\"true\" aria-invalid=\"false\" placeholder=\"Telefon*\" value=\"\" type=\"email\" name=\"your-phone\" \/><\/span>\n\t<\/p>\n\t<p><span class=\"wpcf7-form-control-wrap\" data-name=\"your-message\"><textarea cols=\"40\" rows=\"10\" maxlength=\"2000\" class=\"wpcf7-form-control wpcf7-textarea\" aria-invalid=\"false\" placeholder=\"Deine Nachricht*\" name=\"your-message\"><\/textarea><\/span>\n\t<\/p>\n\t<p><input class=\"wpcf7-form-control wpcf7-submit has-spinner button\" type=\"submit\" value=\"Senden\" \/>\n\t<\/p>\n<\/div><p style=\"display: none !important;\" class=\"akismet-fields-container\" data-prefix=\"_wpcf7_ak_\"><label>&#916;<textarea name=\"_wpcf7_ak_hp_textarea\" cols=\"45\" rows=\"8\" maxlength=\"100\"><\/textarea><\/label><input type=\"hidden\" id=\"ak_js_1\" name=\"_wpcf7_ak_js\" value=\"45\"\/><script>document.getElementById( \"ak_js_1\" ).setAttribute( \"value\", ( new Date() ).getTime() );<\/script><\/p><div class=\"wpcf7-response-output\" aria-hidden=\"true\"><\/div>\n<\/form>\n<\/div>\n\n\n<\/div>\n<\/section>\n\n\t\t<\/div>\n\t\t\t\t\t<\/div>\n\n\t\n\n\t<div id=\"col-683164512\" class=\"col medium-6 small-12 large-6\"  >\n\t\t\t\t<div class=\"col-inner\"  >\n\t\t\t\n\t\t\t\n\n<p><iframe loading=\"lazy\" src=\"https:\/\/www.google.com\/maps\/embed?pb=!1m14!1m8!1m3!1d8271.51159085473!2d13.8663092!3d58.7824668!3m2!1i1024!2i768!4f13.1!3m3!1m2!1s0x0%3A0x608b494163b7f01b!2sSunds%C3%B6rns%20Camping!5e0!3m2!1ssv!2sse!4v1600080709836!5m2!1ssv!2sse\" width=\"100%\" height=\"500\" frameborder=\"0\" style=\"border:0;\" allowfullscreen=\"\" aria-hidden=\"false\" tabindex=\"0\"><\/iframe><\/p>\n\n\t\t<\/div>\n\t\t\t\t\t<\/div>\n\n\t\n\n<\/div>\n\n\t\t<\/div>\n\n\t\t\n<style>\n#section_2042058735 {\n  padding-top: 31px;\n  padding-bottom: 31px;\n  background-color: rgb(255, 255, 255);\n}\n#section_2042058735 .section-bg-overlay {\n  background-color: rgba(255, 255, 255, 0.85);\n}\n<\/style>\n\t<\/section>\n\t\n","protected":false},"excerpt":{"rendered":"","protected":false},"author":3,"featured_media":0,"parent":0,"menu_order":0,"comment_status":"closed","ping_status":"closed","template":"page-blank.php","meta":{"footnotes":""},"class_list":["post-25708","page","type-page","status-publish","hentry"],"yoast_head":"<!-- This site is optimized with the Yoast SEO plugin v27.4 - https:\/\/yoast.com\/product\/yoast-seo-wordpress\/ -->\n<title>\u00dcber uns \u2013 Sunds\u00f6rn Camping, Familienunternehmen in vierter Generation<\/title>\n<meta name=\"description\" content=\"Sunds\u00f6rn Camping wird von der Familie Abrahamsson gef\u00fchrt und ist ein Familienunternehmen in vierter Generation. Uns treiben gro\u00dfes Engagement, Herz und Service f\u00fcr unsere G\u00e4ste an \u2013 das zeigt sich am hohen Anteil an Stammg\u00e4sten, Jahr f\u00fcr Jahr. F\u00fcr Buchungen und weitere Fragen ruf 0501-393150 an oder schreib an info@sundsornscamping.se\" \/>\n<meta name=\"robots\" content=\"index, follow, max-snippet:-1, max-image-preview:large, max-video-preview:-1\" \/>\n<link rel=\"canonical\" href=\"https:\/\/www.sundsornscamping.se\/de\/ueber-uns\/\" \/>\n<meta property=\"og:locale\" content=\"de_DE\" \/>\n<meta property=\"og:type\" content=\"article\" \/>\n<meta property=\"og:title\" content=\"\u00dcber uns \u2013 Sunds\u00f6rn Camping, Familienunternehmen in vierter Generation\" \/>\n<meta property=\"og:description\" content=\"Sunds\u00f6rn Camping wird von der Familie Abrahamsson gef\u00fchrt und ist ein Familienunternehmen in vierter Generation. Uns treiben gro\u00dfes Engagement, Herz und Service f\u00fcr unsere G\u00e4ste an \u2013 das zeigt sich am hohen Anteil an Stammg\u00e4sten, Jahr f\u00fcr Jahr. F\u00fcr Buchungen und weitere Fragen ruf 0501-393150 an oder schreib an info@sundsornscamping.se\" \/>\n<meta property=\"og:url\" content=\"https:\/\/www.sundsornscamping.se\/de\/ueber-uns\/\" \/>\n<meta property=\"og:site_name\" content=\"Camping Sunds\u00f6rn - Mariestad\" \/>\n<meta property=\"article:modified_time\" content=\"2026-04-09T15:45:00+00:00\" \/>\n<meta name=\"twitter:card\" content=\"summary_large_image\" \/>\n<meta name=\"twitter:label1\" content=\"Gesch\u00e4tzte Lesezeit\" \/>\n\t<meta name=\"twitter:data1\" content=\"3\u00a0Minuten\" \/>\n<script type=\"application\/ld+json\" class=\"yoast-schema-graph\">{\"@context\":\"https:\\\/\\\/schema.org\",\"@graph\":[{\"@type\":\"WebPage\",\"@id\":\"https:\\\/\\\/www.sundsornscamping.se\\\/de\\\/ueber-uns\\\/\",\"url\":\"https:\\\/\\\/www.sundsornscamping.se\\\/de\\\/ueber-uns\\\/\",\"name\":\"\u00dcber uns \u2013 Sunds\u00f6rn Camping, Familienunternehmen in vierter Generation\",\"isPartOf\":{\"@id\":\"https:\\\/\\\/www.sundsornscamping.se\\\/de\\\/#website\"},\"datePublished\":\"2018-02-22T07:44:19+00:00\",\"dateModified\":\"2026-04-09T15:45:00+00:00\",\"description\":\"Sunds\u00f6rn Camping wird von der Familie Abrahamsson gef\u00fchrt und ist ein Familienunternehmen in vierter Generation. Uns treiben gro\u00dfes Engagement, Herz und Service f\u00fcr unsere G\u00e4ste an \u2013 das zeigt sich am hohen Anteil an Stammg\u00e4sten, Jahr f\u00fcr Jahr. F\u00fcr Buchungen und weitere Fragen ruf 0501-393150 an oder schreib an info@sundsornscamping.se\",\"breadcrumb\":{\"@id\":\"https:\\\/\\\/www.sundsornscamping.se\\\/de\\\/ueber-uns\\\/#breadcrumb\"},\"inLanguage\":\"de\",\"potentialAction\":[{\"@type\":\"ReadAction\",\"target\":[\"https:\\\/\\\/www.sundsornscamping.se\\\/de\\\/ueber-uns\\\/\"]}]},{\"@type\":\"BreadcrumbList\",\"@id\":\"https:\\\/\\\/www.sundsornscamping.se\\\/de\\\/ueber-uns\\\/#breadcrumb\",\"itemListElement\":[{\"@type\":\"ListItem\",\"position\":1,\"name\":\"Hem\",\"item\":\"https:\\\/\\\/www.sundsornscamping.se\\\/de\\\/\"},{\"@type\":\"ListItem\",\"position\":2,\"name\":\"\u00dcber uns\"}]},{\"@type\":\"WebSite\",\"@id\":\"https:\\\/\\\/www.sundsornscamping.se\\\/de\\\/#website\",\"url\":\"https:\\\/\\\/www.sundsornscamping.se\\\/de\\\/\",\"name\":\"Camping Sunds\u00f6rn - Mariestad\",\"description\":\"Njut av natursk\u00f6n milj\u00f6 \u00e5ret runt, n\u00e4ra Mariestad och Tors\u00f6\",\"potentialAction\":[{\"@type\":\"SearchAction\",\"target\":{\"@type\":\"EntryPoint\",\"urlTemplate\":\"https:\\\/\\\/www.sundsornscamping.se\\\/de\\\/?s={search_term_string}\"},\"query-input\":{\"@type\":\"PropertyValueSpecification\",\"valueRequired\":true,\"valueName\":\"search_term_string\"}}],\"inLanguage\":\"de\"}]}<\/script>\n<!-- \/ Yoast SEO plugin. -->","yoast_head_json":{"title":"\u00dcber uns \u2013 Sunds\u00f6rn Camping, Familienunternehmen in vierter Generation","description":"Sunds\u00f6rn Camping wird von der Familie Abrahamsson gef\u00fchrt und ist ein Familienunternehmen in vierter Generation. Uns treiben gro\u00dfes Engagement, Herz und Service f\u00fcr unsere G\u00e4ste an \u2013 das zeigt sich am hohen Anteil an Stammg\u00e4sten, Jahr f\u00fcr Jahr. F\u00fcr Buchungen und weitere Fragen ruf 0501-393150 an oder schreib an info@sundsornscamping.se","robots":{"index":"index","follow":"follow","max-snippet":"max-snippet:-1","max-image-preview":"max-image-preview:large","max-video-preview":"max-video-preview:-1"},"canonical":"https:\/\/www.sundsornscamping.se\/de\/ueber-uns\/","og_locale":"de_DE","og_type":"article","og_title":"\u00dcber uns \u2013 Sunds\u00f6rn Camping, Familienunternehmen in vierter Generation","og_description":"Sunds\u00f6rn Camping wird von der Familie Abrahamsson gef\u00fchrt und ist ein Familienunternehmen in vierter Generation. Uns treiben gro\u00dfes Engagement, Herz und Service f\u00fcr unsere G\u00e4ste an \u2013 das zeigt sich am hohen Anteil an Stammg\u00e4sten, Jahr f\u00fcr Jahr. F\u00fcr Buchungen und weitere Fragen ruf 0501-393150 an oder schreib an info@sundsornscamping.se","og_url":"https:\/\/www.sundsornscamping.se\/de\/ueber-uns\/","og_site_name":"Camping Sunds\u00f6rn - Mariestad","article_modified_time":"2026-04-09T15:45:00+00:00","twitter_card":"summary_large_image","twitter_misc":{"Gesch\u00e4tzte Lesezeit":"3\u00a0Minuten"},"schema":{"@context":"https:\/\/schema.org","@graph":[{"@type":"WebPage","@id":"https:\/\/www.sundsornscamping.se\/de\/ueber-uns\/","url":"https:\/\/www.sundsornscamping.se\/de\/ueber-uns\/","name":"\u00dcber uns \u2013 Sunds\u00f6rn Camping, Familienunternehmen in vierter Generation","isPartOf":{"@id":"https:\/\/www.sundsornscamping.se\/de\/#website"},"datePublished":"2018-02-22T07:44:19+00:00","dateModified":"2026-04-09T15:45:00+00:00","description":"Sunds\u00f6rn Camping wird von der Familie Abrahamsson gef\u00fchrt und ist ein Familienunternehmen in vierter Generation. Uns treiben gro\u00dfes Engagement, Herz und Service f\u00fcr unsere G\u00e4ste an \u2013 das zeigt sich am hohen Anteil an Stammg\u00e4sten, Jahr f\u00fcr Jahr. F\u00fcr Buchungen und weitere Fragen ruf 0501-393150 an oder schreib an info@sundsornscamping.se","breadcrumb":{"@id":"https:\/\/www.sundsornscamping.se\/de\/ueber-uns\/#breadcrumb"},"inLanguage":"de","potentialAction":[{"@type":"ReadAction","target":["https:\/\/www.sundsornscamping.se\/de\/ueber-uns\/"]}]},{"@type":"BreadcrumbList","@id":"https:\/\/www.sundsornscamping.se\/de\/ueber-uns\/#breadcrumb","itemListElement":[{"@type":"ListItem","position":1,"name":"Hem","item":"https:\/\/www.sundsornscamping.se\/de\/"},{"@type":"ListItem","position":2,"name":"\u00dcber uns"}]},{"@type":"WebSite","@id":"https:\/\/www.sundsornscamping.se\/de\/#website","url":"https:\/\/www.sundsornscamping.se\/de\/","name":"Camping Sunds\u00f6rn - Mariestad","description":"Njut av natursk\u00f6n milj\u00f6 \u00e5ret runt, n\u00e4ra Mariestad och Tors\u00f6","potentialAction":[{"@type":"SearchAction","target":{"@type":"EntryPoint","urlTemplate":"https:\/\/www.sundsornscamping.se\/de\/?s={search_term_string}"},"query-input":{"@type":"PropertyValueSpecification","valueRequired":true,"valueName":"search_term_string"}}],"inLanguage":"de"}]}},"_links":{"self":[{"href":"https:\/\/www.sundsornscamping.se\/de\/wp-json\/wp\/v2\/pages\/25708","targetHints":{"allow":["GET"]}}],"collection":[{"href":"https:\/\/www.sundsornscamping.se\/de\/wp-json\/wp\/v2\/pages"}],"about":[{"href":"https:\/\/www.sundsornscamping.se\/de\/wp-json\/wp\/v2\/types\/page"}],"author":[{"embeddable":true,"href":"https:\/\/www.sundsornscamping.se\/de\/wp-json\/wp\/v2\/users\/3"}],"replies":[{"embeddable":true,"href":"https:\/\/www.sundsornscamping.se\/de\/wp-json\/wp\/v2\/comments?post=25708"}],"version-history":[{"count":4,"href":"https:\/\/www.sundsornscamping.se\/de\/wp-json\/wp\/v2\/pages\/25708\/revisions"}],"predecessor-version":[{"id":25864,"href":"https:\/\/www.sundsornscamping.se\/de\/wp-json\/wp\/v2\/pages\/25708\/revisions\/25864"}],"wp:attachment":[{"href":"https:\/\/www.sundsornscamping.se\/de\/wp-json\/wp\/v2\/media?parent=25708"}],"curies":[{"name":"wp","href":"https:\/\/api.w.org\/{rel}","templated":true}]}}