{"id":25527,"date":"2025-03-31T14:18:29","date_gmt":"2025-03-31T12:18:29","guid":{"rendered":"https:\/\/www.sundsornscamping.se\/boka\/fahrrad-mieten\/"},"modified":"2026-04-10T11:42:51","modified_gmt":"2026-04-10T09:42:51","slug":"fahrrad-mieten","status":"publish","type":"product","link":"https:\/\/www.sundsornscamping.se\/de\/buchen\/fahrrad-mieten\/","title":{"rendered":"Fahrrad mieten"},"content":{"rendered":"<h2>Mietbedingungen f\u00fcr Fahrr\u00e4der<\/h2>\n<ol>\n<li>Verantwortung des Mieters<br \/>\nDer Mieter tr\u00e4gt die volle Verantwortung f\u00fcr das Fahrrad und eventuell dazugeh\u00f6rige Ausr\u00fcstung ab \u00dcbernahme bis zur R\u00fcckgabe.<\/li>\n<li>Sch\u00e4den am Fahrrad<br \/>\n\u2022 Normale Abnutzung wie Verschmutzung oder abgesprungene Kette liegt nicht in der Verantwortung des Mieters.<br \/>\n\u2022 Alle Sch\u00e4den, die durch Fahrl\u00e4ssigkeit, Unachtsamkeit oder unsachgem\u00e4\u00dfe Nutzung entstehen, werden dem Mieter zu den tats\u00e4chlichen Reparaturkosten in Rechnung gestellt.<br \/>\n\u2022 Wird das Fahrrad w\u00e4hrend der Mietzeit mutwillig besch\u00e4digt, ist der Mieter ersatzpflichtig, sofern keine angemessenen Schutzma\u00dfnahmen nachgewiesen werden k\u00f6nnen.<\/li>\n<li>Diebstahl<br \/>\n\u2022 Das Fahrrad muss abgeschlossen sein, wenn es unbeaufsichtigt abgestellt wird.<br \/>\n\u2022 Bei Diebstahl wird dem Mieter der aktuelle Marktwert des Fahrrads in Rechnung gestellt, sofern nicht nachgewiesen werden kann, dass der Diebstahl trotz korrekter Absicherung und Aufbewahrung erfolgt ist.<br \/>\n\u2022 Bei Diebstahl ist innerhalb von 24 Stunden eine Polizeianzeige zu erstatten, und eine Kopie der Anzeige ist dem Vermieter vorzulegen.<\/li>\n<li>Sonstige Ausr\u00fcstung<br \/>\n\u2022 Alle sonstigen Ausr\u00fcstungsgegenst\u00e4nde, die zusammen mit dem Fahrrad gemietet werden \u2013 z. B. Helm, Kindersitz, Schloss, Werkzeug oder Fahrradkorb \u2013 unterliegen denselben Bedingungen wie das Fahrrad.<br \/>\n\u2022 Bei Besch\u00e4digung, Verlust oder Diebstahl solcher Ausr\u00fcstung wird dem Mieter der Marktwert der Ausr\u00fcstung in Rechnung gestellt.<\/li>\n<li>R\u00fcckgabe<br \/>\n\u2022 Das Fahrrad und eventuelle Ausr\u00fcstung sind zur vereinbarten Zeit und am vereinbarten Ort zur\u00fcckzugeben.<br \/>\n\u2022 Versp\u00e4tete R\u00fcckgabe wird mit 100 kr pro Stunde berechnet.<br \/>\n\u2022 Wird das Fahrrad oder die Ausr\u00fcstung nicht innerhalb von 24 Stunden nach vereinbarter Zeit zur\u00fcckgegeben, gilt es als verschwunden, und dem Mieter wird gem\u00e4\u00df Punkt 3 und 4 in Rechnung gestellt.<\/li>\n<li>Anerkennung der Bedingungen<br \/>\n<strong>Durch die Anmietung des Fahrrads und eventueller Ausr\u00fcstung best\u00e4tigt der Mieter, dass er diese Bedingungen zur Kenntnis genommen und vollst\u00e4ndig akzeptiert hat.<\/strong><\/li>\n<\/ol>\n","protected":false},"excerpt":{"rendered":"<p>Nutze die Gelegenheit, ein Fahrrad zu mieten und die sch\u00f6ne Umgebung zu erkunden.<\/p>\n","protected":false},"featured_media":22252,"template":"","meta":[],"product_brand":[],"product_cat":[103],"product_tag":[],"class_list":{"0":"post-25527","1":"product","2":"type-product","3":"status-publish","4":"has-post-thumbnail","6":"product_cat-fahrrad","8":"first","9":"instock","10":"sold-individually","11":"taxable","12":"shipping-taxable","13":"purchasable","14":"product-type-phive_booking"},"yoast_head":"<!-- This site is optimized with the Yoast SEO plugin v27.4 - https:\/\/yoast.com\/product\/yoast-seo-wordpress\/ -->\n<title>Fahrrad mieten - Camping Sunds\u00f6rn - Mariestad<\/title>\n<meta name=\"robots\" content=\"index, follow, max-snippet:-1, max-image-preview:large, max-video-preview:-1\" \/>\n<link rel=\"canonical\" href=\"https:\/\/www.sundsornscamping.se\/de\/buchen\/fahrrad-mieten\/\" \/>\n<meta property=\"og:locale\" content=\"de_DE\" \/>\n<meta property=\"og:type\" content=\"article\" \/>\n<meta property=\"og:title\" content=\"Fahrrad mieten - Camping Sunds\u00f6rn - Mariestad\" \/>\n<meta property=\"og:description\" content=\"Nutze die Gelegenheit, ein Fahrrad zu mieten und die sch\u00f6ne Umgebung zu erkunden.\" \/>\n<meta property=\"og:url\" content=\"https:\/\/www.sundsornscamping.se\/de\/buchen\/fahrrad-mieten\/\" \/>\n<meta property=\"og:site_name\" content=\"Camping Sunds\u00f6rn - Mariestad\" \/>\n<meta property=\"article:modified_time\" content=\"2026-04-10T09:42:51+00:00\" \/>\n<meta property=\"og:image\" content=\"https:\/\/www.sundsornscamping.se\/wp-content\/uploads\/2025\/03\/53-2805-0301-2347-70-01-1.jpg\" \/>\n\t<meta property=\"og:image:width\" content=\"1280\" \/>\n\t<meta property=\"og:image:height\" content=\"848\" \/>\n\t<meta property=\"og:image:type\" content=\"image\/jpeg\" \/>\n<meta name=\"twitter:card\" content=\"summary_large_image\" \/>\n<meta name=\"twitter:label1\" content=\"Gesch\u00e4tzte Lesezeit\" \/>\n\t<meta name=\"twitter:data1\" content=\"1\u00a0Minute\" \/>\n<script type=\"application\/ld+json\" class=\"yoast-schema-graph\">{\"@context\":\"https:\\\/\\\/schema.org\",\"@graph\":[{\"@type\":\"WebPage\",\"@id\":\"https:\\\/\\\/www.sundsornscamping.se\\\/de\\\/buchen\\\/fahrrad-mieten\\\/\",\"url\":\"https:\\\/\\\/www.sundsornscamping.se\\\/de\\\/buchen\\\/fahrrad-mieten\\\/\",\"name\":\"Fahrrad mieten - Camping Sunds\u00f6rn - Mariestad\",\"isPartOf\":{\"@id\":\"https:\\\/\\\/www.sundsornscamping.se\\\/de\\\/#website\"},\"primaryImageOfPage\":{\"@id\":\"https:\\\/\\\/www.sundsornscamping.se\\\/de\\\/buchen\\\/fahrrad-mieten\\\/#primaryimage\"},\"image\":{\"@id\":\"https:\\\/\\\/www.sundsornscamping.se\\\/de\\\/buchen\\\/fahrrad-mieten\\\/#primaryimage\"},\"thumbnailUrl\":\"https:\\\/\\\/www.sundsornscamping.se\\\/wp-content\\\/uploads\\\/2025\\\/03\\\/53-2805-0301-2347-70-01-1.jpg\",\"datePublished\":\"2025-03-31T12:18:29+00:00\",\"dateModified\":\"2026-04-10T09:42:51+00:00\",\"breadcrumb\":{\"@id\":\"https:\\\/\\\/www.sundsornscamping.se\\\/de\\\/buchen\\\/fahrrad-mieten\\\/#breadcrumb\"},\"inLanguage\":\"de\",\"potentialAction\":[{\"@type\":\"ReadAction\",\"target\":[\"https:\\\/\\\/www.sundsornscamping.se\\\/de\\\/buchen\\\/fahrrad-mieten\\\/\"]}]},{\"@type\":\"ImageObject\",\"inLanguage\":\"de\",\"@id\":\"https:\\\/\\\/www.sundsornscamping.se\\\/de\\\/buchen\\\/fahrrad-mieten\\\/#primaryimage\",\"url\":\"https:\\\/\\\/www.sundsornscamping.se\\\/wp-content\\\/uploads\\\/2025\\\/03\\\/53-2805-0301-2347-70-01-1.jpg\",\"contentUrl\":\"https:\\\/\\\/www.sundsornscamping.se\\\/wp-content\\\/uploads\\\/2025\\\/03\\\/53-2805-0301-2347-70-01-1.jpg\",\"width\":1280,\"height\":848},{\"@type\":\"BreadcrumbList\",\"@id\":\"https:\\\/\\\/www.sundsornscamping.se\\\/de\\\/buchen\\\/fahrrad-mieten\\\/#breadcrumb\",\"itemListElement\":[{\"@type\":\"ListItem\",\"position\":1,\"name\":\"Hem\",\"item\":\"https:\\\/\\\/www.sundsornscamping.se\\\/de\\\/\"},{\"@type\":\"ListItem\",\"position\":2,\"name\":\"Shop\",\"item\":\"https:\\\/\\\/www.sundsornscamping.se\\\/de\\\/shop\\\/\"},{\"@type\":\"ListItem\",\"position\":3,\"name\":\"Fahrrad mieten\"}]},{\"@type\":\"WebSite\",\"@id\":\"https:\\\/\\\/www.sundsornscamping.se\\\/de\\\/#website\",\"url\":\"https:\\\/\\\/www.sundsornscamping.se\\\/de\\\/\",\"name\":\"Camping Sunds\u00f6rn - Mariestad\",\"description\":\"Njut av natursk\u00f6n milj\u00f6 \u00e5ret runt, n\u00e4ra Mariestad och Tors\u00f6\",\"potentialAction\":[{\"@type\":\"SearchAction\",\"target\":{\"@type\":\"EntryPoint\",\"urlTemplate\":\"https:\\\/\\\/www.sundsornscamping.se\\\/de\\\/?s={search_term_string}\"},\"query-input\":{\"@type\":\"PropertyValueSpecification\",\"valueRequired\":true,\"valueName\":\"search_term_string\"}}],\"inLanguage\":\"de\"}]}<\/script>\n<!-- \/ Yoast SEO plugin. -->","yoast_head_json":{"title":"Fahrrad mieten - Camping Sunds\u00f6rn - Mariestad","robots":{"index":"index","follow":"follow","max-snippet":"max-snippet:-1","max-image-preview":"max-image-preview:large","max-video-preview":"max-video-preview:-1"},"canonical":"https:\/\/www.sundsornscamping.se\/de\/buchen\/fahrrad-mieten\/","og_locale":"de_DE","og_type":"article","og_title":"Fahrrad mieten - Camping Sunds\u00f6rn - Mariestad","og_description":"Nutze die Gelegenheit, ein Fahrrad zu mieten und die sch\u00f6ne Umgebung zu erkunden.","og_url":"https:\/\/www.sundsornscamping.se\/de\/buchen\/fahrrad-mieten\/","og_site_name":"Camping Sunds\u00f6rn - Mariestad","article_modified_time":"2026-04-10T09:42:51+00:00","og_image":[{"width":1280,"height":848,"url":"https:\/\/www.sundsornscamping.se\/wp-content\/uploads\/2025\/03\/53-2805-0301-2347-70-01-1.jpg","type":"image\/jpeg"}],"twitter_card":"summary_large_image","twitter_misc":{"Gesch\u00e4tzte Lesezeit":"1\u00a0Minute"},"schema":{"@context":"https:\/\/schema.org","@graph":[{"@type":"WebPage","@id":"https:\/\/www.sundsornscamping.se\/de\/buchen\/fahrrad-mieten\/","url":"https:\/\/www.sundsornscamping.se\/de\/buchen\/fahrrad-mieten\/","name":"Fahrrad mieten - Camping Sunds\u00f6rn - Mariestad","isPartOf":{"@id":"https:\/\/www.sundsornscamping.se\/de\/#website"},"primaryImageOfPage":{"@id":"https:\/\/www.sundsornscamping.se\/de\/buchen\/fahrrad-mieten\/#primaryimage"},"image":{"@id":"https:\/\/www.sundsornscamping.se\/de\/buchen\/fahrrad-mieten\/#primaryimage"},"thumbnailUrl":"https:\/\/www.sundsornscamping.se\/wp-content\/uploads\/2025\/03\/53-2805-0301-2347-70-01-1.jpg","datePublished":"2025-03-31T12:18:29+00:00","dateModified":"2026-04-10T09:42:51+00:00","breadcrumb":{"@id":"https:\/\/www.sundsornscamping.se\/de\/buchen\/fahrrad-mieten\/#breadcrumb"},"inLanguage":"de","potentialAction":[{"@type":"ReadAction","target":["https:\/\/www.sundsornscamping.se\/de\/buchen\/fahrrad-mieten\/"]}]},{"@type":"ImageObject","inLanguage":"de","@id":"https:\/\/www.sundsornscamping.se\/de\/buchen\/fahrrad-mieten\/#primaryimage","url":"https:\/\/www.sundsornscamping.se\/wp-content\/uploads\/2025\/03\/53-2805-0301-2347-70-01-1.jpg","contentUrl":"https:\/\/www.sundsornscamping.se\/wp-content\/uploads\/2025\/03\/53-2805-0301-2347-70-01-1.jpg","width":1280,"height":848},{"@type":"BreadcrumbList","@id":"https:\/\/www.sundsornscamping.se\/de\/buchen\/fahrrad-mieten\/#breadcrumb","itemListElement":[{"@type":"ListItem","position":1,"name":"Hem","item":"https:\/\/www.sundsornscamping.se\/de\/"},{"@type":"ListItem","position":2,"name":"Shop","item":"https:\/\/www.sundsornscamping.se\/de\/shop\/"},{"@type":"ListItem","position":3,"name":"Fahrrad mieten"}]},{"@type":"WebSite","@id":"https:\/\/www.sundsornscamping.se\/de\/#website","url":"https:\/\/www.sundsornscamping.se\/de\/","name":"Camping Sunds\u00f6rn - Mariestad","description":"Njut av natursk\u00f6n milj\u00f6 \u00e5ret runt, n\u00e4ra Mariestad och Tors\u00f6","potentialAction":[{"@type":"SearchAction","target":{"@type":"EntryPoint","urlTemplate":"https:\/\/www.sundsornscamping.se\/de\/?s={search_term_string}"},"query-input":{"@type":"PropertyValueSpecification","valueRequired":true,"valueName":"search_term_string"}}],"inLanguage":"de"}]}},"_links":{"self":[{"href":"https:\/\/www.sundsornscamping.se\/de\/wp-json\/wp\/v2\/product\/25527","targetHints":{"allow":["GET"]}}],"collection":[{"href":"https:\/\/www.sundsornscamping.se\/de\/wp-json\/wp\/v2\/product"}],"about":[{"href":"https:\/\/www.sundsornscamping.se\/de\/wp-json\/wp\/v2\/types\/product"}],"wp:featuredmedia":[{"embeddable":true,"href":"https:\/\/www.sundsornscamping.se\/de\/wp-json\/wp\/v2\/media\/22252"}],"wp:attachment":[{"href":"https:\/\/www.sundsornscamping.se\/de\/wp-json\/wp\/v2\/media?parent=25527"}],"wp:term":[{"taxonomy":"product_brand","embeddable":true,"href":"https:\/\/www.sundsornscamping.se\/de\/wp-json\/wp\/v2\/product_brand?post=25527"},{"taxonomy":"product_cat","embeddable":true,"href":"https:\/\/www.sundsornscamping.se\/de\/wp-json\/wp\/v2\/product_cat?post=25527"},{"taxonomy":"product_tag","embeddable":true,"href":"https:\/\/www.sundsornscamping.se\/de\/wp-json\/wp\/v2\/product_tag?post=25527"}],"curies":[{"name":"wp","href":"https:\/\/api.w.org\/{rel}","templated":true}]}}