{"id":25531,"date":"2022-04-05T10:43:59","date_gmt":"2022-04-05T08:43:59","guid":{"rendered":"https:\/\/www.sundsornscamping.se\/boka\/buche-zeltplatz\/"},"modified":"2026-04-10T11:42:53","modified_gmt":"2026-04-10T09:42:53","slug":"buche-zeltplatz","status":"publish","type":"product","link":"https:\/\/www.sundsornscamping.se\/de\/buchen\/buche-zeltplatz\/","title":{"rendered":"Buche Zeltplatz"},"content":{"rendered":"","protected":false},"excerpt":{"rendered":"<p><strong>Zeltpl\u00e4tze gelten f\u00fcr die Pl\u00e4tze 41 und 78<\/strong><\/p>\n<p>Der Campingplatz liegt mit Blick auf den sch\u00f6nen V\u00e4nern und Mariestad. Auf dem Gel\u00e4nde gibt es einen Fu\u00dfballplatz, eine Seilbahn und einen Spielplatz direkt an der Badebucht. <\/p>\n<p>Stornierungen m\u00fcssen sp\u00e4testens 5 Tage vor der voraussichtlichen Ankunftszeit erfolgen.<\/p>\n","protected":false},"featured_media":2191,"template":"","meta":[],"product_brand":[],"product_cat":[102],"product_tag":[],"class_list":{"0":"post-25531","1":"product","2":"type-product","3":"status-publish","4":"has-post-thumbnail","6":"product_cat-camping","8":"first","9":"instock","10":"sold-individually","11":"taxable","12":"shipping-taxable","13":"purchasable","14":"product-type-phive_booking"},"yoast_head":"<!-- This site is optimized with the Yoast SEO plugin v27.4 - https:\/\/yoast.com\/product\/yoast-seo-wordpress\/ -->\n<title>Buche Zeltplatz - Camping Sunds\u00f6rn - Mariestad<\/title>\n<meta name=\"robots\" content=\"index, follow, max-snippet:-1, max-image-preview:large, max-video-preview:-1\" \/>\n<link rel=\"canonical\" href=\"https:\/\/www.sundsornscamping.se\/de\/buchen\/buche-zeltplatz\/\" \/>\n<meta property=\"og:locale\" content=\"de_DE\" \/>\n<meta property=\"og:type\" content=\"article\" \/>\n<meta property=\"og:title\" content=\"Buche Zeltplatz - Camping Sunds\u00f6rn - Mariestad\" \/>\n<meta property=\"og:description\" content=\"Zeltpl\u00e4tze gelten f\u00fcr die Pl\u00e4tze 41 und 78 Der Campingplatz liegt mit Blick auf den sch\u00f6nen V\u00e4nern und Mariestad. Auf dem Gel\u00e4nde gibt es einen Fu\u00dfballplatz, eine Seilbahn und einen Spielplatz direkt an der Badebucht.  Stornierungen m\u00fcssen sp\u00e4testens 5 Tage vor der voraussichtlichen Ankunftszeit erfolgen.\" \/>\n<meta property=\"og:url\" content=\"https:\/\/www.sundsornscamping.se\/de\/buchen\/buche-zeltplatz\/\" \/>\n<meta property=\"og:site_name\" content=\"Camping Sunds\u00f6rn - Mariestad\" \/>\n<meta property=\"article:modified_time\" content=\"2026-04-10T09:42:53+00:00\" \/>\n<meta property=\"og:image\" content=\"https:\/\/www.sundsornscamping.se\/wp-content\/uploads\/2020\/09\/Sundsorn-Brygghuset-dronarbilder-2.jpg\" \/>\n\t<meta property=\"og:image:width\" content=\"1920\" \/>\n\t<meta property=\"og:image:height\" content=\"1279\" \/>\n\t<meta property=\"og:image:type\" content=\"image\/jpeg\" \/>\n<meta name=\"twitter:card\" content=\"summary_large_image\" \/>\n<script type=\"application\/ld+json\" class=\"yoast-schema-graph\">{\"@context\":\"https:\\\/\\\/schema.org\",\"@graph\":[{\"@type\":\"WebPage\",\"@id\":\"https:\\\/\\\/www.sundsornscamping.se\\\/de\\\/buchen\\\/buche-zeltplatz\\\/\",\"url\":\"https:\\\/\\\/www.sundsornscamping.se\\\/de\\\/buchen\\\/buche-zeltplatz\\\/\",\"name\":\"Buche Zeltplatz - Camping Sunds\u00f6rn - Mariestad\",\"isPartOf\":{\"@id\":\"https:\\\/\\\/www.sundsornscamping.se\\\/de\\\/#website\"},\"primaryImageOfPage\":{\"@id\":\"https:\\\/\\\/www.sundsornscamping.se\\\/de\\\/buchen\\\/buche-zeltplatz\\\/#primaryimage\"},\"image\":{\"@id\":\"https:\\\/\\\/www.sundsornscamping.se\\\/de\\\/buchen\\\/buche-zeltplatz\\\/#primaryimage\"},\"thumbnailUrl\":\"https:\\\/\\\/www.sundsornscamping.se\\\/wp-content\\\/uploads\\\/2020\\\/09\\\/Sundsorn-Brygghuset-dronarbilder-2.jpg\",\"datePublished\":\"2022-04-05T08:43:59+00:00\",\"dateModified\":\"2026-04-10T09:42:53+00:00\",\"breadcrumb\":{\"@id\":\"https:\\\/\\\/www.sundsornscamping.se\\\/de\\\/buchen\\\/buche-zeltplatz\\\/#breadcrumb\"},\"inLanguage\":\"de\",\"potentialAction\":[{\"@type\":\"ReadAction\",\"target\":[\"https:\\\/\\\/www.sundsornscamping.se\\\/de\\\/buchen\\\/buche-zeltplatz\\\/\"]}]},{\"@type\":\"ImageObject\",\"inLanguage\":\"de\",\"@id\":\"https:\\\/\\\/www.sundsornscamping.se\\\/de\\\/buchen\\\/buche-zeltplatz\\\/#primaryimage\",\"url\":\"https:\\\/\\\/www.sundsornscamping.se\\\/wp-content\\\/uploads\\\/2020\\\/09\\\/Sundsorn-Brygghuset-dronarbilder-2.jpg\",\"contentUrl\":\"https:\\\/\\\/www.sundsornscamping.se\\\/wp-content\\\/uploads\\\/2020\\\/09\\\/Sundsorn-Brygghuset-dronarbilder-2.jpg\",\"width\":1920,\"height\":1279},{\"@type\":\"BreadcrumbList\",\"@id\":\"https:\\\/\\\/www.sundsornscamping.se\\\/de\\\/buchen\\\/buche-zeltplatz\\\/#breadcrumb\",\"itemListElement\":[{\"@type\":\"ListItem\",\"position\":1,\"name\":\"Hem\",\"item\":\"https:\\\/\\\/www.sundsornscamping.se\\\/de\\\/\"},{\"@type\":\"ListItem\",\"position\":2,\"name\":\"Shop\",\"item\":\"https:\\\/\\\/www.sundsornscamping.se\\\/de\\\/shop\\\/\"},{\"@type\":\"ListItem\",\"position\":3,\"name\":\"Buche Zeltplatz\"}]},{\"@type\":\"WebSite\",\"@id\":\"https:\\\/\\\/www.sundsornscamping.se\\\/de\\\/#website\",\"url\":\"https:\\\/\\\/www.sundsornscamping.se\\\/de\\\/\",\"name\":\"Camping Sunds\u00f6rn - Mariestad\",\"description\":\"Njut av natursk\u00f6n milj\u00f6 \u00e5ret runt, n\u00e4ra Mariestad och Tors\u00f6\",\"potentialAction\":[{\"@type\":\"SearchAction\",\"target\":{\"@type\":\"EntryPoint\",\"urlTemplate\":\"https:\\\/\\\/www.sundsornscamping.se\\\/de\\\/?s={search_term_string}\"},\"query-input\":{\"@type\":\"PropertyValueSpecification\",\"valueRequired\":true,\"valueName\":\"search_term_string\"}}],\"inLanguage\":\"de\"}]}<\/script>\n<!-- \/ Yoast SEO plugin. -->","yoast_head_json":{"title":"Buche Zeltplatz - Camping Sunds\u00f6rn - Mariestad","robots":{"index":"index","follow":"follow","max-snippet":"max-snippet:-1","max-image-preview":"max-image-preview:large","max-video-preview":"max-video-preview:-1"},"canonical":"https:\/\/www.sundsornscamping.se\/de\/buchen\/buche-zeltplatz\/","og_locale":"de_DE","og_type":"article","og_title":"Buche Zeltplatz - Camping Sunds\u00f6rn - Mariestad","og_description":"Zeltpl\u00e4tze gelten f\u00fcr die Pl\u00e4tze 41 und 78 Der Campingplatz liegt mit Blick auf den sch\u00f6nen V\u00e4nern und Mariestad. Auf dem Gel\u00e4nde gibt es einen Fu\u00dfballplatz, eine Seilbahn und einen Spielplatz direkt an der Badebucht.  Stornierungen m\u00fcssen sp\u00e4testens 5 Tage vor der voraussichtlichen Ankunftszeit erfolgen.","og_url":"https:\/\/www.sundsornscamping.se\/de\/buchen\/buche-zeltplatz\/","og_site_name":"Camping Sunds\u00f6rn - Mariestad","article_modified_time":"2026-04-10T09:42:53+00:00","og_image":[{"width":1920,"height":1279,"url":"https:\/\/www.sundsornscamping.se\/wp-content\/uploads\/2020\/09\/Sundsorn-Brygghuset-dronarbilder-2.jpg","type":"image\/jpeg"}],"twitter_card":"summary_large_image","schema":{"@context":"https:\/\/schema.org","@graph":[{"@type":"WebPage","@id":"https:\/\/www.sundsornscamping.se\/de\/buchen\/buche-zeltplatz\/","url":"https:\/\/www.sundsornscamping.se\/de\/buchen\/buche-zeltplatz\/","name":"Buche Zeltplatz - Camping Sunds\u00f6rn - Mariestad","isPartOf":{"@id":"https:\/\/www.sundsornscamping.se\/de\/#website"},"primaryImageOfPage":{"@id":"https:\/\/www.sundsornscamping.se\/de\/buchen\/buche-zeltplatz\/#primaryimage"},"image":{"@id":"https:\/\/www.sundsornscamping.se\/de\/buchen\/buche-zeltplatz\/#primaryimage"},"thumbnailUrl":"https:\/\/www.sundsornscamping.se\/wp-content\/uploads\/2020\/09\/Sundsorn-Brygghuset-dronarbilder-2.jpg","datePublished":"2022-04-05T08:43:59+00:00","dateModified":"2026-04-10T09:42:53+00:00","breadcrumb":{"@id":"https:\/\/www.sundsornscamping.se\/de\/buchen\/buche-zeltplatz\/#breadcrumb"},"inLanguage":"de","potentialAction":[{"@type":"ReadAction","target":["https:\/\/www.sundsornscamping.se\/de\/buchen\/buche-zeltplatz\/"]}]},{"@type":"ImageObject","inLanguage":"de","@id":"https:\/\/www.sundsornscamping.se\/de\/buchen\/buche-zeltplatz\/#primaryimage","url":"https:\/\/www.sundsornscamping.se\/wp-content\/uploads\/2020\/09\/Sundsorn-Brygghuset-dronarbilder-2.jpg","contentUrl":"https:\/\/www.sundsornscamping.se\/wp-content\/uploads\/2020\/09\/Sundsorn-Brygghuset-dronarbilder-2.jpg","width":1920,"height":1279},{"@type":"BreadcrumbList","@id":"https:\/\/www.sundsornscamping.se\/de\/buchen\/buche-zeltplatz\/#breadcrumb","itemListElement":[{"@type":"ListItem","position":1,"name":"Hem","item":"https:\/\/www.sundsornscamping.se\/de\/"},{"@type":"ListItem","position":2,"name":"Shop","item":"https:\/\/www.sundsornscamping.se\/de\/shop\/"},{"@type":"ListItem","position":3,"name":"Buche Zeltplatz"}]},{"@type":"WebSite","@id":"https:\/\/www.sundsornscamping.se\/de\/#website","url":"https:\/\/www.sundsornscamping.se\/de\/","name":"Camping Sunds\u00f6rn - Mariestad","description":"Njut av natursk\u00f6n milj\u00f6 \u00e5ret runt, n\u00e4ra Mariestad och Tors\u00f6","potentialAction":[{"@type":"SearchAction","target":{"@type":"EntryPoint","urlTemplate":"https:\/\/www.sundsornscamping.se\/de\/?s={search_term_string}"},"query-input":{"@type":"PropertyValueSpecification","valueRequired":true,"valueName":"search_term_string"}}],"inLanguage":"de"}]}},"_links":{"self":[{"href":"https:\/\/www.sundsornscamping.se\/de\/wp-json\/wp\/v2\/product\/25531","targetHints":{"allow":["GET"]}}],"collection":[{"href":"https:\/\/www.sundsornscamping.se\/de\/wp-json\/wp\/v2\/product"}],"about":[{"href":"https:\/\/www.sundsornscamping.se\/de\/wp-json\/wp\/v2\/types\/product"}],"wp:featuredmedia":[{"embeddable":true,"href":"https:\/\/www.sundsornscamping.se\/de\/wp-json\/wp\/v2\/media\/2191"}],"wp:attachment":[{"href":"https:\/\/www.sundsornscamping.se\/de\/wp-json\/wp\/v2\/media?parent=25531"}],"wp:term":[{"taxonomy":"product_brand","embeddable":true,"href":"https:\/\/www.sundsornscamping.se\/de\/wp-json\/wp\/v2\/product_brand?post=25531"},{"taxonomy":"product_cat","embeddable":true,"href":"https:\/\/www.sundsornscamping.se\/de\/wp-json\/wp\/v2\/product_cat?post=25531"},{"taxonomy":"product_tag","embeddable":true,"href":"https:\/\/www.sundsornscamping.se\/de\/wp-json\/wp\/v2\/product_tag?post=25531"}],"curies":[{"name":"wp","href":"https:\/\/api.w.org\/{rel}","templated":true}]}}