{"id":25546,"date":"2022-03-22T12:31:38","date_gmt":"2022-03-22T11:31:38","guid":{"rendered":"https:\/\/www.sundsornscamping.se\/boka\/hutte-2-4-betten\/"},"modified":"2026-04-10T11:43:17","modified_gmt":"2026-04-10T09:43:17","slug":"hutte-2-4-betten","status":"publish","type":"product","link":"https:\/\/www.sundsornscamping.se\/de\/buchen\/hutte-2-4-betten\/","title":{"rendered":"H\u00fctte 2, 4 Betten"},"content":{"rendered":"","protected":false},"excerpt":{"rendered":"<p>Es gibt 4 H\u00fctten zur Vermietung, und in naher Zukunft werden weitere gebaut. Drei H\u00fctten sind 15 m\u00b2 gro\u00df und bieten Platz f\u00fcr vier Betten. Diese H\u00fctten liegen auf dem Campinggel\u00e4nde und sind mit Pantryk\u00fcche, Wasserkocher, K\u00fchlschrank mit Gefrierfach und TV ausgestattet. In K\u00fcrze wird Glasfaser angeschlossen. Bettlaken und Kissenbezug kannst du f\u00fcr 75 kr\/Set an der Rezeption mieten. Bei Buchung von sieben N\u00e4chten oder mehr schenken wir dir eine Nacht.     <\/p>\n<p>Die vierte H\u00fctte ist 25 m\u00b2 gro\u00df und bietet ebenfalls vier Betten (ein Etagenbett und ein Schlafsofa) und liegt wundersch\u00f6n am Restaurant und am See. Die H\u00fctte ist mit K\u00fcche, Mikrowelle, Wasserkocher, K\u00fchlschrank mit Gefrierfach und TV ausgestattet. Glasfaser ist angeschlossen. Bettlaken und Kissenbezug kannst du f\u00fcr 75 kr\/Set an der Rezeption mieten. <a href=\"\/product\/hyra-stuga-stor-stuga-4-baddar\/\">Lies mehr und buche die gr\u00f6\u00dfere H\u00fctte hier<\/a>.   <\/p>\n<p>Stornierungen m\u00fcssen sp\u00e4testens 5 Tage vor der voraussichtlichen Ankunftszeit erfolgen.<\/p>\n","protected":false},"featured_media":3936,"template":"","meta":[],"product_brand":[],"product_cat":[97],"product_tag":[],"class_list":{"0":"post-25546","1":"product","2":"type-product","3":"status-publish","4":"has-post-thumbnail","6":"product_cat-hutte","8":"first","9":"instock","10":"sold-individually","11":"taxable","12":"shipping-taxable","13":"purchasable","14":"product-type-phive_booking"},"yoast_head":"<!-- This site is optimized with the Yoast SEO plugin v27.4 - https:\/\/yoast.com\/product\/yoast-seo-wordpress\/ -->\n<title>H\u00fctte 2, 4 Betten - Camping Sunds\u00f6rn - Mariestad<\/title>\n<meta name=\"description\" content=\"-1389\" \/>\n<meta name=\"robots\" content=\"index, follow, max-snippet:-1, max-image-preview:large, max-video-preview:-1\" \/>\n<link rel=\"canonical\" href=\"https:\/\/www.sundsornscamping.se\/de\/buchen\/hutte-2-4-betten\/\" \/>\n<meta property=\"og:locale\" content=\"de_DE\" \/>\n<meta property=\"og:type\" content=\"article\" \/>\n<meta property=\"og:title\" content=\"H\u00fctte 2, 4 Betten - Camping Sunds\u00f6rn - Mariestad\" \/>\n<meta property=\"og:description\" content=\"-1389\" \/>\n<meta property=\"og:url\" content=\"https:\/\/www.sundsornscamping.se\/de\/buchen\/hutte-2-4-betten\/\" \/>\n<meta property=\"og:site_name\" content=\"Camping Sunds\u00f6rn - Mariestad\" \/>\n<meta property=\"article:modified_time\" content=\"2026-04-10T09:43:17+00:00\" \/>\n<meta property=\"og:image\" content=\"https:\/\/www.sundsornscamping.se\/wp-content\/uploads\/2022\/03\/Stuga-2.jpg\" \/>\n\t<meta property=\"og:image:width\" content=\"750\" \/>\n\t<meta property=\"og:image:height\" content=\"1000\" \/>\n\t<meta property=\"og:image:type\" content=\"image\/jpeg\" \/>\n<meta name=\"twitter:card\" content=\"summary_large_image\" \/>\n<script type=\"application\/ld+json\" class=\"yoast-schema-graph\">{\"@context\":\"https:\\\/\\\/schema.org\",\"@graph\":[{\"@type\":\"WebPage\",\"@id\":\"https:\\\/\\\/www.sundsornscamping.se\\\/de\\\/buchen\\\/hutte-2-4-betten\\\/\",\"url\":\"https:\\\/\\\/www.sundsornscamping.se\\\/de\\\/buchen\\\/hutte-2-4-betten\\\/\",\"name\":\"H\u00fctte 2, 4 Betten - Camping Sunds\u00f6rn - Mariestad\",\"isPartOf\":{\"@id\":\"https:\\\/\\\/www.sundsornscamping.se\\\/de\\\/#website\"},\"primaryImageOfPage\":{\"@id\":\"https:\\\/\\\/www.sundsornscamping.se\\\/de\\\/buchen\\\/hutte-2-4-betten\\\/#primaryimage\"},\"image\":{\"@id\":\"https:\\\/\\\/www.sundsornscamping.se\\\/de\\\/buchen\\\/hutte-2-4-betten\\\/#primaryimage\"},\"thumbnailUrl\":\"https:\\\/\\\/www.sundsornscamping.se\\\/wp-content\\\/uploads\\\/2022\\\/03\\\/Stuga-2.jpg\",\"datePublished\":\"2022-03-22T11:31:38+00:00\",\"dateModified\":\"2026-04-10T09:43:17+00:00\",\"description\":\"-1389\",\"breadcrumb\":{\"@id\":\"https:\\\/\\\/www.sundsornscamping.se\\\/de\\\/buchen\\\/hutte-2-4-betten\\\/#breadcrumb\"},\"inLanguage\":\"de\",\"potentialAction\":[{\"@type\":\"ReadAction\",\"target\":[\"https:\\\/\\\/www.sundsornscamping.se\\\/de\\\/buchen\\\/hutte-2-4-betten\\\/\"]}]},{\"@type\":\"ImageObject\",\"inLanguage\":\"de\",\"@id\":\"https:\\\/\\\/www.sundsornscamping.se\\\/de\\\/buchen\\\/hutte-2-4-betten\\\/#primaryimage\",\"url\":\"https:\\\/\\\/www.sundsornscamping.se\\\/wp-content\\\/uploads\\\/2022\\\/03\\\/Stuga-2.jpg\",\"contentUrl\":\"https:\\\/\\\/www.sundsornscamping.se\\\/wp-content\\\/uploads\\\/2022\\\/03\\\/Stuga-2.jpg\",\"width\":750,\"height\":1000},{\"@type\":\"BreadcrumbList\",\"@id\":\"https:\\\/\\\/www.sundsornscamping.se\\\/de\\\/buchen\\\/hutte-2-4-betten\\\/#breadcrumb\",\"itemListElement\":[{\"@type\":\"ListItem\",\"position\":1,\"name\":\"Hem\",\"item\":\"https:\\\/\\\/www.sundsornscamping.se\\\/de\\\/\"},{\"@type\":\"ListItem\",\"position\":2,\"name\":\"Shop\",\"item\":\"https:\\\/\\\/www.sundsornscamping.se\\\/de\\\/shop\\\/\"},{\"@type\":\"ListItem\",\"position\":3,\"name\":\"H\u00fctte 2, 4 Betten\"}]},{\"@type\":\"WebSite\",\"@id\":\"https:\\\/\\\/www.sundsornscamping.se\\\/de\\\/#website\",\"url\":\"https:\\\/\\\/www.sundsornscamping.se\\\/de\\\/\",\"name\":\"Camping Sunds\u00f6rn - Mariestad\",\"description\":\"Njut av natursk\u00f6n milj\u00f6 \u00e5ret runt, n\u00e4ra Mariestad och Tors\u00f6\",\"potentialAction\":[{\"@type\":\"SearchAction\",\"target\":{\"@type\":\"EntryPoint\",\"urlTemplate\":\"https:\\\/\\\/www.sundsornscamping.se\\\/de\\\/?s={search_term_string}\"},\"query-input\":{\"@type\":\"PropertyValueSpecification\",\"valueRequired\":true,\"valueName\":\"search_term_string\"}}],\"inLanguage\":\"de\"}]}<\/script>\n<!-- \/ Yoast SEO plugin. -->","yoast_head_json":{"title":"H\u00fctte 2, 4 Betten - Camping Sunds\u00f6rn - Mariestad","description":"-1389","robots":{"index":"index","follow":"follow","max-snippet":"max-snippet:-1","max-image-preview":"max-image-preview:large","max-video-preview":"max-video-preview:-1"},"canonical":"https:\/\/www.sundsornscamping.se\/de\/buchen\/hutte-2-4-betten\/","og_locale":"de_DE","og_type":"article","og_title":"H\u00fctte 2, 4 Betten - Camping Sunds\u00f6rn - Mariestad","og_description":"-1389","og_url":"https:\/\/www.sundsornscamping.se\/de\/buchen\/hutte-2-4-betten\/","og_site_name":"Camping Sunds\u00f6rn - Mariestad","article_modified_time":"2026-04-10T09:43:17+00:00","og_image":[{"width":750,"height":1000,"url":"https:\/\/www.sundsornscamping.se\/wp-content\/uploads\/2022\/03\/Stuga-2.jpg","type":"image\/jpeg"}],"twitter_card":"summary_large_image","schema":{"@context":"https:\/\/schema.org","@graph":[{"@type":"WebPage","@id":"https:\/\/www.sundsornscamping.se\/de\/buchen\/hutte-2-4-betten\/","url":"https:\/\/www.sundsornscamping.se\/de\/buchen\/hutte-2-4-betten\/","name":"H\u00fctte 2, 4 Betten - Camping Sunds\u00f6rn - Mariestad","isPartOf":{"@id":"https:\/\/www.sundsornscamping.se\/de\/#website"},"primaryImageOfPage":{"@id":"https:\/\/www.sundsornscamping.se\/de\/buchen\/hutte-2-4-betten\/#primaryimage"},"image":{"@id":"https:\/\/www.sundsornscamping.se\/de\/buchen\/hutte-2-4-betten\/#primaryimage"},"thumbnailUrl":"https:\/\/www.sundsornscamping.se\/wp-content\/uploads\/2022\/03\/Stuga-2.jpg","datePublished":"2022-03-22T11:31:38+00:00","dateModified":"2026-04-10T09:43:17+00:00","description":"-1389","breadcrumb":{"@id":"https:\/\/www.sundsornscamping.se\/de\/buchen\/hutte-2-4-betten\/#breadcrumb"},"inLanguage":"de","potentialAction":[{"@type":"ReadAction","target":["https:\/\/www.sundsornscamping.se\/de\/buchen\/hutte-2-4-betten\/"]}]},{"@type":"ImageObject","inLanguage":"de","@id":"https:\/\/www.sundsornscamping.se\/de\/buchen\/hutte-2-4-betten\/#primaryimage","url":"https:\/\/www.sundsornscamping.se\/wp-content\/uploads\/2022\/03\/Stuga-2.jpg","contentUrl":"https:\/\/www.sundsornscamping.se\/wp-content\/uploads\/2022\/03\/Stuga-2.jpg","width":750,"height":1000},{"@type":"BreadcrumbList","@id":"https:\/\/www.sundsornscamping.se\/de\/buchen\/hutte-2-4-betten\/#breadcrumb","itemListElement":[{"@type":"ListItem","position":1,"name":"Hem","item":"https:\/\/www.sundsornscamping.se\/de\/"},{"@type":"ListItem","position":2,"name":"Shop","item":"https:\/\/www.sundsornscamping.se\/de\/shop\/"},{"@type":"ListItem","position":3,"name":"H\u00fctte 2, 4 Betten"}]},{"@type":"WebSite","@id":"https:\/\/www.sundsornscamping.se\/de\/#website","url":"https:\/\/www.sundsornscamping.se\/de\/","name":"Camping Sunds\u00f6rn - Mariestad","description":"Njut av natursk\u00f6n milj\u00f6 \u00e5ret runt, n\u00e4ra Mariestad och Tors\u00f6","potentialAction":[{"@type":"SearchAction","target":{"@type":"EntryPoint","urlTemplate":"https:\/\/www.sundsornscamping.se\/de\/?s={search_term_string}"},"query-input":{"@type":"PropertyValueSpecification","valueRequired":true,"valueName":"search_term_string"}}],"inLanguage":"de"}]}},"_links":{"self":[{"href":"https:\/\/www.sundsornscamping.se\/de\/wp-json\/wp\/v2\/product\/25546","targetHints":{"allow":["GET"]}}],"collection":[{"href":"https:\/\/www.sundsornscamping.se\/de\/wp-json\/wp\/v2\/product"}],"about":[{"href":"https:\/\/www.sundsornscamping.se\/de\/wp-json\/wp\/v2\/types\/product"}],"wp:featuredmedia":[{"embeddable":true,"href":"https:\/\/www.sundsornscamping.se\/de\/wp-json\/wp\/v2\/media\/3936"}],"wp:attachment":[{"href":"https:\/\/www.sundsornscamping.se\/de\/wp-json\/wp\/v2\/media?parent=25546"}],"wp:term":[{"taxonomy":"product_brand","embeddable":true,"href":"https:\/\/www.sundsornscamping.se\/de\/wp-json\/wp\/v2\/product_brand?post=25546"},{"taxonomy":"product_cat","embeddable":true,"href":"https:\/\/www.sundsornscamping.se\/de\/wp-json\/wp\/v2\/product_cat?post=25546"},{"taxonomy":"product_tag","embeddable":true,"href":"https:\/\/www.sundsornscamping.se\/de\/wp-json\/wp\/v2\/product_tag?post=25546"}],"curies":[{"name":"wp","href":"https:\/\/api.w.org\/{rel}","templated":true}]}}