{"id":25562,"date":"2020-09-16T11:37:40","date_gmt":"2020-09-16T09:37:40","guid":{"rendered":"https:\/\/www.sundsornscamping.se\/boka\/stellplatz-buchen\/"},"modified":"2026-04-10T11:43:07","modified_gmt":"2026-04-10T09:43:07","slug":"stellplatz-buchen","status":"publish","type":"product","link":"https:\/\/www.sundsornscamping.se\/de\/buchen\/stellplatz-buchen\/","title":{"rendered":"Stellplatz buchen"},"content":{"rendered":"","protected":false},"excerpt":{"rendered":"<p>Stellpl\u00e4tze am Wasser mit einer fantastischen Aussicht \u00fcber den \u00d6stersundet im Hafengebiet von Sunds\u00f6rn, Mariestad. Die Rezeption befindet sich im Restaurant Brygghuset, wo auch die Bezahlung erfolgt, etwa 75\u2013100 m von den Stellpl\u00e4tzen entfernt. Buchungen unter 0501 23026 oder 0501 393150.<br \/>\nDas Restaurant Brygghuset dient auch als Rezeption f\u00fcr den Campingplatz, der 350\u2013400 m s\u00fcdlich der Stellpl\u00e4tze liegt. Der Campingplatz und die Stellpl\u00e4tze sind ganzj\u00e4hrig ge\u00f6ffnet. Das Brygghuset hat eine volle Schanklizenz und bietet neben einer erstklassigen Aussicht auch eine \u00c0-la-carte-Karte sowie Pizza, Salate und mehr. <\/p>\n<p>Preis pro Nacht 250 kr inklusive Strom.<\/p>\n<p>Stellpl\u00e4tze gelten nur f\u00fcr Pkw der Klasse 2 (Wohnmobile). Toiletten befinden sich am Restaurant und sind rund um die Uhr ge\u00f6ffnet. <\/p>\n<p>Stornierungen m\u00fcssen sp\u00e4testens 5 Tage vor der voraussichtlichen Ankunftszeit erfolgen.<\/p>\n","protected":false},"featured_media":1807,"template":"","meta":[],"product_brand":[],"product_cat":[105],"product_tag":[],"class_list":{"0":"post-25562","1":"product","2":"type-product","3":"status-publish","4":"has-post-thumbnail","6":"product_cat-stellplatz","8":"first","9":"instock","10":"sold-individually","11":"taxable","12":"shipping-taxable","13":"purchasable","14":"product-type-phive_booking"},"yoast_head":"<!-- This site is optimized with the Yoast SEO plugin v27.4 - https:\/\/yoast.com\/product\/yoast-seo-wordpress\/ -->\n<title>Stellplatz buchen - Camping Sunds\u00f6rn - Mariestad<\/title>\n<meta name=\"robots\" content=\"index, follow, max-snippet:-1, max-image-preview:large, max-video-preview:-1\" \/>\n<link rel=\"canonical\" href=\"https:\/\/www.sundsornscamping.se\/de\/buchen\/stellplatz-buchen\/\" \/>\n<meta property=\"og:locale\" content=\"de_DE\" \/>\n<meta property=\"og:type\" content=\"article\" \/>\n<meta property=\"og:title\" content=\"Stellplatz buchen - Camping Sunds\u00f6rn - Mariestad\" \/>\n<meta property=\"og:description\" content=\"Stellpl\u00e4tze am Wasser mit einer fantastischen Aussicht \u00fcber den \u00d6stersundet im Hafengebiet von Sunds\u00f6rn, Mariestad. Die Rezeption befindet sich im Restaurant Brygghuset, wo auch die Bezahlung erfolgt, etwa 75\u2013100 m von den Stellpl\u00e4tzen entfernt. Buchungen unter 0501 23026 oder 0501 393150. Das Restaurant Brygghuset dient auch als Rezeption f\u00fcr den Campingplatz, der 350\u2013400 m s\u00fcdlich der Stellpl\u00e4tze liegt. Der Campingplatz und die Stellpl\u00e4tze sind ganzj\u00e4hrig ge\u00f6ffnet. Das Brygghuset hat eine volle Schanklizenz und bietet neben einer erstklassigen Aussicht auch eine \u00c0-la-carte-Karte sowie Pizza, Salate und mehr.  Preis pro Nacht 250 kr inklusive Strom. Stellpl\u00e4tze gelten nur f\u00fcr Pkw der Klasse 2 (Wohnmobile). Toiletten befinden sich am Restaurant und sind rund um die Uhr ge\u00f6ffnet.  Stornierungen m\u00fcssen sp\u00e4testens 5 Tage vor der voraussichtlichen Ankunftszeit erfolgen.\" \/>\n<meta property=\"og:url\" content=\"https:\/\/www.sundsornscamping.se\/de\/buchen\/stellplatz-buchen\/\" \/>\n<meta property=\"og:site_name\" content=\"Camping Sunds\u00f6rn - Mariestad\" \/>\n<meta property=\"article:modified_time\" content=\"2026-04-10T09:43:07+00:00\" \/>\n<meta name=\"twitter:card\" content=\"summary_large_image\" \/>\n<script type=\"application\/ld+json\" class=\"yoast-schema-graph\">{\"@context\":\"https:\\\/\\\/schema.org\",\"@graph\":[{\"@type\":\"WebPage\",\"@id\":\"https:\\\/\\\/www.sundsornscamping.se\\\/de\\\/buchen\\\/stellplatz-buchen\\\/\",\"url\":\"https:\\\/\\\/www.sundsornscamping.se\\\/de\\\/buchen\\\/stellplatz-buchen\\\/\",\"name\":\"Stellplatz buchen - Camping Sunds\u00f6rn - Mariestad\",\"isPartOf\":{\"@id\":\"https:\\\/\\\/www.sundsornscamping.se\\\/de\\\/#website\"},\"primaryImageOfPage\":{\"@id\":\"https:\\\/\\\/www.sundsornscamping.se\\\/de\\\/buchen\\\/stellplatz-buchen\\\/#primaryimage\"},\"image\":{\"@id\":\"https:\\\/\\\/www.sundsornscamping.se\\\/de\\\/buchen\\\/stellplatz-buchen\\\/#primaryimage\"},\"thumbnailUrl\":\"https:\\\/\\\/www.sundsornscamping.se\\\/wp-content\\\/uploads\\\/2020\\\/08\\\/St\u00e4llplatser.jpg\",\"datePublished\":\"2020-09-16T09:37:40+00:00\",\"dateModified\":\"2026-04-10T09:43:07+00:00\",\"breadcrumb\":{\"@id\":\"https:\\\/\\\/www.sundsornscamping.se\\\/de\\\/buchen\\\/stellplatz-buchen\\\/#breadcrumb\"},\"inLanguage\":\"de\",\"potentialAction\":[{\"@type\":\"ReadAction\",\"target\":[\"https:\\\/\\\/www.sundsornscamping.se\\\/de\\\/buchen\\\/stellplatz-buchen\\\/\"]}]},{\"@type\":\"ImageObject\",\"inLanguage\":\"de\",\"@id\":\"https:\\\/\\\/www.sundsornscamping.se\\\/de\\\/buchen\\\/stellplatz-buchen\\\/#primaryimage\",\"url\":\"https:\\\/\\\/www.sundsornscamping.se\\\/wp-content\\\/uploads\\\/2020\\\/08\\\/St\u00e4llplatser.jpg\",\"contentUrl\":\"https:\\\/\\\/www.sundsornscamping.se\\\/wp-content\\\/uploads\\\/2020\\\/08\\\/St\u00e4llplatser.jpg\",\"width\":1920,\"height\":1280,\"caption\":\"St\u00e4llplatser\"},{\"@type\":\"BreadcrumbList\",\"@id\":\"https:\\\/\\\/www.sundsornscamping.se\\\/de\\\/buchen\\\/stellplatz-buchen\\\/#breadcrumb\",\"itemListElement\":[{\"@type\":\"ListItem\",\"position\":1,\"name\":\"Hem\",\"item\":\"https:\\\/\\\/www.sundsornscamping.se\\\/de\\\/\"},{\"@type\":\"ListItem\",\"position\":2,\"name\":\"Shop\",\"item\":\"https:\\\/\\\/www.sundsornscamping.se\\\/de\\\/shop\\\/\"},{\"@type\":\"ListItem\",\"position\":3,\"name\":\"Stellplatz buchen\"}]},{\"@type\":\"WebSite\",\"@id\":\"https:\\\/\\\/www.sundsornscamping.se\\\/de\\\/#website\",\"url\":\"https:\\\/\\\/www.sundsornscamping.se\\\/de\\\/\",\"name\":\"Camping Sunds\u00f6rn - Mariestad\",\"description\":\"Njut av natursk\u00f6n milj\u00f6 \u00e5ret runt, n\u00e4ra Mariestad och Tors\u00f6\",\"potentialAction\":[{\"@type\":\"SearchAction\",\"target\":{\"@type\":\"EntryPoint\",\"urlTemplate\":\"https:\\\/\\\/www.sundsornscamping.se\\\/de\\\/?s={search_term_string}\"},\"query-input\":{\"@type\":\"PropertyValueSpecification\",\"valueRequired\":true,\"valueName\":\"search_term_string\"}}],\"inLanguage\":\"de\"}]}<\/script>\n<!-- \/ Yoast SEO plugin. -->","yoast_head_json":{"title":"Stellplatz buchen - Camping Sunds\u00f6rn - Mariestad","robots":{"index":"index","follow":"follow","max-snippet":"max-snippet:-1","max-image-preview":"max-image-preview:large","max-video-preview":"max-video-preview:-1"},"canonical":"https:\/\/www.sundsornscamping.se\/de\/buchen\/stellplatz-buchen\/","og_locale":"de_DE","og_type":"article","og_title":"Stellplatz buchen - Camping Sunds\u00f6rn - Mariestad","og_description":"Stellpl\u00e4tze am Wasser mit einer fantastischen Aussicht \u00fcber den \u00d6stersundet im Hafengebiet von Sunds\u00f6rn, Mariestad. Die Rezeption befindet sich im Restaurant Brygghuset, wo auch die Bezahlung erfolgt, etwa 75\u2013100 m von den Stellpl\u00e4tzen entfernt. Buchungen unter 0501 23026 oder 0501 393150. Das Restaurant Brygghuset dient auch als Rezeption f\u00fcr den Campingplatz, der 350\u2013400 m s\u00fcdlich der Stellpl\u00e4tze liegt. Der Campingplatz und die Stellpl\u00e4tze sind ganzj\u00e4hrig ge\u00f6ffnet. Das Brygghuset hat eine volle Schanklizenz und bietet neben einer erstklassigen Aussicht auch eine \u00c0-la-carte-Karte sowie Pizza, Salate und mehr.  Preis pro Nacht 250 kr inklusive Strom. Stellpl\u00e4tze gelten nur f\u00fcr Pkw der Klasse 2 (Wohnmobile). Toiletten befinden sich am Restaurant und sind rund um die Uhr ge\u00f6ffnet.  Stornierungen m\u00fcssen sp\u00e4testens 5 Tage vor der voraussichtlichen Ankunftszeit erfolgen.","og_url":"https:\/\/www.sundsornscamping.se\/de\/buchen\/stellplatz-buchen\/","og_site_name":"Camping Sunds\u00f6rn - Mariestad","article_modified_time":"2026-04-10T09:43:07+00:00","twitter_card":"summary_large_image","schema":{"@context":"https:\/\/schema.org","@graph":[{"@type":"WebPage","@id":"https:\/\/www.sundsornscamping.se\/de\/buchen\/stellplatz-buchen\/","url":"https:\/\/www.sundsornscamping.se\/de\/buchen\/stellplatz-buchen\/","name":"Stellplatz buchen - Camping Sunds\u00f6rn - Mariestad","isPartOf":{"@id":"https:\/\/www.sundsornscamping.se\/de\/#website"},"primaryImageOfPage":{"@id":"https:\/\/www.sundsornscamping.se\/de\/buchen\/stellplatz-buchen\/#primaryimage"},"image":{"@id":"https:\/\/www.sundsornscamping.se\/de\/buchen\/stellplatz-buchen\/#primaryimage"},"thumbnailUrl":"https:\/\/www.sundsornscamping.se\/wp-content\/uploads\/2020\/08\/St\u00e4llplatser.jpg","datePublished":"2020-09-16T09:37:40+00:00","dateModified":"2026-04-10T09:43:07+00:00","breadcrumb":{"@id":"https:\/\/www.sundsornscamping.se\/de\/buchen\/stellplatz-buchen\/#breadcrumb"},"inLanguage":"de","potentialAction":[{"@type":"ReadAction","target":["https:\/\/www.sundsornscamping.se\/de\/buchen\/stellplatz-buchen\/"]}]},{"@type":"ImageObject","inLanguage":"de","@id":"https:\/\/www.sundsornscamping.se\/de\/buchen\/stellplatz-buchen\/#primaryimage","url":"https:\/\/www.sundsornscamping.se\/wp-content\/uploads\/2020\/08\/St\u00e4llplatser.jpg","contentUrl":"https:\/\/www.sundsornscamping.se\/wp-content\/uploads\/2020\/08\/St\u00e4llplatser.jpg","width":1920,"height":1280,"caption":"St\u00e4llplatser"},{"@type":"BreadcrumbList","@id":"https:\/\/www.sundsornscamping.se\/de\/buchen\/stellplatz-buchen\/#breadcrumb","itemListElement":[{"@type":"ListItem","position":1,"name":"Hem","item":"https:\/\/www.sundsornscamping.se\/de\/"},{"@type":"ListItem","position":2,"name":"Shop","item":"https:\/\/www.sundsornscamping.se\/de\/shop\/"},{"@type":"ListItem","position":3,"name":"Stellplatz buchen"}]},{"@type":"WebSite","@id":"https:\/\/www.sundsornscamping.se\/de\/#website","url":"https:\/\/www.sundsornscamping.se\/de\/","name":"Camping Sunds\u00f6rn - Mariestad","description":"Njut av natursk\u00f6n milj\u00f6 \u00e5ret runt, n\u00e4ra Mariestad och Tors\u00f6","potentialAction":[{"@type":"SearchAction","target":{"@type":"EntryPoint","urlTemplate":"https:\/\/www.sundsornscamping.se\/de\/?s={search_term_string}"},"query-input":{"@type":"PropertyValueSpecification","valueRequired":true,"valueName":"search_term_string"}}],"inLanguage":"de"}]}},"_links":{"self":[{"href":"https:\/\/www.sundsornscamping.se\/de\/wp-json\/wp\/v2\/product\/25562","targetHints":{"allow":["GET"]}}],"collection":[{"href":"https:\/\/www.sundsornscamping.se\/de\/wp-json\/wp\/v2\/product"}],"about":[{"href":"https:\/\/www.sundsornscamping.se\/de\/wp-json\/wp\/v2\/types\/product"}],"wp:featuredmedia":[{"embeddable":true,"href":"https:\/\/www.sundsornscamping.se\/de\/wp-json\/wp\/v2\/media\/1807"}],"wp:attachment":[{"href":"https:\/\/www.sundsornscamping.se\/de\/wp-json\/wp\/v2\/media?parent=25562"}],"wp:term":[{"taxonomy":"product_brand","embeddable":true,"href":"https:\/\/www.sundsornscamping.se\/de\/wp-json\/wp\/v2\/product_brand?post=25562"},{"taxonomy":"product_cat","embeddable":true,"href":"https:\/\/www.sundsornscamping.se\/de\/wp-json\/wp\/v2\/product_cat?post=25562"},{"taxonomy":"product_tag","embeddable":true,"href":"https:\/\/www.sundsornscamping.se\/de\/wp-json\/wp\/v2\/product_tag?post=25562"}],"curies":[{"name":"wp","href":"https:\/\/api.w.org\/{rel}","templated":true}]}}