{"id":25623,"date":"2013-08-11T16:31:20","date_gmt":"2013-08-11T14:31:20","guid":{"rendered":"https:\/\/www.sundsornscamping.se\/my-account\/wishlist\/"},"modified":"2013-08-11T16:31:20","modified_gmt":"2013-08-11T14:31:20","slug":"wishlist","status":"publish","type":"page","link":"https:\/\/www.sundsornscamping.se\/en\/my-account\/wishlist\/","title":{"rendered":"Wishlist"},"content":{"rendered":"[yith_wcwl_wishlist]\n","protected":false},"excerpt":{"rendered":"[yith_wcwl_wishlist]\n","protected":false},"author":4,"featured_media":0,"parent":25459,"menu_order":0,"comment_status":"closed","ping_status":"closed","template":"page-my-account.php","meta":{"footnotes":""},"class_list":["post-25623","page","type-page","status-publish","hentry"],"yoast_head":"<!-- This site is optimized with the Yoast SEO plugin v27.6 - https:\/\/yoast.com\/product\/yoast-seo-wordpress\/ -->\n<title>Wishlist - Camping Sunds\u00f6rn - Mariestad<\/title>\n<meta name=\"robots\" content=\"index, follow, max-snippet:-1, max-image-preview:large, max-video-preview:-1\" \/>\n<link rel=\"canonical\" href=\"https:\/\/www.sundsornscamping.se\/en\/my-account\/wishlist\/\" \/>\n<meta property=\"og:locale\" content=\"en_GB\" \/>\n<meta property=\"og:type\" content=\"article\" \/>\n<meta property=\"og:title\" content=\"Wishlist - Camping Sunds\u00f6rn - Mariestad\" \/>\n<meta property=\"og:description\" content=\"[yith_wcwl_wishlist]\" \/>\n<meta property=\"og:url\" content=\"https:\/\/www.sundsornscamping.se\/en\/my-account\/wishlist\/\" \/>\n<meta property=\"og:site_name\" content=\"Camping Sunds\u00f6rn - Mariestad\" \/>\n<meta name=\"twitter:card\" content=\"summary_large_image\" \/>\n<script type=\"application\/ld+json\" class=\"yoast-schema-graph\">{\"@context\":\"https:\\\/\\\/schema.org\",\"@graph\":[{\"@type\":\"WebPage\",\"@id\":\"https:\\\/\\\/www.sundsornscamping.se\\\/en\\\/my-account\\\/wishlist\\\/\",\"url\":\"https:\\\/\\\/www.sundsornscamping.se\\\/en\\\/my-account\\\/wishlist\\\/\",\"name\":\"Wishlist - Camping Sunds\u00f6rn - Mariestad\",\"isPartOf\":{\"@id\":\"https:\\\/\\\/www.sundsornscamping.se\\\/en\\\/#website\"},\"datePublished\":\"2013-08-11T14:31:20+00:00\",\"breadcrumb\":{\"@id\":\"https:\\\/\\\/www.sundsornscamping.se\\\/en\\\/my-account\\\/wishlist\\\/#breadcrumb\"},\"inLanguage\":\"en-GB\",\"potentialAction\":[{\"@type\":\"ReadAction\",\"target\":[\"https:\\\/\\\/www.sundsornscamping.se\\\/en\\\/my-account\\\/wishlist\\\/\"]}]},{\"@type\":\"BreadcrumbList\",\"@id\":\"https:\\\/\\\/www.sundsornscamping.se\\\/en\\\/my-account\\\/wishlist\\\/#breadcrumb\",\"itemListElement\":[{\"@type\":\"ListItem\",\"position\":1,\"name\":\"Hem\",\"item\":\"https:\\\/\\\/www.sundsornscamping.se\\\/en\\\/\"},{\"@type\":\"ListItem\",\"position\":2,\"name\":\"My account\",\"item\":\"https:\\\/\\\/www.sundsornscamping.se\\\/en\\\/my-account\\\/\"},{\"@type\":\"ListItem\",\"position\":3,\"name\":\"Wishlist\"}]},{\"@type\":\"WebSite\",\"@id\":\"https:\\\/\\\/www.sundsornscamping.se\\\/en\\\/#website\",\"url\":\"https:\\\/\\\/www.sundsornscamping.se\\\/en\\\/\",\"name\":\"Camping Sunds\u00f6rn - Mariestad\",\"description\":\"Njut av natursk\u00f6n milj\u00f6 \u00e5ret runt, n\u00e4ra Mariestad och Tors\u00f6\",\"potentialAction\":[{\"@type\":\"SearchAction\",\"target\":{\"@type\":\"EntryPoint\",\"urlTemplate\":\"https:\\\/\\\/www.sundsornscamping.se\\\/en\\\/?s={search_term_string}\"},\"query-input\":{\"@type\":\"PropertyValueSpecification\",\"valueRequired\":true,\"valueName\":\"search_term_string\"}}],\"inLanguage\":\"en-GB\"}]}<\/script>\n<!-- \/ Yoast SEO plugin. -->","yoast_head_json":{"title":"Wishlist - Camping Sunds\u00f6rn - Mariestad","robots":{"index":"index","follow":"follow","max-snippet":"max-snippet:-1","max-image-preview":"max-image-preview:large","max-video-preview":"max-video-preview:-1"},"canonical":"https:\/\/www.sundsornscamping.se\/en\/my-account\/wishlist\/","og_locale":"en_GB","og_type":"article","og_title":"Wishlist - Camping Sunds\u00f6rn - Mariestad","og_description":"[yith_wcwl_wishlist]","og_url":"https:\/\/www.sundsornscamping.se\/en\/my-account\/wishlist\/","og_site_name":"Camping Sunds\u00f6rn - Mariestad","twitter_card":"summary_large_image","schema":{"@context":"https:\/\/schema.org","@graph":[{"@type":"WebPage","@id":"https:\/\/www.sundsornscamping.se\/en\/my-account\/wishlist\/","url":"https:\/\/www.sundsornscamping.se\/en\/my-account\/wishlist\/","name":"Wishlist - Camping Sunds\u00f6rn - Mariestad","isPartOf":{"@id":"https:\/\/www.sundsornscamping.se\/en\/#website"},"datePublished":"2013-08-11T14:31:20+00:00","breadcrumb":{"@id":"https:\/\/www.sundsornscamping.se\/en\/my-account\/wishlist\/#breadcrumb"},"inLanguage":"en-GB","potentialAction":[{"@type":"ReadAction","target":["https:\/\/www.sundsornscamping.se\/en\/my-account\/wishlist\/"]}]},{"@type":"BreadcrumbList","@id":"https:\/\/www.sundsornscamping.se\/en\/my-account\/wishlist\/#breadcrumb","itemListElement":[{"@type":"ListItem","position":1,"name":"Hem","item":"https:\/\/www.sundsornscamping.se\/en\/"},{"@type":"ListItem","position":2,"name":"My account","item":"https:\/\/www.sundsornscamping.se\/en\/my-account\/"},{"@type":"ListItem","position":3,"name":"Wishlist"}]},{"@type":"WebSite","@id":"https:\/\/www.sundsornscamping.se\/en\/#website","url":"https:\/\/www.sundsornscamping.se\/en\/","name":"Camping Sunds\u00f6rn - Mariestad","description":"Njut av natursk\u00f6n milj\u00f6 \u00e5ret runt, n\u00e4ra Mariestad och Tors\u00f6","potentialAction":[{"@type":"SearchAction","target":{"@type":"EntryPoint","urlTemplate":"https:\/\/www.sundsornscamping.se\/en\/?s={search_term_string}"},"query-input":{"@type":"PropertyValueSpecification","valueRequired":true,"valueName":"search_term_string"}}],"inLanguage":"en-GB"}]}},"_links":{"self":[{"href":"https:\/\/www.sundsornscamping.se\/en\/wp-json\/wp\/v2\/pages\/25623","targetHints":{"allow":["GET"]}}],"collection":[{"href":"https:\/\/www.sundsornscamping.se\/en\/wp-json\/wp\/v2\/pages"}],"about":[{"href":"https:\/\/www.sundsornscamping.se\/en\/wp-json\/wp\/v2\/types\/page"}],"author":[{"embeddable":true,"href":"https:\/\/www.sundsornscamping.se\/en\/wp-json\/wp\/v2\/users\/4"}],"replies":[{"embeddable":true,"href":"https:\/\/www.sundsornscamping.se\/en\/wp-json\/wp\/v2\/comments?post=25623"}],"version-history":[{"count":0,"href":"https:\/\/www.sundsornscamping.se\/en\/wp-json\/wp\/v2\/pages\/25623\/revisions"}],"up":[{"embeddable":true,"href":"https:\/\/www.sundsornscamping.se\/en\/wp-json\/wp\/v2\/pages\/25459"}],"wp:attachment":[{"href":"https:\/\/www.sundsornscamping.se\/en\/wp-json\/wp\/v2\/media?parent=25623"}],"curies":[{"name":"wp","href":"https:\/\/api.w.org\/{rel}","templated":true}]}}