{"id":25698,"date":"2018-02-22T08:44:19","date_gmt":"2018-02-22T07:44:19","guid":{"rendered":"https:\/\/www.sundsornscamping.se\/about-us\/"},"modified":"2026-04-09T17:43:54","modified_gmt":"2026-04-09T15:43:54","slug":"about-us","status":"publish","type":"page","link":"https:\/\/www.sundsornscamping.se\/en\/about-us\/","title":{"rendered":"About us"},"content":{"rendered":"\n<div class=\"slider-wrapper relative\" id=\"slider-356407477\" >\n    <div class=\"slider slider-nav-circle slider-nav-large slider-nav-light slider-style-normal\"\n        data-flickity-options='{\n            \"cellAlign\": \"center\",\n            \"imagesLoaded\": true,\n            \"lazyLoad\": 1,\n            \"freeScroll\": false,\n            \"wrapAround\": true,\n            \"autoPlay\": 6000,\n            \"pauseAutoPlayOnHover\" : true,\n            \"prevNextButtons\": true,\n            \"contain\" : true,\n            \"adaptiveHeight\" : true,\n            \"dragThreshold\" : 10,\n            \"percentPosition\": true,\n            \"pageDots\": true,\n            \"rightToLeft\": false,\n            \"draggable\": true,\n            \"selectedAttraction\": 0.1,\n            \"parallax\" : 0,\n            \"friction\": 0.6        }'\n        >\n        \n\n\n  <div class=\"banner has-hover has-slide-effect slide-zoom-in\" id=\"banner-1189807930\">\n          <div class=\"banner-inner fill\">\n        <div class=\"banner-bg fill\" >\n            <img loading=\"lazy\" decoding=\"async\" width=\"1920\" height=\"1279\" src=\"https:\/\/www.sundsornscamping.se\/wp-content\/uploads\/2020\/09\/Sundsorn-Brygghuset-dronarbilder-2.jpg\" class=\"bg attachment-original size-original\" alt=\"\" \/>                                    \n                    <\/div>\n\t\t\n        <div class=\"banner-layers container\">\n            <div class=\"fill banner-link\"><\/div>            \n\n   <div id=\"text-box-173911414\" class=\"text-box banner-layer x5 md-x5 lg-x5 y95 md-y50 lg-y50 res-text\">\n                                <div class=\"text-box-content text box-shadow-1\">\n              \n              <div class=\"text-inner text-left\">\n                  \n\n<h6><span data-text-color=\"success\"><strong>History &#038; background of Sunds\u00f6rns Camping<\/strong><\/span><\/h6>\n<h3 class=\"uppercase\">FOURTH-GENERATION FAMILY BUSINESS<\/h3>\n<p>In the late 1940s, Arthur and Karin Abrahamsson made land available for summer cottages in the Sunds\u00f6rn area, and in the 1970s their son Olof and his wife Karin took over the business. <br\/>Today, Sunds\u00f6rns Camping is run by the fourth generation of the Abrahamsson family, led by Johan and Malin. Their children help out as much as their studies allow, and the hope is that the fifth generation of the Abrahamsson family will take over in due course. <\/p>\n\n              <\/div>\n           <\/div>\n                            \n<style>\n#text-box-173911414 .text-box-content {\n  background-color: rgba(255, 255, 255, 0.8);\n  font-size: 100%;\n}\n#text-box-173911414 .text-inner {\n  padding: 30px 30px 30px 30px;\n}\n#text-box-173911414 {\n  width: 90%;\n}\n@media (min-width:550px) {\n  #text-box-173911414 {\n    width: 52%;\n  }\n}\n<\/style>\n    <\/div>\n \n\n        <\/div>\n      <\/div>\n\n            \n<style>\n#banner-1189807930 {\n  padding-top: 700px;\n}\n#banner-1189807930 .banner-bg img {\n  object-position: 35% 29%;\n}\n<\/style>\n  <\/div>\n\n\n\n     <\/div>\n\n     <div class=\"loading-spin dark large centered\"><\/div>\n\n\t<\/div>\n\n\n\n\t<section class=\"section\" id=\"section_1177902553\">\n\t\t<div class=\"section-bg fill\" >\n\t\t\t\t\t\t\t\t\t<div class=\"section-bg-overlay absolute fill\"><\/div>\n\t\t\t\n\t<div class=\"is-border\"\n\t\tstyle=\"border-width:1px 0px 1px 0px;\">\n\t<\/div>\n\n\t\t<\/div>\n\n\t\t\n\n\t\t<div class=\"section-content relative\">\n\t\t\t\n\n<div class=\"row row-large align-middle\"  id=\"row-1984633836\">\n\n\n\t<div id=\"col-1077918934\" class=\"col medium-6 small-12 large-6\"  >\n\t\t\t\t<div class=\"col-inner\"  >\n\t\t\t\n\t\t\t\n\n\t<div class=\"img has-hover x md-x lg-x y md-y lg-y\" id=\"image_1586310096\">\n\t\t<a class=\"image-lightbox lightbox-gallery\" title=\"\" href=\"https:\/\/www.sundsornscamping.se\/wp-content\/uploads\/2020\/09\/Sundsorn-Brygghuset-dronarbilder-3.jpg\">\t\t\t\t<div data-animate=\"fadeInLeft\">\t\t<div class=\"img-inner box-shadow-2 dark\" >\n\t\t\t<img loading=\"lazy\" decoding=\"async\" width=\"1020\" height=\"679\" src=\"https:\/\/www.sundsornscamping.se\/wp-content\/uploads\/2020\/09\/Sundsorn-Brygghuset-dronarbilder-3-1201x800.jpg\" class=\"attachment-large size-large\" alt=\"Available plots\" srcset=\"https:\/\/www.sundsornscamping.se\/wp-content\/uploads\/2020\/09\/Sundsorn-Brygghuset-dronarbilder-3-1201x800.jpg 1201w, https:\/\/www.sundsornscamping.se\/wp-content\/uploads\/2020\/09\/Sundsorn-Brygghuset-dronarbilder-3-1000x666.jpg 1000w, https:\/\/www.sundsornscamping.se\/wp-content\/uploads\/2020\/09\/Sundsorn-Brygghuset-dronarbilder-3-600x400.jpg 600w, https:\/\/www.sundsornscamping.se\/wp-content\/uploads\/2020\/09\/Sundsorn-Brygghuset-dronarbilder-3-768x512.jpg 768w, https:\/\/www.sundsornscamping.se\/wp-content\/uploads\/2020\/09\/Sundsorn-Brygghuset-dronarbilder-3-1536x1023.jpg 1536w, https:\/\/www.sundsornscamping.se\/wp-content\/uploads\/2020\/09\/Sundsorn-Brygghuset-dronarbilder-3.jpg 1920w\" sizes=\"auto, (max-width: 1020px) 100vw, 1020px\" \/>\t\t\t\t\t\t\n\t\t\t\t\t<\/div>\n\t\t<\/div>\t\t\t\t<\/a>\t\t\n<style>\n#image_1586310096 {\n  width: 100%;\n}\n<\/style>\n\t<\/div>\n\t\n\n\t<div class=\"img has-hover x md-x lg-x y md-y lg-y\" id=\"image_170847218\">\n\t\t<a class=\"image-lightbox lightbox-gallery\" title=\"\" href=\"https:\/\/www.sundsornscamping.se\/wp-content\/uploads\/2020\/08\/ICA9301.jpg\">\t\t\t\t<div data-animate=\"fadeInLeft\">\t\t<div class=\"img-inner box-shadow-2 dark\" >\n\t\t\t<img loading=\"lazy\" decoding=\"async\" width=\"1020\" height=\"680\" src=\"https:\/\/www.sundsornscamping.se\/wp-content\/uploads\/2020\/08\/ICA9301-1030x687.jpg\" class=\"attachment-large size-large\" alt=\"\" srcset=\"https:\/\/www.sundsornscamping.se\/wp-content\/uploads\/2020\/08\/ICA9301-1030x687.jpg 1030w, https:\/\/www.sundsornscamping.se\/wp-content\/uploads\/2020\/08\/ICA9301-1000x667.jpg 1000w, https:\/\/www.sundsornscamping.se\/wp-content\/uploads\/2020\/08\/ICA9301-300x200.jpg 300w, https:\/\/www.sundsornscamping.se\/wp-content\/uploads\/2020\/08\/ICA9301-768x512.jpg 768w, https:\/\/www.sundsornscamping.se\/wp-content\/uploads\/2020\/08\/ICA9301-1536x1025.jpg 1536w, https:\/\/www.sundsornscamping.se\/wp-content\/uploads\/2020\/08\/ICA9301-1500x1001.jpg 1500w, https:\/\/www.sundsornscamping.se\/wp-content\/uploads\/2020\/08\/ICA9301-705x470.jpg 705w, https:\/\/www.sundsornscamping.se\/wp-content\/uploads\/2020\/08\/ICA9301-600x400.jpg 600w, https:\/\/www.sundsornscamping.se\/wp-content\/uploads\/2020\/08\/ICA9301.jpg 1920w\" sizes=\"auto, (max-width: 1020px) 100vw, 1020px\" \/>\t\t\t\t\t\t\n\t\t\t\t\t<\/div>\n\t\t<\/div>\t\t\t\t<\/a>\t\t\n<style>\n#image_170847218 {\n  width: 100%;\n}\n<\/style>\n\t<\/div>\n\t\n\n\n\t\t<\/div>\n\t\t\t\t\t<\/div>\n\n\t\n\n\t<div id=\"col-382562184\" class=\"col medium-6 small-12 large-6\"  >\n\t\t\t\t<div class=\"col-inner text-left\"  >\n\t\t\t\n\t\t\t\n\n<p>In the late 1940s, Arthur and Karin Abrahamsson made land available for summer cottages in the Sunds\u00f6rn area, and in the 1970s their son Olof and his wife Karin took over the business.<br\/>With great commitment and a clear vision of what they wanted to create, they went on to further develop the summer cottage area with a detailed development plan, while also starting a profitable potato and strawberry farm. In 1995, a complete renovation of the area began: the swimming beach was cleared and made suitable for bathing, roads were expanded, and water was installed throughout the area. <\/p>\n<p>The following year, Restaurant Brygghuset was built with its fantastic view over \u00d6stersundet. Karin Abrahamsson was a very enterprising and driving woman regarding both the construction and management of the restaurant as well as the other parts of the business.  In 2002, construction began on the campsite, which was completed in 2004, but unfortunately neither Olof nor Karin got to enjoy the fruits of their hard work. <br\/>Six months apart, they both passed away at far too young an age. Their son Johan and his wife Malin then took over the family farm and continued running the campsite, the restaurant, and the cottage area. <\/p>\n<p>Today, Sunds\u00f6rns Camping is run by the fourth generation of the Abrahamsson family, led by Johan and Malin. Their children help out as much as their studies allow, and the hope is that the fifth generation of the Abrahamsson family will take over in due course. Sunds\u00f6rns Camping stands for safety, service, heart and soul, which is reflected in the high number of returning guests year after year. Looking ahead, the plan is to create a rural idyll with a small farm. The idea is to let children and adults help care for the animals, to learn and understand the value of empathy and the importance of looking after animals and nature.    <\/p>\n<p><em>The Abrahamsson family<\/em><\/p>\n\n\t\t<\/div>\n\t\t\t\t\t<\/div>\n\n\t\n\n<\/div>\n\n\t\t<\/div>\n\n\t\t\n<style>\n#section_1177902553 {\n  padding-top: 60px;\n  padding-bottom: 60px;\n  background-color: rgb(193, 193, 193);\n}\n#section_1177902553 .section-bg-overlay {\n  background-color: rgba(255, 255, 255, 0.85);\n}\n<\/style>\n\t<\/section>\n\t\n\n\t<section class=\"section\" id=\"section_1288563638\">\n\t\t<div class=\"section-bg fill\" >\n\t\t\t\t\t\t\t\t\t<div class=\"section-bg-overlay absolute fill\"><\/div>\n\t\t\t\n\n\t\t<\/div>\n\n\t\t\n\n\t\t<div class=\"section-content relative\">\n\t\t\t\n\n<div class=\"row row-large align-equal\"  id=\"row-1937812275\">\n\n\n\t<div id=\"col-350930731\" class=\"col medium-6 small-12 large-6\"  >\n\t\t\t\t<div class=\"col-inner text-left\"  >\n\t\t\t\n\t\t\t\n\n<h2 class=\"uppercase\">Get in touch with us<\/h2>\n<section class=\"av_textblock_section \">\n<div class=\"avia_textblock\">\n<p>Leave your name, email, phone number, and a message, and we will get back to you as soon as possible. You can also call our reception if you want to book a campsite or have other questions at 0501-393150<\/p>\n<p> <\/p>\n\n<div class=\"wpcf7 no-js\" id=\"wpcf7-f25907-o1\" lang=\"en-GB\" dir=\"ltr\" data-wpcf7-id=\"25907\">\n<div class=\"screen-reader-response\"><p role=\"status\" aria-live=\"polite\" aria-atomic=\"true\"><\/p> <ul><\/ul><\/div>\n<form action=\"\/en\/wp-json\/wp\/v2\/pages\/25698#wpcf7-f25907-o1\" method=\"post\" class=\"wpcf7-form init\" aria-label=\"Contact form\" novalidate=\"novalidate\" data-status=\"init\">\n<fieldset class=\"hidden-fields-container\"><input type=\"hidden\" name=\"_wpcf7\" value=\"25907\" \/><input type=\"hidden\" name=\"_wpcf7_version\" value=\"6.1.5\" \/><input type=\"hidden\" name=\"_wpcf7_locale\" value=\"en_GB\" \/><input type=\"hidden\" name=\"_wpcf7_unit_tag\" value=\"wpcf7-f25907-o1\" \/><input type=\"hidden\" name=\"_wpcf7_container_post\" value=\"0\" \/><input type=\"hidden\" name=\"_wpcf7_posted_data_hash\" value=\"\" \/><input type=\"hidden\" name=\"_wpcf7_recaptcha_response\" value=\"\" \/>\n<\/fieldset>\n<div class=\"form-flat\">\n\t<p><span class=\"wpcf7-form-control-wrap\" data-name=\"your-name\"><input size=\"40\" maxlength=\"400\" class=\"wpcf7-form-control wpcf7-text wpcf7-validates-as-required\" aria-required=\"true\" aria-invalid=\"false\" placeholder=\"Name*\" value=\"\" type=\"text\" name=\"your-name\" \/><\/span>\n\t<\/p>\n\t<p><span class=\"wpcf7-form-control-wrap\" data-name=\"your-email\"><input size=\"40\" maxlength=\"400\" class=\"wpcf7-form-control wpcf7-email wpcf7-validates-as-required wpcf7-text wpcf7-validates-as-email\" aria-required=\"true\" aria-invalid=\"false\" placeholder=\"Email*\" value=\"\" type=\"email\" name=\"your-email\" \/><\/span>\n\t<\/p>\n\t<p><span class=\"wpcf7-form-control-wrap\" data-name=\"your-phone\"><input size=\"40\" maxlength=\"400\" class=\"wpcf7-form-control wpcf7-email wpcf7-validates-as-required wpcf7-text wpcf7-validates-as-email\" aria-required=\"true\" aria-invalid=\"false\" placeholder=\"Phone*\" value=\"\" type=\"email\" name=\"your-phone\" \/><\/span>\n\t<\/p>\n\t<p><span class=\"wpcf7-form-control-wrap\" data-name=\"your-message\"><textarea cols=\"40\" rows=\"10\" maxlength=\"2000\" class=\"wpcf7-form-control wpcf7-textarea\" aria-invalid=\"false\" placeholder=\"Your message*\" name=\"your-message\"><\/textarea><\/span>\n\t<\/p>\n\t<p><input class=\"wpcf7-form-control wpcf7-submit has-spinner button\" type=\"submit\" value=\"Send\" \/>\n\t<\/p>\n<\/div><p style=\"display: none !important;\" class=\"akismet-fields-container\" data-prefix=\"_wpcf7_ak_\"><label>&#916;<textarea name=\"_wpcf7_ak_hp_textarea\" cols=\"45\" rows=\"8\" maxlength=\"100\"><\/textarea><\/label><input type=\"hidden\" id=\"ak_js_1\" name=\"_wpcf7_ak_js\" value=\"91\"\/><script>document.getElementById( \"ak_js_1\" ).setAttribute( \"value\", ( new Date() ).getTime() );<\/script><\/p><div class=\"wpcf7-response-output\" aria-hidden=\"true\"><\/div>\n<\/form>\n<\/div>\n\n\n<\/div>\n<\/section>\n\n\t\t<\/div>\n\t\t\t\t\t<\/div>\n\n\t\n\n\t<div id=\"col-973590001\" class=\"col medium-6 small-12 large-6\"  >\n\t\t\t\t<div class=\"col-inner\"  >\n\t\t\t\n\t\t\t\n\n<p><iframe loading=\"lazy\" src=\"https:\/\/www.google.com\/maps\/embed?pb=!1m14!1m8!1m3!1d8271.51159085473!2d13.8663092!3d58.7824668!3m2!1i1024!2i768!4f13.1!3m3!1m2!1s0x0%3A0x608b494163b7f01b!2sSunds%C3%B6rns%20Camping!5e0!3m2!1ssv!2sse!4v1600080709836!5m2!1ssv!2sse\" width=\"100%\" height=\"500\" frameborder=\"0\" style=\"border:0;\" allowfullscreen=\"\" aria-hidden=\"false\" tabindex=\"0\"><\/iframe><\/p>\n\n\t\t<\/div>\n\t\t\t\t\t<\/div>\n\n\t\n\n<\/div>\n\n\t\t<\/div>\n\n\t\t\n<style>\n#section_1288563638 {\n  padding-top: 31px;\n  padding-bottom: 31px;\n  background-color: rgb(255, 255, 255);\n}\n#section_1288563638 .section-bg-overlay {\n  background-color: rgba(255, 255, 255, 0.85);\n}\n<\/style>\n\t<\/section>\n\t\n","protected":false},"excerpt":{"rendered":"","protected":false},"author":3,"featured_media":0,"parent":0,"menu_order":0,"comment_status":"closed","ping_status":"closed","template":"page-blank.php","meta":{"footnotes":""},"class_list":["post-25698","page","type-page","status-publish","hentry"],"yoast_head":"<!-- This site is optimized with the Yoast SEO plugin v27.4 - https:\/\/yoast.com\/product\/yoast-seo-wordpress\/ -->\n<title>About Us - Sunds\u00f6rn Camping, a Fourth-Generation Family Business<\/title>\n<meta name=\"description\" content=\"Sunds\u00f6rn Camping is run by the Abrahamsson family and is a fourth-generation family business. We are driven by great commitment, heart, and service for our guests, which is reflected in the high number of returning guests year after year. For bookings and other questions, call 0501-393150 or email info@sundsornscamping.se\" \/>\n<meta name=\"robots\" content=\"index, follow, max-snippet:-1, max-image-preview:large, max-video-preview:-1\" \/>\n<link rel=\"canonical\" href=\"https:\/\/www.sundsornscamping.se\/en\/about-us\/\" \/>\n<meta property=\"og:locale\" content=\"en_GB\" \/>\n<meta property=\"og:type\" content=\"article\" \/>\n<meta property=\"og:title\" content=\"About Us - Sunds\u00f6rn Camping, a Fourth-Generation Family Business\" \/>\n<meta property=\"og:description\" content=\"Sunds\u00f6rn Camping is run by the Abrahamsson family and is a fourth-generation family business. We are driven by great commitment, heart, and service for our guests, which is reflected in the high number of returning guests year after year. For bookings and other questions, call 0501-393150 or email info@sundsornscamping.se\" \/>\n<meta property=\"og:url\" content=\"https:\/\/www.sundsornscamping.se\/en\/about-us\/\" \/>\n<meta property=\"og:site_name\" content=\"Camping Sunds\u00f6rn - Mariestad\" \/>\n<meta property=\"article:modified_time\" content=\"2026-04-09T15:43:54+00:00\" \/>\n<meta name=\"twitter:card\" content=\"summary_large_image\" \/>\n<meta name=\"twitter:label1\" content=\"Estimated reading time\" \/>\n\t<meta name=\"twitter:data1\" content=\"3 minutes\" \/>\n<script type=\"application\/ld+json\" class=\"yoast-schema-graph\">{\"@context\":\"https:\\\/\\\/schema.org\",\"@graph\":[{\"@type\":\"WebPage\",\"@id\":\"https:\\\/\\\/www.sundsornscamping.se\\\/en\\\/about-us\\\/\",\"url\":\"https:\\\/\\\/www.sundsornscamping.se\\\/en\\\/about-us\\\/\",\"name\":\"About Us - Sunds\u00f6rn Camping, a Fourth-Generation Family Business\",\"isPartOf\":{\"@id\":\"https:\\\/\\\/www.sundsornscamping.se\\\/en\\\/#website\"},\"datePublished\":\"2018-02-22T07:44:19+00:00\",\"dateModified\":\"2026-04-09T15:43:54+00:00\",\"description\":\"Sunds\u00f6rn Camping is run by the Abrahamsson family and is a fourth-generation family business. We are driven by great commitment, heart, and service for our guests, which is reflected in the high number of returning guests year after year. For bookings and other questions, call 0501-393150 or email info@sundsornscamping.se\",\"breadcrumb\":{\"@id\":\"https:\\\/\\\/www.sundsornscamping.se\\\/en\\\/about-us\\\/#breadcrumb\"},\"inLanguage\":\"en-GB\",\"potentialAction\":[{\"@type\":\"ReadAction\",\"target\":[\"https:\\\/\\\/www.sundsornscamping.se\\\/en\\\/about-us\\\/\"]}]},{\"@type\":\"BreadcrumbList\",\"@id\":\"https:\\\/\\\/www.sundsornscamping.se\\\/en\\\/about-us\\\/#breadcrumb\",\"itemListElement\":[{\"@type\":\"ListItem\",\"position\":1,\"name\":\"Hem\",\"item\":\"https:\\\/\\\/www.sundsornscamping.se\\\/en\\\/\"},{\"@type\":\"ListItem\",\"position\":2,\"name\":\"About us\"}]},{\"@type\":\"WebSite\",\"@id\":\"https:\\\/\\\/www.sundsornscamping.se\\\/en\\\/#website\",\"url\":\"https:\\\/\\\/www.sundsornscamping.se\\\/en\\\/\",\"name\":\"Camping Sunds\u00f6rn - Mariestad\",\"description\":\"Njut av natursk\u00f6n milj\u00f6 \u00e5ret runt, n\u00e4ra Mariestad och Tors\u00f6\",\"potentialAction\":[{\"@type\":\"SearchAction\",\"target\":{\"@type\":\"EntryPoint\",\"urlTemplate\":\"https:\\\/\\\/www.sundsornscamping.se\\\/en\\\/?s={search_term_string}\"},\"query-input\":{\"@type\":\"PropertyValueSpecification\",\"valueRequired\":true,\"valueName\":\"search_term_string\"}}],\"inLanguage\":\"en-GB\"}]}<\/script>\n<!-- \/ Yoast SEO plugin. -->","yoast_head_json":{"title":"About Us - Sunds\u00f6rn Camping, a Fourth-Generation Family Business","description":"Sunds\u00f6rn Camping is run by the Abrahamsson family and is a fourth-generation family business. We are driven by great commitment, heart, and service for our guests, which is reflected in the high number of returning guests year after year. For bookings and other questions, call 0501-393150 or email info@sundsornscamping.se","robots":{"index":"index","follow":"follow","max-snippet":"max-snippet:-1","max-image-preview":"max-image-preview:large","max-video-preview":"max-video-preview:-1"},"canonical":"https:\/\/www.sundsornscamping.se\/en\/about-us\/","og_locale":"en_GB","og_type":"article","og_title":"About Us - Sunds\u00f6rn Camping, a Fourth-Generation Family Business","og_description":"Sunds\u00f6rn Camping is run by the Abrahamsson family and is a fourth-generation family business. We are driven by great commitment, heart, and service for our guests, which is reflected in the high number of returning guests year after year. For bookings and other questions, call 0501-393150 or email info@sundsornscamping.se","og_url":"https:\/\/www.sundsornscamping.se\/en\/about-us\/","og_site_name":"Camping Sunds\u00f6rn - Mariestad","article_modified_time":"2026-04-09T15:43:54+00:00","twitter_card":"summary_large_image","twitter_misc":{"Estimated reading time":"3 minutes"},"schema":{"@context":"https:\/\/schema.org","@graph":[{"@type":"WebPage","@id":"https:\/\/www.sundsornscamping.se\/en\/about-us\/","url":"https:\/\/www.sundsornscamping.se\/en\/about-us\/","name":"About Us - Sunds\u00f6rn Camping, a Fourth-Generation Family Business","isPartOf":{"@id":"https:\/\/www.sundsornscamping.se\/en\/#website"},"datePublished":"2018-02-22T07:44:19+00:00","dateModified":"2026-04-09T15:43:54+00:00","description":"Sunds\u00f6rn Camping is run by the Abrahamsson family and is a fourth-generation family business. We are driven by great commitment, heart, and service for our guests, which is reflected in the high number of returning guests year after year. For bookings and other questions, call 0501-393150 or email info@sundsornscamping.se","breadcrumb":{"@id":"https:\/\/www.sundsornscamping.se\/en\/about-us\/#breadcrumb"},"inLanguage":"en-GB","potentialAction":[{"@type":"ReadAction","target":["https:\/\/www.sundsornscamping.se\/en\/about-us\/"]}]},{"@type":"BreadcrumbList","@id":"https:\/\/www.sundsornscamping.se\/en\/about-us\/#breadcrumb","itemListElement":[{"@type":"ListItem","position":1,"name":"Hem","item":"https:\/\/www.sundsornscamping.se\/en\/"},{"@type":"ListItem","position":2,"name":"About us"}]},{"@type":"WebSite","@id":"https:\/\/www.sundsornscamping.se\/en\/#website","url":"https:\/\/www.sundsornscamping.se\/en\/","name":"Camping Sunds\u00f6rn - Mariestad","description":"Njut av natursk\u00f6n milj\u00f6 \u00e5ret runt, n\u00e4ra Mariestad och Tors\u00f6","potentialAction":[{"@type":"SearchAction","target":{"@type":"EntryPoint","urlTemplate":"https:\/\/www.sundsornscamping.se\/en\/?s={search_term_string}"},"query-input":{"@type":"PropertyValueSpecification","valueRequired":true,"valueName":"search_term_string"}}],"inLanguage":"en-GB"}]}},"_links":{"self":[{"href":"https:\/\/www.sundsornscamping.se\/en\/wp-json\/wp\/v2\/pages\/25698","targetHints":{"allow":["GET"]}}],"collection":[{"href":"https:\/\/www.sundsornscamping.se\/en\/wp-json\/wp\/v2\/pages"}],"about":[{"href":"https:\/\/www.sundsornscamping.se\/en\/wp-json\/wp\/v2\/types\/page"}],"author":[{"embeddable":true,"href":"https:\/\/www.sundsornscamping.se\/en\/wp-json\/wp\/v2\/users\/3"}],"replies":[{"embeddable":true,"href":"https:\/\/www.sundsornscamping.se\/en\/wp-json\/wp\/v2\/comments?post=25698"}],"version-history":[{"count":4,"href":"https:\/\/www.sundsornscamping.se\/en\/wp-json\/wp\/v2\/pages\/25698\/revisions"}],"predecessor-version":[{"id":25862,"href":"https:\/\/www.sundsornscamping.se\/en\/wp-json\/wp\/v2\/pages\/25698\/revisions\/25862"}],"wp:attachment":[{"href":"https:\/\/www.sundsornscamping.se\/en\/wp-json\/wp\/v2\/media?parent=25698"}],"curies":[{"name":"wp","href":"https:\/\/api.w.org\/{rel}","templated":true}]}}