{"id":25718,"date":"2022-04-13T10:42:48","date_gmt":"2022-04-13T08:42:48","guid":{"rendered":"https:\/\/www.sundsornscamping.se\/terms-and-conditions\/"},"modified":"2022-04-13T10:42:48","modified_gmt":"2022-04-13T08:42:48","slug":"terms-and-conditions","status":"publish","type":"page","link":"https:\/\/www.sundsornscamping.se\/en\/terms-and-conditions\/","title":{"rendered":"Terms and Conditions"},"content":{"rendered":"<h1>Terms and Conditions<\/h1>\n<\/p>\n<p><strong>Payment<\/strong><\/p>\n<p>You must be 18 years or older to make purchases on <a href=\"http:\/\/sunsornscamping.se\/\" target=\"_blank\" rel=\"noopener\" data-saferedirecturl=\"https:\/\/www.google.com\/url?q=http:\/\/sunsornscamping.se&amp;source=gmail&amp;ust=1649925357357000&amp;usg=AOvVaw23w3Rqf6DaklvDJ5Mf1JPr\">sunsornscamping.se<\/a>. Payment is made easily and securely with Swedbank Pay. Even if you don&#8217;t have an existing account, you can quickly complete the transaction via Swedbank. Swedbank Pay partners with VISA, MasterCard, and all Swedish banks offering direct payments, including Swedbank, Handelsbanken, SEB, Nordea, and Danske Bank. Swedbank Pay maintains high security standards. All traffic is encrypted, and all card transactions are based on the banks&#8217; 3D-secure technology.     <\/p>\n<p><strong>Pricing<\/strong><\/p>\n<p>Prices on our website are continuously updated and include VAT (25%).<br \/>We reserve the right for price and text errors.<\/p>\n<p><strong>Unused <\/strong><strong><b>Booking<\/b><\/strong><\/p>\n<p>If a booking is not utilized, no refund is normally issued unless cancellation has been made in accordance with the terms and conditions.<\/p>\n<p><strong>Right of Withdrawal \/<\/strong><strong>Cancellation<\/strong><\/p>\n<p><strong>Cancellation must be made at least 5 days before the estimated arrival time.<\/strong><\/p>\n<p><strong>Complaints<\/strong><\/p>\n<p>For complaints, please contact us, and we will assist you!<\/p>\n<p><strong>Personal Data<\/strong><\/p>\n<p>Read our Privacy Policy here.<\/p>\n<p><strong>Disputes<\/strong><\/p>\n<p>We follow the recommendations of the National Board for Consumer Disputes (ARN).<\/p>\n","protected":false},"excerpt":{"rendered":"<p>Terms and Conditions Payment You must be 18 years or older to make purchases on sunsornscamping.se. Payment is made easily and securely with Swedbank Pay. Even if you don&#8217;t have an existing account, you can quickly complete the transaction via Swedbank. Swedbank Pay partners with VISA, MasterCard, and all Swedish banks offering direct payments, including[L\u00e4s mer&#8230;]\n","protected":false},"author":4,"featured_media":0,"parent":0,"menu_order":0,"comment_status":"closed","ping_status":"closed","template":"","meta":{"footnotes":""},"class_list":["post-25718","page","type-page","status-publish","hentry"],"yoast_head":"<!-- This site is optimized with the Yoast SEO plugin v27.4 - https:\/\/yoast.com\/product\/yoast-seo-wordpress\/ -->\n<title>Terms and Conditions - Camping Sunds\u00f6rn - Mariestad<\/title>\n<meta name=\"robots\" content=\"index, follow, max-snippet:-1, max-image-preview:large, max-video-preview:-1\" \/>\n<link rel=\"canonical\" href=\"https:\/\/www.sundsornscamping.se\/en\/terms-and-conditions\/\" \/>\n<meta property=\"og:locale\" content=\"en_GB\" \/>\n<meta property=\"og:type\" content=\"article\" \/>\n<meta property=\"og:title\" content=\"Terms and Conditions - Camping Sunds\u00f6rn - Mariestad\" \/>\n<meta property=\"og:description\" content=\"Terms and Conditions Payment You must be 18 years or older to make purchases on sunsornscamping.se. Payment is made easily and securely with Swedbank Pay. Even if you don&#8217;t have an existing account, you can quickly complete the transaction via Swedbank. Swedbank Pay partners with VISA, MasterCard, and all Swedish banks offering direct payments, including[L\u00e4s mer...]\" \/>\n<meta property=\"og:url\" content=\"https:\/\/www.sundsornscamping.se\/en\/terms-and-conditions\/\" \/>\n<meta property=\"og:site_name\" content=\"Camping Sunds\u00f6rn - Mariestad\" \/>\n<meta name=\"twitter:card\" content=\"summary_large_image\" \/>\n<meta name=\"twitter:label1\" content=\"Estimated reading time\" \/>\n\t<meta name=\"twitter:data1\" content=\"1 minute\" \/>\n<script type=\"application\/ld+json\" class=\"yoast-schema-graph\">{\"@context\":\"https:\\\/\\\/schema.org\",\"@graph\":[{\"@type\":\"WebPage\",\"@id\":\"https:\\\/\\\/www.sundsornscamping.se\\\/en\\\/terms-and-conditions\\\/\",\"url\":\"https:\\\/\\\/www.sundsornscamping.se\\\/en\\\/terms-and-conditions\\\/\",\"name\":\"Terms and Conditions - Camping Sunds\u00f6rn - Mariestad\",\"isPartOf\":{\"@id\":\"https:\\\/\\\/www.sundsornscamping.se\\\/en\\\/#website\"},\"datePublished\":\"2022-04-13T08:42:48+00:00\",\"breadcrumb\":{\"@id\":\"https:\\\/\\\/www.sundsornscamping.se\\\/en\\\/terms-and-conditions\\\/#breadcrumb\"},\"inLanguage\":\"en-GB\",\"potentialAction\":[{\"@type\":\"ReadAction\",\"target\":[\"https:\\\/\\\/www.sundsornscamping.se\\\/en\\\/terms-and-conditions\\\/\"]}]},{\"@type\":\"BreadcrumbList\",\"@id\":\"https:\\\/\\\/www.sundsornscamping.se\\\/en\\\/terms-and-conditions\\\/#breadcrumb\",\"itemListElement\":[{\"@type\":\"ListItem\",\"position\":1,\"name\":\"Hem\",\"item\":\"https:\\\/\\\/www.sundsornscamping.se\\\/en\\\/\"},{\"@type\":\"ListItem\",\"position\":2,\"name\":\"Terms and Conditions\"}]},{\"@type\":\"WebSite\",\"@id\":\"https:\\\/\\\/www.sundsornscamping.se\\\/en\\\/#website\",\"url\":\"https:\\\/\\\/www.sundsornscamping.se\\\/en\\\/\",\"name\":\"Camping Sunds\u00f6rn - Mariestad\",\"description\":\"Njut av natursk\u00f6n milj\u00f6 \u00e5ret runt, n\u00e4ra Mariestad och Tors\u00f6\",\"potentialAction\":[{\"@type\":\"SearchAction\",\"target\":{\"@type\":\"EntryPoint\",\"urlTemplate\":\"https:\\\/\\\/www.sundsornscamping.se\\\/en\\\/?s={search_term_string}\"},\"query-input\":{\"@type\":\"PropertyValueSpecification\",\"valueRequired\":true,\"valueName\":\"search_term_string\"}}],\"inLanguage\":\"en-GB\"}]}<\/script>\n<!-- \/ Yoast SEO plugin. -->","yoast_head_json":{"title":"Terms and Conditions - Camping Sunds\u00f6rn - Mariestad","robots":{"index":"index","follow":"follow","max-snippet":"max-snippet:-1","max-image-preview":"max-image-preview:large","max-video-preview":"max-video-preview:-1"},"canonical":"https:\/\/www.sundsornscamping.se\/en\/terms-and-conditions\/","og_locale":"en_GB","og_type":"article","og_title":"Terms and Conditions - Camping Sunds\u00f6rn - Mariestad","og_description":"Terms and Conditions Payment You must be 18 years or older to make purchases on sunsornscamping.se. Payment is made easily and securely with Swedbank Pay. Even if you don&#8217;t have an existing account, you can quickly complete the transaction via Swedbank. Swedbank Pay partners with VISA, MasterCard, and all Swedish banks offering direct payments, including[L\u00e4s mer...]","og_url":"https:\/\/www.sundsornscamping.se\/en\/terms-and-conditions\/","og_site_name":"Camping Sunds\u00f6rn - Mariestad","twitter_card":"summary_large_image","twitter_misc":{"Estimated reading time":"1 minute"},"schema":{"@context":"https:\/\/schema.org","@graph":[{"@type":"WebPage","@id":"https:\/\/www.sundsornscamping.se\/en\/terms-and-conditions\/","url":"https:\/\/www.sundsornscamping.se\/en\/terms-and-conditions\/","name":"Terms and Conditions - Camping Sunds\u00f6rn - Mariestad","isPartOf":{"@id":"https:\/\/www.sundsornscamping.se\/en\/#website"},"datePublished":"2022-04-13T08:42:48+00:00","breadcrumb":{"@id":"https:\/\/www.sundsornscamping.se\/en\/terms-and-conditions\/#breadcrumb"},"inLanguage":"en-GB","potentialAction":[{"@type":"ReadAction","target":["https:\/\/www.sundsornscamping.se\/en\/terms-and-conditions\/"]}]},{"@type":"BreadcrumbList","@id":"https:\/\/www.sundsornscamping.se\/en\/terms-and-conditions\/#breadcrumb","itemListElement":[{"@type":"ListItem","position":1,"name":"Hem","item":"https:\/\/www.sundsornscamping.se\/en\/"},{"@type":"ListItem","position":2,"name":"Terms and Conditions"}]},{"@type":"WebSite","@id":"https:\/\/www.sundsornscamping.se\/en\/#website","url":"https:\/\/www.sundsornscamping.se\/en\/","name":"Camping Sunds\u00f6rn - Mariestad","description":"Njut av natursk\u00f6n milj\u00f6 \u00e5ret runt, n\u00e4ra Mariestad och Tors\u00f6","potentialAction":[{"@type":"SearchAction","target":{"@type":"EntryPoint","urlTemplate":"https:\/\/www.sundsornscamping.se\/en\/?s={search_term_string}"},"query-input":{"@type":"PropertyValueSpecification","valueRequired":true,"valueName":"search_term_string"}}],"inLanguage":"en-GB"}]}},"_links":{"self":[{"href":"https:\/\/www.sundsornscamping.se\/en\/wp-json\/wp\/v2\/pages\/25718","targetHints":{"allow":["GET"]}}],"collection":[{"href":"https:\/\/www.sundsornscamping.se\/en\/wp-json\/wp\/v2\/pages"}],"about":[{"href":"https:\/\/www.sundsornscamping.se\/en\/wp-json\/wp\/v2\/types\/page"}],"author":[{"embeddable":true,"href":"https:\/\/www.sundsornscamping.se\/en\/wp-json\/wp\/v2\/users\/4"}],"replies":[{"embeddable":true,"href":"https:\/\/www.sundsornscamping.se\/en\/wp-json\/wp\/v2\/comments?post=25718"}],"version-history":[{"count":0,"href":"https:\/\/www.sundsornscamping.se\/en\/wp-json\/wp\/v2\/pages\/25718\/revisions"}],"wp:attachment":[{"href":"https:\/\/www.sundsornscamping.se\/en\/wp-json\/wp\/v2\/media?parent=25718"}],"curies":[{"name":"wp","href":"https:\/\/api.w.org\/{rel}","templated":true}]}}