{"id":25719,"date":"2025-03-31T13:41:34","date_gmt":"2025-03-31T11:41:34","guid":{"rendered":"https:\/\/www.sundsornscamping.se\/terms-and-conditions-2\/"},"modified":"2026-04-14T15:05:37","modified_gmt":"2026-04-14T13:05:37","slug":"terms-and-conditions-2","status":"publish","type":"page","link":"https:\/\/www.sundsornscamping.se\/en\/terms-and-conditions-2\/","title":{"rendered":"General Terms and Conditions"},"content":{"rendered":"\r\n<h1>General Terms and Conditions<\/h1>\r\n<p><strong>Rental Terms for Cabins and Camping Pitches<\/strong><\/p>\r\n<p>By making a booking and payment, you accept the following terms:<\/p>\r\n<ol>\r\n<li>Order and Comfort<br>\u2022 The guest agrees to follow the applicable regulations on the premises.<br>\u2022 Check-out must be completed by 11:00 AM on the day of departure. <br>\u2022 Any gas equipment, as well as caravans or motorhomes, must be inspected and in approved condition.<br>\u2022 It is important to show consideration for other guests.<br>\u2022 No loud music may be played, and from 10:00 PM the noise level must be low and no disturbing sounds may occur. <\/li>\r\n<li>Cleaning<br>Cleaning is not included in the rental fee. If the cabin or pitch is not properly cleaned upon departure, a cleaning fee of 500 SEK per started hour will be charged. <\/li>\r\n<li>Wear and Damage<br>Normal wear and tear is included in the rental fee. Any damage beyond normal wear and tear will be charged at market value. <\/li>\r\n<li>Reporting Damage at Check-in<br>Any damage or deficiencies must be reported within 1 hour after check-in.<br>\u2022 The report must be made both via photo (sent to the specified contact) and by notifying the reception.<br>\u2022 If this is not done, the guest may be held responsible for any damage discovered upon departure.<\/li>\r\n<li>Responsibility<br>The guest is responsible for using the cabin or pitch with care and ensuring that no unauthorized persons stay there without approval.<\/li>\r\n<\/ol>\r\n<p><strong>By paying for the booking, you accept these terms and conditions.<\/strong><\/p>\r\n<p>&nbsp;<\/p>\r\n<h2>Bike rental terms<\/h2>\r\n<ol>\r\n<li>Renter&#8217;s Responsibility<br>The renter is fully responsible for the bicycle and any associated equipment from the moment it is received until it is returned.<\/li>\r\n<li>Damage to the Bicycle<br> \u2022 Normal wear and tear, such as dirt or chain slippage, is not the renter&#8217;s responsibility.<br> \u2022 All damage caused by negligence, carelessness, or improper use will be compensated by the renter at the actual repair cost.<br> \u2022 If the bicycle is damaged during the rental period, the renter is liable for compensation unless reasonable protective measures can be demonstrated.<\/li>\r\n<li>Theft<br> \u2022 The bicycle must be locked when left unattended.<br> \u2022 In case of theft, the renter will be charged the bicycle&#8217;s current market value, unless it can be shown that the theft occurred despite proper locking and storage.<br> \u2022 In case of theft, a police report must be filed within 24 hours, and a copy of the report must be provided to the rental company.<\/li>\r\n<li>Other Equipment<br> \u2022 All other equipment rented in connection with the bicycle \u2013 e.g. helmet, child seat, lock, tools, or bike basket \u2013 is covered by the same terms as the bike.<br>  \u2022 In case of damage, loss, or theft of such equipment, the renter will be charged the market value of the equipment.<\/li>\r\n<li>Return<br> \u2022 The bicycle and any equipment must be returned at the agreed time and place.<br> \u2022 Late return will be charged at 100 SEK per hour.<br> \u2022 If the bicycle or equipment is not returned within 24 hours after the agreed time, it will be considered missing, and the renter will be charged according to sections 3 and 4.<\/li>\r\n<li>Acceptance of Terms<br><strong>By renting the bicycle and any equipment, the renter confirms that they have read and fully accept these terms.<\/strong><\/li>\r\n<\/ol>\r\n<p>&nbsp;<\/p>\r\n","protected":false},"excerpt":{"rendered":"","protected":false},"author":4,"featured_media":0,"parent":0,"menu_order":0,"comment_status":"closed","ping_status":"closed","template":"","meta":{"footnotes":""},"class_list":["post-25719","page","type-page","status-publish","hentry"],"yoast_head":"<!-- This site is optimized with the Yoast SEO plugin v27.4 - https:\/\/yoast.com\/product\/yoast-seo-wordpress\/ -->\n<title>General Terms and Conditions - Camping Sunds\u00f6rn - Mariestad<\/title>\n<meta name=\"robots\" content=\"index, follow, max-snippet:-1, max-image-preview:large, max-video-preview:-1\" \/>\n<link rel=\"canonical\" href=\"https:\/\/www.sundsornscamping.se\/en\/terms-and-conditions-2\/\" \/>\n<meta property=\"og:locale\" content=\"en_GB\" \/>\n<meta property=\"og:type\" content=\"article\" \/>\n<meta property=\"og:title\" content=\"General Terms and Conditions - Camping Sunds\u00f6rn - Mariestad\" \/>\n<meta property=\"og:url\" content=\"https:\/\/www.sundsornscamping.se\/en\/terms-and-conditions-2\/\" \/>\n<meta property=\"og:site_name\" content=\"Camping Sunds\u00f6rn - Mariestad\" \/>\n<meta property=\"article:modified_time\" content=\"2026-04-14T13:05:37+00:00\" \/>\n<meta name=\"twitter:card\" content=\"summary_large_image\" \/>\n<meta name=\"twitter:label1\" content=\"Estimated reading time\" \/>\n\t<meta name=\"twitter:data1\" content=\"3 minutes\" \/>\n<script type=\"application\/ld+json\" class=\"yoast-schema-graph\">{\"@context\":\"https:\\\/\\\/schema.org\",\"@graph\":[{\"@type\":\"WebPage\",\"@id\":\"https:\\\/\\\/www.sundsornscamping.se\\\/en\\\/terms-and-conditions-2\\\/\",\"url\":\"https:\\\/\\\/www.sundsornscamping.se\\\/en\\\/terms-and-conditions-2\\\/\",\"name\":\"General Terms and Conditions - Camping Sunds\u00f6rn - Mariestad\",\"isPartOf\":{\"@id\":\"https:\\\/\\\/www.sundsornscamping.se\\\/en\\\/#website\"},\"datePublished\":\"2025-03-31T11:41:34+00:00\",\"dateModified\":\"2026-04-14T13:05:37+00:00\",\"breadcrumb\":{\"@id\":\"https:\\\/\\\/www.sundsornscamping.se\\\/en\\\/terms-and-conditions-2\\\/#breadcrumb\"},\"inLanguage\":\"en-GB\",\"potentialAction\":[{\"@type\":\"ReadAction\",\"target\":[\"https:\\\/\\\/www.sundsornscamping.se\\\/en\\\/terms-and-conditions-2\\\/\"]}]},{\"@type\":\"BreadcrumbList\",\"@id\":\"https:\\\/\\\/www.sundsornscamping.se\\\/en\\\/terms-and-conditions-2\\\/#breadcrumb\",\"itemListElement\":[{\"@type\":\"ListItem\",\"position\":1,\"name\":\"Hem\",\"item\":\"https:\\\/\\\/www.sundsornscamping.se\\\/en\\\/\"},{\"@type\":\"ListItem\",\"position\":2,\"name\":\"General Terms and Conditions\"}]},{\"@type\":\"WebSite\",\"@id\":\"https:\\\/\\\/www.sundsornscamping.se\\\/en\\\/#website\",\"url\":\"https:\\\/\\\/www.sundsornscamping.se\\\/en\\\/\",\"name\":\"Camping Sunds\u00f6rn - Mariestad\",\"description\":\"Njut av natursk\u00f6n milj\u00f6 \u00e5ret runt, n\u00e4ra Mariestad och Tors\u00f6\",\"potentialAction\":[{\"@type\":\"SearchAction\",\"target\":{\"@type\":\"EntryPoint\",\"urlTemplate\":\"https:\\\/\\\/www.sundsornscamping.se\\\/en\\\/?s={search_term_string}\"},\"query-input\":{\"@type\":\"PropertyValueSpecification\",\"valueRequired\":true,\"valueName\":\"search_term_string\"}}],\"inLanguage\":\"en-GB\"}]}<\/script>\n<!-- \/ Yoast SEO plugin. -->","yoast_head_json":{"title":"General Terms and Conditions - Camping Sunds\u00f6rn - Mariestad","robots":{"index":"index","follow":"follow","max-snippet":"max-snippet:-1","max-image-preview":"max-image-preview:large","max-video-preview":"max-video-preview:-1"},"canonical":"https:\/\/www.sundsornscamping.se\/en\/terms-and-conditions-2\/","og_locale":"en_GB","og_type":"article","og_title":"General Terms and Conditions - Camping Sunds\u00f6rn - Mariestad","og_url":"https:\/\/www.sundsornscamping.se\/en\/terms-and-conditions-2\/","og_site_name":"Camping Sunds\u00f6rn - Mariestad","article_modified_time":"2026-04-14T13:05:37+00:00","twitter_card":"summary_large_image","twitter_misc":{"Estimated reading time":"3 minutes"},"schema":{"@context":"https:\/\/schema.org","@graph":[{"@type":"WebPage","@id":"https:\/\/www.sundsornscamping.se\/en\/terms-and-conditions-2\/","url":"https:\/\/www.sundsornscamping.se\/en\/terms-and-conditions-2\/","name":"General Terms and Conditions - Camping Sunds\u00f6rn - Mariestad","isPartOf":{"@id":"https:\/\/www.sundsornscamping.se\/en\/#website"},"datePublished":"2025-03-31T11:41:34+00:00","dateModified":"2026-04-14T13:05:37+00:00","breadcrumb":{"@id":"https:\/\/www.sundsornscamping.se\/en\/terms-and-conditions-2\/#breadcrumb"},"inLanguage":"en-GB","potentialAction":[{"@type":"ReadAction","target":["https:\/\/www.sundsornscamping.se\/en\/terms-and-conditions-2\/"]}]},{"@type":"BreadcrumbList","@id":"https:\/\/www.sundsornscamping.se\/en\/terms-and-conditions-2\/#breadcrumb","itemListElement":[{"@type":"ListItem","position":1,"name":"Hem","item":"https:\/\/www.sundsornscamping.se\/en\/"},{"@type":"ListItem","position":2,"name":"General Terms and Conditions"}]},{"@type":"WebSite","@id":"https:\/\/www.sundsornscamping.se\/en\/#website","url":"https:\/\/www.sundsornscamping.se\/en\/","name":"Camping Sunds\u00f6rn - Mariestad","description":"Njut av natursk\u00f6n milj\u00f6 \u00e5ret runt, n\u00e4ra Mariestad och Tors\u00f6","potentialAction":[{"@type":"SearchAction","target":{"@type":"EntryPoint","urlTemplate":"https:\/\/www.sundsornscamping.se\/en\/?s={search_term_string}"},"query-input":{"@type":"PropertyValueSpecification","valueRequired":true,"valueName":"search_term_string"}}],"inLanguage":"en-GB"}]}},"_links":{"self":[{"href":"https:\/\/www.sundsornscamping.se\/en\/wp-json\/wp\/v2\/pages\/25719","targetHints":{"allow":["GET"]}}],"collection":[{"href":"https:\/\/www.sundsornscamping.se\/en\/wp-json\/wp\/v2\/pages"}],"about":[{"href":"https:\/\/www.sundsornscamping.se\/en\/wp-json\/wp\/v2\/types\/page"}],"author":[{"embeddable":true,"href":"https:\/\/www.sundsornscamping.se\/en\/wp-json\/wp\/v2\/users\/4"}],"replies":[{"embeddable":true,"href":"https:\/\/www.sundsornscamping.se\/en\/wp-json\/wp\/v2\/comments?post=25719"}],"version-history":[{"count":3,"href":"https:\/\/www.sundsornscamping.se\/en\/wp-json\/wp\/v2\/pages\/25719\/revisions"}],"predecessor-version":[{"id":25889,"href":"https:\/\/www.sundsornscamping.se\/en\/wp-json\/wp\/v2\/pages\/25719\/revisions\/25889"}],"wp:attachment":[{"href":"https:\/\/www.sundsornscamping.se\/en\/wp-json\/wp\/v2\/media?parent=25719"}],"curies":[{"name":"wp","href":"https:\/\/api.w.org\/{rel}","templated":true}]}}