{"id":25476,"date":"2025-03-31T14:18:29","date_gmt":"2025-03-31T12:18:29","guid":{"rendered":"https:\/\/www.sundsornscamping.se\/boka\/rent-a-bike\/"},"modified":"2026-04-10T11:42:52","modified_gmt":"2026-04-10T09:42:52","slug":"rent-a-bike","status":"publish","type":"product","link":"https:\/\/www.sundsornscamping.se\/en\/book\/rent-a-bike\/","title":{"rendered":"Rent a bike"},"content":{"rendered":"<h2>Bike rental terms<\/h2>\n<ol>\n<li>Renter\u2019s responsibility<br \/>\nThe renter is fully responsible for the bike and any associated equipment from the time it is received until it is returned.<\/li>\n<li>Damage to the bike<br \/>\n\u2022 Normal wear and tear, such as dirt or a dropped chain, is not the renter\u2019s responsibility.<br \/>\n\u2022 Any damage caused by carelessness, negligence, or improper use will be charged to the renter at the actual repair cost.<br \/>\n\u2022 If the bike is vandalized during the rental period, the renter is liable for compensation unless reasonable protective measures can be demonstrated.<\/li>\n<li>Theft<br \/>\n\u2022 The bike must be locked when left unattended.<br \/>\n\u2022 In case of theft, the renter will be charged the bike\u2019s current market value, unless it can be shown that the theft occurred despite proper locking and storage.<br \/>\n\u2022 In case of theft, a police report must be filed within 24 hours, and a copy of the report must be provided to the rental provider.<\/li>\n<li>Other equipment<br \/>\n\u2022 All other equipment rented together with the bike \u2013 e.g. helmet, child seat, lock, tools, or bike basket \u2013 is covered by the same terms as the bike.<br \/>\n\u2022 In case of damage, loss, or theft of such equipment, the renter will be charged the equipment\u2019s market value.<\/li>\n<li>Return<br \/>\n\u2022 The bike and any equipment must be returned at the agreed time and place.<br \/>\n\u2022 Late return will be charged at SEK 100 per hour.<br \/>\n\u2022 If the bike or equipment is not returned within 24 hours after the agreed time, it will be considered missing, and the renter will be charged according to points 3 and 4.<\/li>\n<li>Acceptance of terms<br \/>\n<strong>By renting the bike and any equipment, the renter confirms that they have read and fully accept these terms.<\/strong><\/li>\n<\/ol>\n","protected":false},"excerpt":{"rendered":"<p>Take the chance to rent a bike and have a look around the beautiful surroundings.<\/p>\n","protected":false},"featured_media":22252,"template":"","meta":[],"product_brand":[],"product_cat":[101],"product_tag":[],"class_list":{"0":"post-25476","1":"product","2":"type-product","3":"status-publish","4":"has-post-thumbnail","6":"product_cat-bicycle","8":"first","9":"instock","10":"sold-individually","11":"taxable","12":"shipping-taxable","13":"purchasable","14":"product-type-phive_booking"},"yoast_head":"<!-- This site is optimized with the Yoast SEO plugin v27.4 - https:\/\/yoast.com\/product\/yoast-seo-wordpress\/ -->\n<title>Rent a bike - Camping Sunds\u00f6rn - Mariestad<\/title>\n<meta name=\"robots\" content=\"index, follow, max-snippet:-1, max-image-preview:large, max-video-preview:-1\" \/>\n<link rel=\"canonical\" href=\"https:\/\/www.sundsornscamping.se\/en\/book\/rent-a-bike\/\" \/>\n<meta property=\"og:locale\" content=\"en_GB\" \/>\n<meta property=\"og:type\" content=\"article\" \/>\n<meta property=\"og:title\" content=\"Rent a bike - Camping Sunds\u00f6rn - Mariestad\" \/>\n<meta property=\"og:description\" content=\"Take the chance to rent a bike and have a look around the beautiful surroundings.\" \/>\n<meta property=\"og:url\" content=\"https:\/\/www.sundsornscamping.se\/en\/book\/rent-a-bike\/\" \/>\n<meta property=\"og:site_name\" content=\"Camping Sunds\u00f6rn - Mariestad\" \/>\n<meta property=\"article:modified_time\" content=\"2026-04-10T09:42:52+00:00\" \/>\n<meta property=\"og:image\" content=\"https:\/\/www.sundsornscamping.se\/wp-content\/uploads\/2025\/03\/53-2805-0301-2347-70-01-1.jpg\" \/>\n\t<meta property=\"og:image:width\" content=\"1280\" \/>\n\t<meta property=\"og:image:height\" content=\"848\" \/>\n\t<meta property=\"og:image:type\" content=\"image\/jpeg\" \/>\n<meta name=\"twitter:card\" content=\"summary_large_image\" \/>\n<meta name=\"twitter:label1\" content=\"Estimated reading time\" \/>\n\t<meta name=\"twitter:data1\" content=\"1 minute\" \/>\n<script type=\"application\/ld+json\" class=\"yoast-schema-graph\">{\"@context\":\"https:\\\/\\\/schema.org\",\"@graph\":[{\"@type\":\"WebPage\",\"@id\":\"https:\\\/\\\/www.sundsornscamping.se\\\/en\\\/book\\\/rent-a-bike\\\/\",\"url\":\"https:\\\/\\\/www.sundsornscamping.se\\\/en\\\/book\\\/rent-a-bike\\\/\",\"name\":\"Rent a bike - Camping Sunds\u00f6rn - Mariestad\",\"isPartOf\":{\"@id\":\"https:\\\/\\\/www.sundsornscamping.se\\\/en\\\/#website\"},\"primaryImageOfPage\":{\"@id\":\"https:\\\/\\\/www.sundsornscamping.se\\\/en\\\/book\\\/rent-a-bike\\\/#primaryimage\"},\"image\":{\"@id\":\"https:\\\/\\\/www.sundsornscamping.se\\\/en\\\/book\\\/rent-a-bike\\\/#primaryimage\"},\"thumbnailUrl\":\"https:\\\/\\\/www.sundsornscamping.se\\\/wp-content\\\/uploads\\\/2025\\\/03\\\/53-2805-0301-2347-70-01-1.jpg\",\"datePublished\":\"2025-03-31T12:18:29+00:00\",\"dateModified\":\"2026-04-10T09:42:52+00:00\",\"breadcrumb\":{\"@id\":\"https:\\\/\\\/www.sundsornscamping.se\\\/en\\\/book\\\/rent-a-bike\\\/#breadcrumb\"},\"inLanguage\":\"en-GB\",\"potentialAction\":[{\"@type\":\"ReadAction\",\"target\":[\"https:\\\/\\\/www.sundsornscamping.se\\\/en\\\/book\\\/rent-a-bike\\\/\"]}]},{\"@type\":\"ImageObject\",\"inLanguage\":\"en-GB\",\"@id\":\"https:\\\/\\\/www.sundsornscamping.se\\\/en\\\/book\\\/rent-a-bike\\\/#primaryimage\",\"url\":\"https:\\\/\\\/www.sundsornscamping.se\\\/wp-content\\\/uploads\\\/2025\\\/03\\\/53-2805-0301-2347-70-01-1.jpg\",\"contentUrl\":\"https:\\\/\\\/www.sundsornscamping.se\\\/wp-content\\\/uploads\\\/2025\\\/03\\\/53-2805-0301-2347-70-01-1.jpg\",\"width\":1280,\"height\":848},{\"@type\":\"BreadcrumbList\",\"@id\":\"https:\\\/\\\/www.sundsornscamping.se\\\/en\\\/book\\\/rent-a-bike\\\/#breadcrumb\",\"itemListElement\":[{\"@type\":\"ListItem\",\"position\":1,\"name\":\"Hem\",\"item\":\"https:\\\/\\\/www.sundsornscamping.se\\\/en\\\/\"},{\"@type\":\"ListItem\",\"position\":2,\"name\":\"Shop\",\"item\":\"https:\\\/\\\/www.sundsornscamping.se\\\/en\\\/shop\\\/\"},{\"@type\":\"ListItem\",\"position\":3,\"name\":\"Rent a bike\"}]},{\"@type\":\"WebSite\",\"@id\":\"https:\\\/\\\/www.sundsornscamping.se\\\/en\\\/#website\",\"url\":\"https:\\\/\\\/www.sundsornscamping.se\\\/en\\\/\",\"name\":\"Camping Sunds\u00f6rn - Mariestad\",\"description\":\"Njut av natursk\u00f6n milj\u00f6 \u00e5ret runt, n\u00e4ra Mariestad och Tors\u00f6\",\"potentialAction\":[{\"@type\":\"SearchAction\",\"target\":{\"@type\":\"EntryPoint\",\"urlTemplate\":\"https:\\\/\\\/www.sundsornscamping.se\\\/en\\\/?s={search_term_string}\"},\"query-input\":{\"@type\":\"PropertyValueSpecification\",\"valueRequired\":true,\"valueName\":\"search_term_string\"}}],\"inLanguage\":\"en-GB\"}]}<\/script>\n<!-- \/ Yoast SEO plugin. -->","yoast_head_json":{"title":"Rent a bike - Camping Sunds\u00f6rn - Mariestad","robots":{"index":"index","follow":"follow","max-snippet":"max-snippet:-1","max-image-preview":"max-image-preview:large","max-video-preview":"max-video-preview:-1"},"canonical":"https:\/\/www.sundsornscamping.se\/en\/book\/rent-a-bike\/","og_locale":"en_GB","og_type":"article","og_title":"Rent a bike - Camping Sunds\u00f6rn - Mariestad","og_description":"Take the chance to rent a bike and have a look around the beautiful surroundings.","og_url":"https:\/\/www.sundsornscamping.se\/en\/book\/rent-a-bike\/","og_site_name":"Camping Sunds\u00f6rn - Mariestad","article_modified_time":"2026-04-10T09:42:52+00:00","og_image":[{"width":1280,"height":848,"url":"https:\/\/www.sundsornscamping.se\/wp-content\/uploads\/2025\/03\/53-2805-0301-2347-70-01-1.jpg","type":"image\/jpeg"}],"twitter_card":"summary_large_image","twitter_misc":{"Estimated reading time":"1 minute"},"schema":{"@context":"https:\/\/schema.org","@graph":[{"@type":"WebPage","@id":"https:\/\/www.sundsornscamping.se\/en\/book\/rent-a-bike\/","url":"https:\/\/www.sundsornscamping.se\/en\/book\/rent-a-bike\/","name":"Rent a bike - Camping Sunds\u00f6rn - Mariestad","isPartOf":{"@id":"https:\/\/www.sundsornscamping.se\/en\/#website"},"primaryImageOfPage":{"@id":"https:\/\/www.sundsornscamping.se\/en\/book\/rent-a-bike\/#primaryimage"},"image":{"@id":"https:\/\/www.sundsornscamping.se\/en\/book\/rent-a-bike\/#primaryimage"},"thumbnailUrl":"https:\/\/www.sundsornscamping.se\/wp-content\/uploads\/2025\/03\/53-2805-0301-2347-70-01-1.jpg","datePublished":"2025-03-31T12:18:29+00:00","dateModified":"2026-04-10T09:42:52+00:00","breadcrumb":{"@id":"https:\/\/www.sundsornscamping.se\/en\/book\/rent-a-bike\/#breadcrumb"},"inLanguage":"en-GB","potentialAction":[{"@type":"ReadAction","target":["https:\/\/www.sundsornscamping.se\/en\/book\/rent-a-bike\/"]}]},{"@type":"ImageObject","inLanguage":"en-GB","@id":"https:\/\/www.sundsornscamping.se\/en\/book\/rent-a-bike\/#primaryimage","url":"https:\/\/www.sundsornscamping.se\/wp-content\/uploads\/2025\/03\/53-2805-0301-2347-70-01-1.jpg","contentUrl":"https:\/\/www.sundsornscamping.se\/wp-content\/uploads\/2025\/03\/53-2805-0301-2347-70-01-1.jpg","width":1280,"height":848},{"@type":"BreadcrumbList","@id":"https:\/\/www.sundsornscamping.se\/en\/book\/rent-a-bike\/#breadcrumb","itemListElement":[{"@type":"ListItem","position":1,"name":"Hem","item":"https:\/\/www.sundsornscamping.se\/en\/"},{"@type":"ListItem","position":2,"name":"Shop","item":"https:\/\/www.sundsornscamping.se\/en\/shop\/"},{"@type":"ListItem","position":3,"name":"Rent a bike"}]},{"@type":"WebSite","@id":"https:\/\/www.sundsornscamping.se\/en\/#website","url":"https:\/\/www.sundsornscamping.se\/en\/","name":"Camping Sunds\u00f6rn - Mariestad","description":"Njut av natursk\u00f6n milj\u00f6 \u00e5ret runt, n\u00e4ra Mariestad och Tors\u00f6","potentialAction":[{"@type":"SearchAction","target":{"@type":"EntryPoint","urlTemplate":"https:\/\/www.sundsornscamping.se\/en\/?s={search_term_string}"},"query-input":{"@type":"PropertyValueSpecification","valueRequired":true,"valueName":"search_term_string"}}],"inLanguage":"en-GB"}]}},"_links":{"self":[{"href":"https:\/\/www.sundsornscamping.se\/en\/wp-json\/wp\/v2\/product\/25476","targetHints":{"allow":["GET"]}}],"collection":[{"href":"https:\/\/www.sundsornscamping.se\/en\/wp-json\/wp\/v2\/product"}],"about":[{"href":"https:\/\/www.sundsornscamping.se\/en\/wp-json\/wp\/v2\/types\/product"}],"wp:featuredmedia":[{"embeddable":true,"href":"https:\/\/www.sundsornscamping.se\/en\/wp-json\/wp\/v2\/media\/22252"}],"wp:attachment":[{"href":"https:\/\/www.sundsornscamping.se\/en\/wp-json\/wp\/v2\/media?parent=25476"}],"wp:term":[{"taxonomy":"product_brand","embeddable":true,"href":"https:\/\/www.sundsornscamping.se\/en\/wp-json\/wp\/v2\/product_brand?post=25476"},{"taxonomy":"product_cat","embeddable":true,"href":"https:\/\/www.sundsornscamping.se\/en\/wp-json\/wp\/v2\/product_cat?post=25476"},{"taxonomy":"product_tag","embeddable":true,"href":"https:\/\/www.sundsornscamping.se\/en\/wp-json\/wp\/v2\/product_tag?post=25476"}],"curies":[{"name":"wp","href":"https:\/\/api.w.org\/{rel}","templated":true}]}}