{"id":25490,"date":"2022-03-22T12:31:38","date_gmt":"2022-03-22T11:31:38","guid":{"rendered":"https:\/\/www.sundsornscamping.se\/boka\/cabin-2-4-beds\/"},"modified":"2026-04-10T11:43:06","modified_gmt":"2026-04-10T09:43:06","slug":"cabin-2-4-beds","status":"publish","type":"product","link":"https:\/\/www.sundsornscamping.se\/en\/book\/cabin-2-4-beds\/","title":{"rendered":"Cabin 2, 4 beds"},"content":{"rendered":"","protected":false},"excerpt":{"rendered":"<p>There are 4 cabins available for rent, with more to be built soon. Three cabins are 15 sqm, accommodating four beds. These cabins are located in the camping area and are equipped with a kitchenette, kettle, fridge with freezer compartment, and TV. Fiber internet will be connected shortly. Sheets and pillowcases can be rented for 75 SEK\/set at the reception. When booking seven nights or more, we offer one night free.     <\/p>\n<p>The fourth cabin is 25 sqm and also accommodates four beds (one bunk bed and one sofa bed). It is beautifully situated by the restaurant and the lake. The cabin is equipped with a kitchen, microwave, kettle, fridge with freezer compartment, and TV. Fiber internet is connected. Sheets and pillowcases can be rented for 75 SEK\/set at the reception. <a href=\"\/product\/hyra-stuga-stor-stuga-4-baddar\/\">Read more and book the larger cabin here<\/a>.   <\/p>\n<p>Cancellation must be made at least 5 days before the estimated arrival time.<\/p>\n","protected":false},"featured_media":3936,"template":"","meta":[],"product_brand":[],"product_cat":[96],"product_tag":[],"class_list":{"0":"post-25490","1":"product","2":"type-product","3":"status-publish","4":"has-post-thumbnail","6":"product_cat-cabin","8":"first","9":"instock","10":"sold-individually","11":"taxable","12":"shipping-taxable","13":"purchasable","14":"product-type-phive_booking"},"yoast_head":"<!-- This site is optimized with the Yoast SEO plugin v27.4 - https:\/\/yoast.com\/product\/yoast-seo-wordpress\/ -->\n<title>Cabin 2, 4 beds - Camping Sunds\u00f6rn - Mariestad<\/title>\n<meta name=\"description\" content=\"-1389\" \/>\n<meta name=\"robots\" content=\"index, follow, max-snippet:-1, max-image-preview:large, max-video-preview:-1\" \/>\n<link rel=\"canonical\" href=\"https:\/\/www.sundsornscamping.se\/en\/book\/cabin-2-4-beds\/\" \/>\n<meta property=\"og:locale\" content=\"en_GB\" \/>\n<meta property=\"og:type\" content=\"article\" \/>\n<meta property=\"og:title\" content=\"Cabin 2, 4 beds - Camping Sunds\u00f6rn - Mariestad\" \/>\n<meta property=\"og:description\" content=\"-1389\" \/>\n<meta property=\"og:url\" content=\"https:\/\/www.sundsornscamping.se\/en\/book\/cabin-2-4-beds\/\" \/>\n<meta property=\"og:site_name\" content=\"Camping Sunds\u00f6rn - Mariestad\" \/>\n<meta property=\"article:modified_time\" content=\"2026-04-10T09:43:06+00:00\" \/>\n<meta property=\"og:image\" content=\"https:\/\/www.sundsornscamping.se\/wp-content\/uploads\/2022\/03\/Stuga-2.jpg\" \/>\n\t<meta property=\"og:image:width\" content=\"750\" \/>\n\t<meta property=\"og:image:height\" content=\"1000\" \/>\n\t<meta property=\"og:image:type\" content=\"image\/jpeg\" \/>\n<meta name=\"twitter:card\" content=\"summary_large_image\" \/>\n<script type=\"application\/ld+json\" class=\"yoast-schema-graph\">{\"@context\":\"https:\\\/\\\/schema.org\",\"@graph\":[{\"@type\":\"WebPage\",\"@id\":\"https:\\\/\\\/www.sundsornscamping.se\\\/en\\\/book\\\/cabin-2-4-beds\\\/\",\"url\":\"https:\\\/\\\/www.sundsornscamping.se\\\/en\\\/book\\\/cabin-2-4-beds\\\/\",\"name\":\"Cabin 2, 4 beds - Camping Sunds\u00f6rn - Mariestad\",\"isPartOf\":{\"@id\":\"https:\\\/\\\/www.sundsornscamping.se\\\/en\\\/#website\"},\"primaryImageOfPage\":{\"@id\":\"https:\\\/\\\/www.sundsornscamping.se\\\/en\\\/book\\\/cabin-2-4-beds\\\/#primaryimage\"},\"image\":{\"@id\":\"https:\\\/\\\/www.sundsornscamping.se\\\/en\\\/book\\\/cabin-2-4-beds\\\/#primaryimage\"},\"thumbnailUrl\":\"https:\\\/\\\/www.sundsornscamping.se\\\/wp-content\\\/uploads\\\/2022\\\/03\\\/Stuga-2.jpg\",\"datePublished\":\"2022-03-22T11:31:38+00:00\",\"dateModified\":\"2026-04-10T09:43:06+00:00\",\"description\":\"-1389\",\"breadcrumb\":{\"@id\":\"https:\\\/\\\/www.sundsornscamping.se\\\/en\\\/book\\\/cabin-2-4-beds\\\/#breadcrumb\"},\"inLanguage\":\"en-GB\",\"potentialAction\":[{\"@type\":\"ReadAction\",\"target\":[\"https:\\\/\\\/www.sundsornscamping.se\\\/en\\\/book\\\/cabin-2-4-beds\\\/\"]}]},{\"@type\":\"ImageObject\",\"inLanguage\":\"en-GB\",\"@id\":\"https:\\\/\\\/www.sundsornscamping.se\\\/en\\\/book\\\/cabin-2-4-beds\\\/#primaryimage\",\"url\":\"https:\\\/\\\/www.sundsornscamping.se\\\/wp-content\\\/uploads\\\/2022\\\/03\\\/Stuga-2.jpg\",\"contentUrl\":\"https:\\\/\\\/www.sundsornscamping.se\\\/wp-content\\\/uploads\\\/2022\\\/03\\\/Stuga-2.jpg\",\"width\":750,\"height\":1000},{\"@type\":\"BreadcrumbList\",\"@id\":\"https:\\\/\\\/www.sundsornscamping.se\\\/en\\\/book\\\/cabin-2-4-beds\\\/#breadcrumb\",\"itemListElement\":[{\"@type\":\"ListItem\",\"position\":1,\"name\":\"Hem\",\"item\":\"https:\\\/\\\/www.sundsornscamping.se\\\/en\\\/\"},{\"@type\":\"ListItem\",\"position\":2,\"name\":\"Shop\",\"item\":\"https:\\\/\\\/www.sundsornscamping.se\\\/en\\\/shop\\\/\"},{\"@type\":\"ListItem\",\"position\":3,\"name\":\"Cabin 2, 4 beds\"}]},{\"@type\":\"WebSite\",\"@id\":\"https:\\\/\\\/www.sundsornscamping.se\\\/en\\\/#website\",\"url\":\"https:\\\/\\\/www.sundsornscamping.se\\\/en\\\/\",\"name\":\"Camping Sunds\u00f6rn - Mariestad\",\"description\":\"Njut av natursk\u00f6n milj\u00f6 \u00e5ret runt, n\u00e4ra Mariestad och Tors\u00f6\",\"potentialAction\":[{\"@type\":\"SearchAction\",\"target\":{\"@type\":\"EntryPoint\",\"urlTemplate\":\"https:\\\/\\\/www.sundsornscamping.se\\\/en\\\/?s={search_term_string}\"},\"query-input\":{\"@type\":\"PropertyValueSpecification\",\"valueRequired\":true,\"valueName\":\"search_term_string\"}}],\"inLanguage\":\"en-GB\"}]}<\/script>\n<!-- \/ Yoast SEO plugin. -->","yoast_head_json":{"title":"Cabin 2, 4 beds - Camping Sunds\u00f6rn - Mariestad","description":"-1389","robots":{"index":"index","follow":"follow","max-snippet":"max-snippet:-1","max-image-preview":"max-image-preview:large","max-video-preview":"max-video-preview:-1"},"canonical":"https:\/\/www.sundsornscamping.se\/en\/book\/cabin-2-4-beds\/","og_locale":"en_GB","og_type":"article","og_title":"Cabin 2, 4 beds - Camping Sunds\u00f6rn - Mariestad","og_description":"-1389","og_url":"https:\/\/www.sundsornscamping.se\/en\/book\/cabin-2-4-beds\/","og_site_name":"Camping Sunds\u00f6rn - Mariestad","article_modified_time":"2026-04-10T09:43:06+00:00","og_image":[{"width":750,"height":1000,"url":"https:\/\/www.sundsornscamping.se\/wp-content\/uploads\/2022\/03\/Stuga-2.jpg","type":"image\/jpeg"}],"twitter_card":"summary_large_image","schema":{"@context":"https:\/\/schema.org","@graph":[{"@type":"WebPage","@id":"https:\/\/www.sundsornscamping.se\/en\/book\/cabin-2-4-beds\/","url":"https:\/\/www.sundsornscamping.se\/en\/book\/cabin-2-4-beds\/","name":"Cabin 2, 4 beds - Camping Sunds\u00f6rn - Mariestad","isPartOf":{"@id":"https:\/\/www.sundsornscamping.se\/en\/#website"},"primaryImageOfPage":{"@id":"https:\/\/www.sundsornscamping.se\/en\/book\/cabin-2-4-beds\/#primaryimage"},"image":{"@id":"https:\/\/www.sundsornscamping.se\/en\/book\/cabin-2-4-beds\/#primaryimage"},"thumbnailUrl":"https:\/\/www.sundsornscamping.se\/wp-content\/uploads\/2022\/03\/Stuga-2.jpg","datePublished":"2022-03-22T11:31:38+00:00","dateModified":"2026-04-10T09:43:06+00:00","description":"-1389","breadcrumb":{"@id":"https:\/\/www.sundsornscamping.se\/en\/book\/cabin-2-4-beds\/#breadcrumb"},"inLanguage":"en-GB","potentialAction":[{"@type":"ReadAction","target":["https:\/\/www.sundsornscamping.se\/en\/book\/cabin-2-4-beds\/"]}]},{"@type":"ImageObject","inLanguage":"en-GB","@id":"https:\/\/www.sundsornscamping.se\/en\/book\/cabin-2-4-beds\/#primaryimage","url":"https:\/\/www.sundsornscamping.se\/wp-content\/uploads\/2022\/03\/Stuga-2.jpg","contentUrl":"https:\/\/www.sundsornscamping.se\/wp-content\/uploads\/2022\/03\/Stuga-2.jpg","width":750,"height":1000},{"@type":"BreadcrumbList","@id":"https:\/\/www.sundsornscamping.se\/en\/book\/cabin-2-4-beds\/#breadcrumb","itemListElement":[{"@type":"ListItem","position":1,"name":"Hem","item":"https:\/\/www.sundsornscamping.se\/en\/"},{"@type":"ListItem","position":2,"name":"Shop","item":"https:\/\/www.sundsornscamping.se\/en\/shop\/"},{"@type":"ListItem","position":3,"name":"Cabin 2, 4 beds"}]},{"@type":"WebSite","@id":"https:\/\/www.sundsornscamping.se\/en\/#website","url":"https:\/\/www.sundsornscamping.se\/en\/","name":"Camping Sunds\u00f6rn - Mariestad","description":"Njut av natursk\u00f6n milj\u00f6 \u00e5ret runt, n\u00e4ra Mariestad och Tors\u00f6","potentialAction":[{"@type":"SearchAction","target":{"@type":"EntryPoint","urlTemplate":"https:\/\/www.sundsornscamping.se\/en\/?s={search_term_string}"},"query-input":{"@type":"PropertyValueSpecification","valueRequired":true,"valueName":"search_term_string"}}],"inLanguage":"en-GB"}]}},"_links":{"self":[{"href":"https:\/\/www.sundsornscamping.se\/en\/wp-json\/wp\/v2\/product\/25490","targetHints":{"allow":["GET"]}}],"collection":[{"href":"https:\/\/www.sundsornscamping.se\/en\/wp-json\/wp\/v2\/product"}],"about":[{"href":"https:\/\/www.sundsornscamping.se\/en\/wp-json\/wp\/v2\/types\/product"}],"wp:featuredmedia":[{"embeddable":true,"href":"https:\/\/www.sundsornscamping.se\/en\/wp-json\/wp\/v2\/media\/3936"}],"wp:attachment":[{"href":"https:\/\/www.sundsornscamping.se\/en\/wp-json\/wp\/v2\/media?parent=25490"}],"wp:term":[{"taxonomy":"product_brand","embeddable":true,"href":"https:\/\/www.sundsornscamping.se\/en\/wp-json\/wp\/v2\/product_brand?post=25490"},{"taxonomy":"product_cat","embeddable":true,"href":"https:\/\/www.sundsornscamping.se\/en\/wp-json\/wp\/v2\/product_cat?post=25490"},{"taxonomy":"product_tag","embeddable":true,"href":"https:\/\/www.sundsornscamping.se\/en\/wp-json\/wp\/v2\/product_tag?post=25490"}],"curies":[{"name":"wp","href":"https:\/\/api.w.org\/{rel}","templated":true}]}}