{"id":25495,"date":"2020-10-13T12:14:44","date_gmt":"2020-10-13T10:14:44","guid":{"rendered":"https:\/\/www.sundsornscamping.se\/boka\/rent-a-cabin-large-cabin-4-beds\/"},"modified":"2026-04-10T11:43:07","modified_gmt":"2026-04-10T09:43:07","slug":"rent-a-cabin-large-cabin-4-beds","status":"publish","type":"product","link":"https:\/\/www.sundsornscamping.se\/en\/book\/rent-a-cabin-large-cabin-4-beds\/","title":{"rendered":"Rent a cabin, large cabin (4 beds)"},"content":{"rendered":"<p><img loading=\"lazy\" decoding=\"async\" class=\"alignnone size-medium wp-image-3922\" src=\"https:\/\/sundsornscamping.hemsida.eu\/wp-content\/uploads\/2020\/10\/Stuga-4-3-800x330.jpg\" alt=\"\" width=\"800\" height=\"330\" srcset=\"https:\/\/www.sundsornscamping.se\/wp-content\/uploads\/2020\/10\/Stuga-4-3-800x330.jpg 800w, https:\/\/www.sundsornscamping.se\/wp-content\/uploads\/2020\/10\/Stuga-4-3-scaled-1000x412.jpg 1000w, https:\/\/www.sundsornscamping.se\/wp-content\/uploads\/2020\/10\/Stuga-4-3-1400x577.jpg 1400w, https:\/\/www.sundsornscamping.se\/wp-content\/uploads\/2020\/10\/Stuga-4-3-768x316.jpg 768w, https:\/\/www.sundsornscamping.se\/wp-content\/uploads\/2020\/10\/Stuga-4-3-1536x633.jpg 1536w, https:\/\/www.sundsornscamping.se\/wp-content\/uploads\/2020\/10\/Stuga-4-3-2048x844.jpg 2048w, https:\/\/www.sundsornscamping.se\/wp-content\/uploads\/2020\/10\/Stuga-4-3-600x247.jpg 600w\" sizes=\"auto, (max-width: 800px) 100vw, 800px\" \/><\/p>\n","protected":false},"excerpt":{"rendered":"<p>This cabin is 25 m\u00b2 and sleeps four (a bunk bed and a sofa bed) and is beautifully located by the restaurant and the lake. The cabin is equipped with a kitchen, microwave, kettle, fridge with freezer compartment, and TV. Fiber internet is connected. Sheets and pillowcases can be rented for SEK 100\/set at reception. When you book seven nights or more, we treat you to one night free.<a href=\"\/product\/hyra-stuga\/\">Read more about and book our other cabins here<\/a>.<\/p>\n<p>Cancellation must be made at least 5 days before the estimated arrival time.<\/p>\n","protected":false},"featured_media":4045,"template":"","meta":[],"product_brand":[],"product_cat":[96],"product_tag":[],"class_list":{"0":"post-25495","1":"product","2":"type-product","3":"status-publish","4":"has-post-thumbnail","6":"product_cat-cabin","8":"first","9":"instock","10":"sold-individually","11":"taxable","12":"shipping-taxable","13":"purchasable","14":"product-type-phive_booking"},"yoast_head":"<!-- This site is optimized with the Yoast SEO plugin v27.4 - https:\/\/yoast.com\/product\/yoast-seo-wordpress\/ -->\n<title>Rent a cabin, large cabin (4 beds) - Camping Sunds\u00f6rn - Mariestad<\/title>\n<meta name=\"robots\" content=\"index, follow, max-snippet:-1, max-image-preview:large, max-video-preview:-1\" \/>\n<link rel=\"canonical\" href=\"https:\/\/www.sundsornscamping.se\/en\/book\/rent-a-cabin-large-cabin-4-beds\/\" \/>\n<meta property=\"og:locale\" content=\"en_GB\" \/>\n<meta property=\"og:type\" content=\"article\" \/>\n<meta property=\"og:title\" content=\"Rent a cabin, large cabin (4 beds) - Camping Sunds\u00f6rn - Mariestad\" \/>\n<meta property=\"og:description\" content=\"This cabin is 25 m\u00b2 and sleeps four (a bunk bed and a sofa bed) and is beautifully located by the restaurant and the lake. The cabin is equipped with a kitchen, microwave, kettle, fridge with freezer compartment, and TV. Fiber internet is connected. Sheets and pillowcases can be rented for SEK 100\/set at reception. When you book seven nights or more, we treat you to one night free.Read more about and book our other cabins here. Cancellation must be made at least 5 days before the estimated arrival time.\" \/>\n<meta property=\"og:url\" content=\"https:\/\/www.sundsornscamping.se\/en\/book\/rent-a-cabin-large-cabin-4-beds\/\" \/>\n<meta property=\"og:site_name\" content=\"Camping Sunds\u00f6rn - Mariestad\" \/>\n<meta property=\"article:modified_time\" content=\"2026-04-10T09:43:07+00:00\" \/>\n<meta property=\"og:image\" content=\"https:\/\/www.sundsornscamping.se\/wp-content\/uploads\/2020\/10\/stuga_4.jpg\" \/>\n\t<meta property=\"og:image:width\" content=\"748\" \/>\n\t<meta property=\"og:image:height\" content=\"527\" \/>\n\t<meta property=\"og:image:type\" content=\"image\/jpeg\" \/>\n<meta name=\"twitter:card\" content=\"summary_large_image\" \/>\n<script type=\"application\/ld+json\" class=\"yoast-schema-graph\">{\"@context\":\"https:\\\/\\\/schema.org\",\"@graph\":[{\"@type\":\"WebPage\",\"@id\":\"https:\\\/\\\/www.sundsornscamping.se\\\/en\\\/book\\\/rent-a-cabin-large-cabin-4-beds\\\/\",\"url\":\"https:\\\/\\\/www.sundsornscamping.se\\\/en\\\/book\\\/rent-a-cabin-large-cabin-4-beds\\\/\",\"name\":\"Rent a cabin, large cabin (4 beds) - Camping Sunds\u00f6rn - Mariestad\",\"isPartOf\":{\"@id\":\"https:\\\/\\\/www.sundsornscamping.se\\\/en\\\/#website\"},\"primaryImageOfPage\":{\"@id\":\"https:\\\/\\\/www.sundsornscamping.se\\\/en\\\/book\\\/rent-a-cabin-large-cabin-4-beds\\\/#primaryimage\"},\"image\":{\"@id\":\"https:\\\/\\\/www.sundsornscamping.se\\\/en\\\/book\\\/rent-a-cabin-large-cabin-4-beds\\\/#primaryimage\"},\"thumbnailUrl\":\"https:\\\/\\\/www.sundsornscamping.se\\\/wp-content\\\/uploads\\\/2020\\\/10\\\/stuga_4.jpg\",\"datePublished\":\"2020-10-13T10:14:44+00:00\",\"dateModified\":\"2026-04-10T09:43:07+00:00\",\"breadcrumb\":{\"@id\":\"https:\\\/\\\/www.sundsornscamping.se\\\/en\\\/book\\\/rent-a-cabin-large-cabin-4-beds\\\/#breadcrumb\"},\"inLanguage\":\"en-GB\",\"potentialAction\":[{\"@type\":\"ReadAction\",\"target\":[\"https:\\\/\\\/www.sundsornscamping.se\\\/en\\\/book\\\/rent-a-cabin-large-cabin-4-beds\\\/\"]}]},{\"@type\":\"ImageObject\",\"inLanguage\":\"en-GB\",\"@id\":\"https:\\\/\\\/www.sundsornscamping.se\\\/en\\\/book\\\/rent-a-cabin-large-cabin-4-beds\\\/#primaryimage\",\"url\":\"https:\\\/\\\/www.sundsornscamping.se\\\/wp-content\\\/uploads\\\/2020\\\/10\\\/stuga_4.jpg\",\"contentUrl\":\"https:\\\/\\\/www.sundsornscamping.se\\\/wp-content\\\/uploads\\\/2020\\\/10\\\/stuga_4.jpg\",\"width\":748,\"height\":527},{\"@type\":\"BreadcrumbList\",\"@id\":\"https:\\\/\\\/www.sundsornscamping.se\\\/en\\\/book\\\/rent-a-cabin-large-cabin-4-beds\\\/#breadcrumb\",\"itemListElement\":[{\"@type\":\"ListItem\",\"position\":1,\"name\":\"Hem\",\"item\":\"https:\\\/\\\/www.sundsornscamping.se\\\/en\\\/\"},{\"@type\":\"ListItem\",\"position\":2,\"name\":\"Shop\",\"item\":\"https:\\\/\\\/www.sundsornscamping.se\\\/en\\\/shop\\\/\"},{\"@type\":\"ListItem\",\"position\":3,\"name\":\"Rent a cabin, large cabin (4 beds)\"}]},{\"@type\":\"WebSite\",\"@id\":\"https:\\\/\\\/www.sundsornscamping.se\\\/en\\\/#website\",\"url\":\"https:\\\/\\\/www.sundsornscamping.se\\\/en\\\/\",\"name\":\"Camping Sunds\u00f6rn - Mariestad\",\"description\":\"Njut av natursk\u00f6n milj\u00f6 \u00e5ret runt, n\u00e4ra Mariestad och Tors\u00f6\",\"potentialAction\":[{\"@type\":\"SearchAction\",\"target\":{\"@type\":\"EntryPoint\",\"urlTemplate\":\"https:\\\/\\\/www.sundsornscamping.se\\\/en\\\/?s={search_term_string}\"},\"query-input\":{\"@type\":\"PropertyValueSpecification\",\"valueRequired\":true,\"valueName\":\"search_term_string\"}}],\"inLanguage\":\"en-GB\"}]}<\/script>\n<!-- \/ Yoast SEO plugin. -->","yoast_head_json":{"title":"Rent a cabin, large cabin (4 beds) - Camping Sunds\u00f6rn - Mariestad","robots":{"index":"index","follow":"follow","max-snippet":"max-snippet:-1","max-image-preview":"max-image-preview:large","max-video-preview":"max-video-preview:-1"},"canonical":"https:\/\/www.sundsornscamping.se\/en\/book\/rent-a-cabin-large-cabin-4-beds\/","og_locale":"en_GB","og_type":"article","og_title":"Rent a cabin, large cabin (4 beds) - Camping Sunds\u00f6rn - Mariestad","og_description":"This cabin is 25 m\u00b2 and sleeps four (a bunk bed and a sofa bed) and is beautifully located by the restaurant and the lake. The cabin is equipped with a kitchen, microwave, kettle, fridge with freezer compartment, and TV. Fiber internet is connected. Sheets and pillowcases can be rented for SEK 100\/set at reception. When you book seven nights or more, we treat you to one night free.Read more about and book our other cabins here. Cancellation must be made at least 5 days before the estimated arrival time.","og_url":"https:\/\/www.sundsornscamping.se\/en\/book\/rent-a-cabin-large-cabin-4-beds\/","og_site_name":"Camping Sunds\u00f6rn - Mariestad","article_modified_time":"2026-04-10T09:43:07+00:00","og_image":[{"width":748,"height":527,"url":"https:\/\/www.sundsornscamping.se\/wp-content\/uploads\/2020\/10\/stuga_4.jpg","type":"image\/jpeg"}],"twitter_card":"summary_large_image","schema":{"@context":"https:\/\/schema.org","@graph":[{"@type":"WebPage","@id":"https:\/\/www.sundsornscamping.se\/en\/book\/rent-a-cabin-large-cabin-4-beds\/","url":"https:\/\/www.sundsornscamping.se\/en\/book\/rent-a-cabin-large-cabin-4-beds\/","name":"Rent a cabin, large cabin (4 beds) - Camping Sunds\u00f6rn - Mariestad","isPartOf":{"@id":"https:\/\/www.sundsornscamping.se\/en\/#website"},"primaryImageOfPage":{"@id":"https:\/\/www.sundsornscamping.se\/en\/book\/rent-a-cabin-large-cabin-4-beds\/#primaryimage"},"image":{"@id":"https:\/\/www.sundsornscamping.se\/en\/book\/rent-a-cabin-large-cabin-4-beds\/#primaryimage"},"thumbnailUrl":"https:\/\/www.sundsornscamping.se\/wp-content\/uploads\/2020\/10\/stuga_4.jpg","datePublished":"2020-10-13T10:14:44+00:00","dateModified":"2026-04-10T09:43:07+00:00","breadcrumb":{"@id":"https:\/\/www.sundsornscamping.se\/en\/book\/rent-a-cabin-large-cabin-4-beds\/#breadcrumb"},"inLanguage":"en-GB","potentialAction":[{"@type":"ReadAction","target":["https:\/\/www.sundsornscamping.se\/en\/book\/rent-a-cabin-large-cabin-4-beds\/"]}]},{"@type":"ImageObject","inLanguage":"en-GB","@id":"https:\/\/www.sundsornscamping.se\/en\/book\/rent-a-cabin-large-cabin-4-beds\/#primaryimage","url":"https:\/\/www.sundsornscamping.se\/wp-content\/uploads\/2020\/10\/stuga_4.jpg","contentUrl":"https:\/\/www.sundsornscamping.se\/wp-content\/uploads\/2020\/10\/stuga_4.jpg","width":748,"height":527},{"@type":"BreadcrumbList","@id":"https:\/\/www.sundsornscamping.se\/en\/book\/rent-a-cabin-large-cabin-4-beds\/#breadcrumb","itemListElement":[{"@type":"ListItem","position":1,"name":"Hem","item":"https:\/\/www.sundsornscamping.se\/en\/"},{"@type":"ListItem","position":2,"name":"Shop","item":"https:\/\/www.sundsornscamping.se\/en\/shop\/"},{"@type":"ListItem","position":3,"name":"Rent a cabin, large cabin (4 beds)"}]},{"@type":"WebSite","@id":"https:\/\/www.sundsornscamping.se\/en\/#website","url":"https:\/\/www.sundsornscamping.se\/en\/","name":"Camping Sunds\u00f6rn - Mariestad","description":"Njut av natursk\u00f6n milj\u00f6 \u00e5ret runt, n\u00e4ra Mariestad och Tors\u00f6","potentialAction":[{"@type":"SearchAction","target":{"@type":"EntryPoint","urlTemplate":"https:\/\/www.sundsornscamping.se\/en\/?s={search_term_string}"},"query-input":{"@type":"PropertyValueSpecification","valueRequired":true,"valueName":"search_term_string"}}],"inLanguage":"en-GB"}]}},"_links":{"self":[{"href":"https:\/\/www.sundsornscamping.se\/en\/wp-json\/wp\/v2\/product\/25495","targetHints":{"allow":["GET"]}}],"collection":[{"href":"https:\/\/www.sundsornscamping.se\/en\/wp-json\/wp\/v2\/product"}],"about":[{"href":"https:\/\/www.sundsornscamping.se\/en\/wp-json\/wp\/v2\/types\/product"}],"wp:featuredmedia":[{"embeddable":true,"href":"https:\/\/www.sundsornscamping.se\/en\/wp-json\/wp\/v2\/media\/4045"}],"wp:attachment":[{"href":"https:\/\/www.sundsornscamping.se\/en\/wp-json\/wp\/v2\/media?parent=25495"}],"wp:term":[{"taxonomy":"product_brand","embeddable":true,"href":"https:\/\/www.sundsornscamping.se\/en\/wp-json\/wp\/v2\/product_brand?post=25495"},{"taxonomy":"product_cat","embeddable":true,"href":"https:\/\/www.sundsornscamping.se\/en\/wp-json\/wp\/v2\/product_cat?post=25495"},{"taxonomy":"product_tag","embeddable":true,"href":"https:\/\/www.sundsornscamping.se\/en\/wp-json\/wp\/v2\/product_tag?post=25495"}],"curies":[{"name":"wp","href":"https:\/\/api.w.org\/{rel}","templated":true}]}}