{"id":25506,"date":"2020-09-16T11:37:40","date_gmt":"2020-09-16T09:37:40","guid":{"rendered":"https:\/\/www.sundsornscamping.se\/boka\/book-a-pitch\/"},"modified":"2026-04-10T11:42:53","modified_gmt":"2026-04-10T09:42:53","slug":"book-a-pitch","status":"publish","type":"product","link":"https:\/\/www.sundsornscamping.se\/en\/book\/book-a-pitch\/","title":{"rendered":"Book a pitch"},"content":{"rendered":"","protected":false},"excerpt":{"rendered":"<p>Pitches by the water with a fantastic view of \u00d6stersundet in the harbour area at Sunds\u00f6rn, Mariestad. Reception is available and payment is made at Restaurang Brygghuset, 75\u2013100 m from the pitches. Bookings: +46 501 23026 or +46 501 393150.<br \/>\nRestaurang Brygghuset also serves as reception for the campsite, located 350\u2013400 m south of the pitches. The campsite and pitches are open year-round. Brygghuset is fully licensed and offers, in addition to a first-class view, an \u00e0 la carte menu as well as pizza, salads, etc. <\/p>\n<p>Price per night: SEK 250 incl. electricity.<\/p>\n<p>Pitches are only for passenger cars class 2. Toilets are available at the restaurant and are open 24\/7. <\/p>\n<p>Cancellation must be made at least 5 days before the estimated arrival time.<\/p>\n","protected":false},"featured_media":1807,"template":"","meta":[],"product_brand":[],"product_cat":[104],"product_tag":[],"class_list":{"0":"post-25506","1":"product","2":"type-product","3":"status-publish","4":"has-post-thumbnail","6":"product_cat-pitch","8":"first","9":"instock","10":"sold-individually","11":"taxable","12":"shipping-taxable","13":"purchasable","14":"product-type-phive_booking"},"yoast_head":"<!-- This site is optimized with the Yoast SEO plugin v27.4 - https:\/\/yoast.com\/product\/yoast-seo-wordpress\/ -->\n<title>Book a pitch - Camping Sunds\u00f6rn - Mariestad<\/title>\n<meta name=\"robots\" content=\"index, follow, max-snippet:-1, max-image-preview:large, max-video-preview:-1\" \/>\n<link rel=\"canonical\" href=\"https:\/\/www.sundsornscamping.se\/en\/book\/book-a-pitch\/\" \/>\n<meta property=\"og:locale\" content=\"en_GB\" \/>\n<meta property=\"og:type\" content=\"article\" \/>\n<meta property=\"og:title\" content=\"Book a pitch - Camping Sunds\u00f6rn - Mariestad\" \/>\n<meta property=\"og:description\" content=\"Pitches by the water with a fantastic view of \u00d6stersundet in the harbour area at Sunds\u00f6rn, Mariestad. Reception is available and payment is made at Restaurang Brygghuset, 75\u2013100 m from the pitches. Bookings: +46 501 23026 or +46 501 393150. Restaurang Brygghuset also serves as reception for the campsite, located 350\u2013400 m south of the pitches. The campsite and pitches are open year-round. Brygghuset is fully licensed and offers, in addition to a first-class view, an \u00e0 la carte menu as well as pizza, salads, etc.  Price per night: SEK 250 incl. electricity. Pitches are only for passenger cars class 2. Toilets are available at the restaurant and are open 24\/7.  Cancellation must be made at least 5 days before the estimated arrival time.\" \/>\n<meta property=\"og:url\" content=\"https:\/\/www.sundsornscamping.se\/en\/book\/book-a-pitch\/\" \/>\n<meta property=\"og:site_name\" content=\"Camping Sunds\u00f6rn - Mariestad\" \/>\n<meta property=\"article:modified_time\" content=\"2026-04-10T09:42:53+00:00\" \/>\n<meta name=\"twitter:card\" content=\"summary_large_image\" \/>\n<script type=\"application\/ld+json\" class=\"yoast-schema-graph\">{\"@context\":\"https:\\\/\\\/schema.org\",\"@graph\":[{\"@type\":\"WebPage\",\"@id\":\"https:\\\/\\\/www.sundsornscamping.se\\\/en\\\/book\\\/book-a-pitch\\\/\",\"url\":\"https:\\\/\\\/www.sundsornscamping.se\\\/en\\\/book\\\/book-a-pitch\\\/\",\"name\":\"Book a pitch - Camping Sunds\u00f6rn - Mariestad\",\"isPartOf\":{\"@id\":\"https:\\\/\\\/www.sundsornscamping.se\\\/en\\\/#website\"},\"primaryImageOfPage\":{\"@id\":\"https:\\\/\\\/www.sundsornscamping.se\\\/en\\\/book\\\/book-a-pitch\\\/#primaryimage\"},\"image\":{\"@id\":\"https:\\\/\\\/www.sundsornscamping.se\\\/en\\\/book\\\/book-a-pitch\\\/#primaryimage\"},\"thumbnailUrl\":\"https:\\\/\\\/www.sundsornscamping.se\\\/wp-content\\\/uploads\\\/2020\\\/08\\\/St\u00e4llplatser.jpg\",\"datePublished\":\"2020-09-16T09:37:40+00:00\",\"dateModified\":\"2026-04-10T09:42:53+00:00\",\"breadcrumb\":{\"@id\":\"https:\\\/\\\/www.sundsornscamping.se\\\/en\\\/book\\\/book-a-pitch\\\/#breadcrumb\"},\"inLanguage\":\"en-GB\",\"potentialAction\":[{\"@type\":\"ReadAction\",\"target\":[\"https:\\\/\\\/www.sundsornscamping.se\\\/en\\\/book\\\/book-a-pitch\\\/\"]}]},{\"@type\":\"ImageObject\",\"inLanguage\":\"en-GB\",\"@id\":\"https:\\\/\\\/www.sundsornscamping.se\\\/en\\\/book\\\/book-a-pitch\\\/#primaryimage\",\"url\":\"https:\\\/\\\/www.sundsornscamping.se\\\/wp-content\\\/uploads\\\/2020\\\/08\\\/St\u00e4llplatser.jpg\",\"contentUrl\":\"https:\\\/\\\/www.sundsornscamping.se\\\/wp-content\\\/uploads\\\/2020\\\/08\\\/St\u00e4llplatser.jpg\",\"width\":1920,\"height\":1280,\"caption\":\"St\u00e4llplatser\"},{\"@type\":\"BreadcrumbList\",\"@id\":\"https:\\\/\\\/www.sundsornscamping.se\\\/en\\\/book\\\/book-a-pitch\\\/#breadcrumb\",\"itemListElement\":[{\"@type\":\"ListItem\",\"position\":1,\"name\":\"Hem\",\"item\":\"https:\\\/\\\/www.sundsornscamping.se\\\/en\\\/\"},{\"@type\":\"ListItem\",\"position\":2,\"name\":\"Shop\",\"item\":\"https:\\\/\\\/www.sundsornscamping.se\\\/en\\\/shop\\\/\"},{\"@type\":\"ListItem\",\"position\":3,\"name\":\"Book a pitch\"}]},{\"@type\":\"WebSite\",\"@id\":\"https:\\\/\\\/www.sundsornscamping.se\\\/en\\\/#website\",\"url\":\"https:\\\/\\\/www.sundsornscamping.se\\\/en\\\/\",\"name\":\"Camping Sunds\u00f6rn - Mariestad\",\"description\":\"Njut av natursk\u00f6n milj\u00f6 \u00e5ret runt, n\u00e4ra Mariestad och Tors\u00f6\",\"potentialAction\":[{\"@type\":\"SearchAction\",\"target\":{\"@type\":\"EntryPoint\",\"urlTemplate\":\"https:\\\/\\\/www.sundsornscamping.se\\\/en\\\/?s={search_term_string}\"},\"query-input\":{\"@type\":\"PropertyValueSpecification\",\"valueRequired\":true,\"valueName\":\"search_term_string\"}}],\"inLanguage\":\"en-GB\"}]}<\/script>\n<!-- \/ Yoast SEO plugin. -->","yoast_head_json":{"title":"Book a pitch - Camping Sunds\u00f6rn - Mariestad","robots":{"index":"index","follow":"follow","max-snippet":"max-snippet:-1","max-image-preview":"max-image-preview:large","max-video-preview":"max-video-preview:-1"},"canonical":"https:\/\/www.sundsornscamping.se\/en\/book\/book-a-pitch\/","og_locale":"en_GB","og_type":"article","og_title":"Book a pitch - Camping Sunds\u00f6rn - Mariestad","og_description":"Pitches by the water with a fantastic view of \u00d6stersundet in the harbour area at Sunds\u00f6rn, Mariestad. Reception is available and payment is made at Restaurang Brygghuset, 75\u2013100 m from the pitches. Bookings: +46 501 23026 or +46 501 393150. Restaurang Brygghuset also serves as reception for the campsite, located 350\u2013400 m south of the pitches. The campsite and pitches are open year-round. Brygghuset is fully licensed and offers, in addition to a first-class view, an \u00e0 la carte menu as well as pizza, salads, etc.  Price per night: SEK 250 incl. electricity. Pitches are only for passenger cars class 2. Toilets are available at the restaurant and are open 24\/7.  Cancellation must be made at least 5 days before the estimated arrival time.","og_url":"https:\/\/www.sundsornscamping.se\/en\/book\/book-a-pitch\/","og_site_name":"Camping Sunds\u00f6rn - Mariestad","article_modified_time":"2026-04-10T09:42:53+00:00","twitter_card":"summary_large_image","schema":{"@context":"https:\/\/schema.org","@graph":[{"@type":"WebPage","@id":"https:\/\/www.sundsornscamping.se\/en\/book\/book-a-pitch\/","url":"https:\/\/www.sundsornscamping.se\/en\/book\/book-a-pitch\/","name":"Book a pitch - Camping Sunds\u00f6rn - Mariestad","isPartOf":{"@id":"https:\/\/www.sundsornscamping.se\/en\/#website"},"primaryImageOfPage":{"@id":"https:\/\/www.sundsornscamping.se\/en\/book\/book-a-pitch\/#primaryimage"},"image":{"@id":"https:\/\/www.sundsornscamping.se\/en\/book\/book-a-pitch\/#primaryimage"},"thumbnailUrl":"https:\/\/www.sundsornscamping.se\/wp-content\/uploads\/2020\/08\/St\u00e4llplatser.jpg","datePublished":"2020-09-16T09:37:40+00:00","dateModified":"2026-04-10T09:42:53+00:00","breadcrumb":{"@id":"https:\/\/www.sundsornscamping.se\/en\/book\/book-a-pitch\/#breadcrumb"},"inLanguage":"en-GB","potentialAction":[{"@type":"ReadAction","target":["https:\/\/www.sundsornscamping.se\/en\/book\/book-a-pitch\/"]}]},{"@type":"ImageObject","inLanguage":"en-GB","@id":"https:\/\/www.sundsornscamping.se\/en\/book\/book-a-pitch\/#primaryimage","url":"https:\/\/www.sundsornscamping.se\/wp-content\/uploads\/2020\/08\/St\u00e4llplatser.jpg","contentUrl":"https:\/\/www.sundsornscamping.se\/wp-content\/uploads\/2020\/08\/St\u00e4llplatser.jpg","width":1920,"height":1280,"caption":"St\u00e4llplatser"},{"@type":"BreadcrumbList","@id":"https:\/\/www.sundsornscamping.se\/en\/book\/book-a-pitch\/#breadcrumb","itemListElement":[{"@type":"ListItem","position":1,"name":"Hem","item":"https:\/\/www.sundsornscamping.se\/en\/"},{"@type":"ListItem","position":2,"name":"Shop","item":"https:\/\/www.sundsornscamping.se\/en\/shop\/"},{"@type":"ListItem","position":3,"name":"Book a pitch"}]},{"@type":"WebSite","@id":"https:\/\/www.sundsornscamping.se\/en\/#website","url":"https:\/\/www.sundsornscamping.se\/en\/","name":"Camping Sunds\u00f6rn - Mariestad","description":"Njut av natursk\u00f6n milj\u00f6 \u00e5ret runt, n\u00e4ra Mariestad och Tors\u00f6","potentialAction":[{"@type":"SearchAction","target":{"@type":"EntryPoint","urlTemplate":"https:\/\/www.sundsornscamping.se\/en\/?s={search_term_string}"},"query-input":{"@type":"PropertyValueSpecification","valueRequired":true,"valueName":"search_term_string"}}],"inLanguage":"en-GB"}]}},"_links":{"self":[{"href":"https:\/\/www.sundsornscamping.se\/en\/wp-json\/wp\/v2\/product\/25506","targetHints":{"allow":["GET"]}}],"collection":[{"href":"https:\/\/www.sundsornscamping.se\/en\/wp-json\/wp\/v2\/product"}],"about":[{"href":"https:\/\/www.sundsornscamping.se\/en\/wp-json\/wp\/v2\/types\/product"}],"wp:featuredmedia":[{"embeddable":true,"href":"https:\/\/www.sundsornscamping.se\/en\/wp-json\/wp\/v2\/media\/1807"}],"wp:attachment":[{"href":"https:\/\/www.sundsornscamping.se\/en\/wp-json\/wp\/v2\/media?parent=25506"}],"wp:term":[{"taxonomy":"product_brand","embeddable":true,"href":"https:\/\/www.sundsornscamping.se\/en\/wp-json\/wp\/v2\/product_brand?post=25506"},{"taxonomy":"product_cat","embeddable":true,"href":"https:\/\/www.sundsornscamping.se\/en\/wp-json\/wp\/v2\/product_cat?post=25506"},{"taxonomy":"product_tag","embeddable":true,"href":"https:\/\/www.sundsornscamping.se\/en\/wp-json\/wp\/v2\/product_tag?post=25506"}],"curies":[{"name":"wp","href":"https:\/\/api.w.org\/{rel}","templated":true}]}}