{"id":25511,"date":"2020-09-16T11:17:29","date_gmt":"2020-09-16T09:17:29","guid":{"rendered":"https:\/\/www.sundsornscamping.se\/boka\/cabin-1-4-beds\/"},"modified":"2026-04-10T11:42:56","modified_gmt":"2026-04-10T09:42:56","slug":"cabin-1-4-beds","status":"publish","type":"product","link":"https:\/\/www.sundsornscamping.se\/en\/book\/cabin-1-4-beds\/","title":{"rendered":"Cabin 1, 4 beds"},"content":{"rendered":"<p><img loading=\"lazy\" decoding=\"async\" class=\"alignnone size-medium wp-image-3935\" src=\"https:\/\/sundsornscamping.hemsida.eu\/wp-content\/uploads\/2020\/09\/Stuga-1-1-300x400.jpg\" alt=\"\" width=\"300\" height=\"400\" srcset=\"https:\/\/www.sundsornscamping.se\/wp-content\/uploads\/2020\/09\/Stuga-1-1-300x400.jpg 300w, https:\/\/www.sundsornscamping.se\/wp-content\/uploads\/2020\/09\/Stuga-1-1-scaled-1000x1333.jpg 1000w, https:\/\/www.sundsornscamping.se\/wp-content\/uploads\/2020\/09\/Stuga-1-1-600x800.jpg 600w, https:\/\/www.sundsornscamping.se\/wp-content\/uploads\/2020\/09\/Stuga-1-1-768x1024.jpg 768w, https:\/\/www.sundsornscamping.se\/wp-content\/uploads\/2020\/09\/Stuga-1-1-1152x1536.jpg 1152w, https:\/\/www.sundsornscamping.se\/wp-content\/uploads\/2020\/09\/Stuga-1-1-1536x2048.jpg 1536w, https:\/\/www.sundsornscamping.se\/wp-content\/uploads\/2020\/09\/Stuga-1-1-scaled.jpg 1920w\" sizes=\"auto, (max-width: 300px) 100vw, 300px\" \/><\/p>\n","protected":false},"excerpt":{"rendered":"<p>There are 4 cabins for rent, and more will be built in the near future. Three cabins are 15 m\u00b2, which accommodate four beds. These cabins are located in the camping area and are equipped with a kitchenette, kettle, fridge with freezer compartment, and TV. Fiber internet will be connected shortly. Sheets and pillowcases can be rented for SEK 100\/set at reception. When booking seven nights or more, one night is on us.<\/p>\n<p>The fourth cabin is 25 m\u00b2 and also accommodates four beds (a bunk bed and a sofa bed) and is beautifully located by the restaurant and the lake. The cabin is equipped with a kitchen, microwave, kettle, fridge with freezer compartment, and TV. Fiber internet is connected. Sheets and pillowcases can be rented for 100 kr\/set at the reception. <a href=\"\/product\/hyra-stuga-stor-stuga-4-baddar\/\">Read more and book the larger cabin here<\/a>.<\/p>\n<p>Cancellation must be made at least 5 days before the estimated arrival time.<\/p>\n","protected":false},"featured_media":3935,"template":"","meta":[],"product_brand":[],"product_cat":[96],"product_tag":[],"class_list":{"0":"post-25511","1":"product","2":"type-product","3":"status-publish","4":"has-post-thumbnail","6":"product_cat-cabin","8":"first","9":"instock","10":"sold-individually","11":"taxable","12":"shipping-taxable","13":"purchasable","14":"product-type-phive_booking"},"yoast_head":"<!-- This site is optimized with the Yoast SEO plugin v27.4 - https:\/\/yoast.com\/product\/yoast-seo-wordpress\/ -->\n<title>Cabin 1, 4 beds - Camping Sunds\u00f6rn - Mariestad<\/title>\n<meta name=\"description\" content=\"-1389\" \/>\n<meta name=\"robots\" content=\"index, follow, max-snippet:-1, max-image-preview:large, max-video-preview:-1\" \/>\n<link rel=\"canonical\" href=\"https:\/\/www.sundsornscamping.se\/en\/book\/cabin-1-4-beds\/\" \/>\n<meta property=\"og:locale\" content=\"en_GB\" \/>\n<meta property=\"og:type\" content=\"article\" \/>\n<meta property=\"og:title\" content=\"Cabin 1, 4 beds - Camping Sunds\u00f6rn - Mariestad\" \/>\n<meta property=\"og:description\" content=\"-1389\" \/>\n<meta property=\"og:url\" content=\"https:\/\/www.sundsornscamping.se\/en\/book\/cabin-1-4-beds\/\" \/>\n<meta property=\"og:site_name\" content=\"Camping Sunds\u00f6rn - Mariestad\" \/>\n<meta property=\"article:modified_time\" content=\"2026-04-10T09:42:56+00:00\" \/>\n<meta property=\"og:image\" content=\"https:\/\/www.sundsornscamping.se\/wp-content\/uploads\/2020\/09\/Stuga-1-1-scaled.jpg\" \/>\n\t<meta property=\"og:image:width\" content=\"1920\" \/>\n\t<meta property=\"og:image:height\" content=\"2560\" \/>\n\t<meta property=\"og:image:type\" content=\"image\/jpeg\" \/>\n<meta name=\"twitter:card\" content=\"summary_large_image\" \/>\n<script type=\"application\/ld+json\" class=\"yoast-schema-graph\">{\"@context\":\"https:\\\/\\\/schema.org\",\"@graph\":[{\"@type\":\"WebPage\",\"@id\":\"https:\\\/\\\/www.sundsornscamping.se\\\/en\\\/book\\\/cabin-1-4-beds\\\/\",\"url\":\"https:\\\/\\\/www.sundsornscamping.se\\\/en\\\/book\\\/cabin-1-4-beds\\\/\",\"name\":\"Cabin 1, 4 beds - Camping Sunds\u00f6rn - Mariestad\",\"isPartOf\":{\"@id\":\"https:\\\/\\\/www.sundsornscamping.se\\\/en\\\/#website\"},\"primaryImageOfPage\":{\"@id\":\"https:\\\/\\\/www.sundsornscamping.se\\\/en\\\/book\\\/cabin-1-4-beds\\\/#primaryimage\"},\"image\":{\"@id\":\"https:\\\/\\\/www.sundsornscamping.se\\\/en\\\/book\\\/cabin-1-4-beds\\\/#primaryimage\"},\"thumbnailUrl\":\"https:\\\/\\\/www.sundsornscamping.se\\\/wp-content\\\/uploads\\\/2020\\\/09\\\/Stuga-1-1-scaled.jpg\",\"datePublished\":\"2020-09-16T09:17:29+00:00\",\"dateModified\":\"2026-04-10T09:42:56+00:00\",\"description\":\"-1389\",\"breadcrumb\":{\"@id\":\"https:\\\/\\\/www.sundsornscamping.se\\\/en\\\/book\\\/cabin-1-4-beds\\\/#breadcrumb\"},\"inLanguage\":\"en-GB\",\"potentialAction\":[{\"@type\":\"ReadAction\",\"target\":[\"https:\\\/\\\/www.sundsornscamping.se\\\/en\\\/book\\\/cabin-1-4-beds\\\/\"]}]},{\"@type\":\"ImageObject\",\"inLanguage\":\"en-GB\",\"@id\":\"https:\\\/\\\/www.sundsornscamping.se\\\/en\\\/book\\\/cabin-1-4-beds\\\/#primaryimage\",\"url\":\"https:\\\/\\\/www.sundsornscamping.se\\\/wp-content\\\/uploads\\\/2020\\\/09\\\/Stuga-1-1-scaled.jpg\",\"contentUrl\":\"https:\\\/\\\/www.sundsornscamping.se\\\/wp-content\\\/uploads\\\/2020\\\/09\\\/Stuga-1-1-scaled.jpg\",\"width\":1920,\"height\":2560},{\"@type\":\"BreadcrumbList\",\"@id\":\"https:\\\/\\\/www.sundsornscamping.se\\\/en\\\/book\\\/cabin-1-4-beds\\\/#breadcrumb\",\"itemListElement\":[{\"@type\":\"ListItem\",\"position\":1,\"name\":\"Hem\",\"item\":\"https:\\\/\\\/www.sundsornscamping.se\\\/en\\\/\"},{\"@type\":\"ListItem\",\"position\":2,\"name\":\"Shop\",\"item\":\"https:\\\/\\\/www.sundsornscamping.se\\\/en\\\/shop\\\/\"},{\"@type\":\"ListItem\",\"position\":3,\"name\":\"Cabin 1, 4 beds\"}]},{\"@type\":\"WebSite\",\"@id\":\"https:\\\/\\\/www.sundsornscamping.se\\\/en\\\/#website\",\"url\":\"https:\\\/\\\/www.sundsornscamping.se\\\/en\\\/\",\"name\":\"Camping Sunds\u00f6rn - Mariestad\",\"description\":\"Njut av natursk\u00f6n milj\u00f6 \u00e5ret runt, n\u00e4ra Mariestad och Tors\u00f6\",\"potentialAction\":[{\"@type\":\"SearchAction\",\"target\":{\"@type\":\"EntryPoint\",\"urlTemplate\":\"https:\\\/\\\/www.sundsornscamping.se\\\/en\\\/?s={search_term_string}\"},\"query-input\":{\"@type\":\"PropertyValueSpecification\",\"valueRequired\":true,\"valueName\":\"search_term_string\"}}],\"inLanguage\":\"en-GB\"}]}<\/script>\n<!-- \/ Yoast SEO plugin. -->","yoast_head_json":{"title":"Cabin 1, 4 beds - Camping Sunds\u00f6rn - Mariestad","description":"-1389","robots":{"index":"index","follow":"follow","max-snippet":"max-snippet:-1","max-image-preview":"max-image-preview:large","max-video-preview":"max-video-preview:-1"},"canonical":"https:\/\/www.sundsornscamping.se\/en\/book\/cabin-1-4-beds\/","og_locale":"en_GB","og_type":"article","og_title":"Cabin 1, 4 beds - Camping Sunds\u00f6rn - Mariestad","og_description":"-1389","og_url":"https:\/\/www.sundsornscamping.se\/en\/book\/cabin-1-4-beds\/","og_site_name":"Camping Sunds\u00f6rn - Mariestad","article_modified_time":"2026-04-10T09:42:56+00:00","og_image":[{"width":1920,"height":2560,"url":"https:\/\/www.sundsornscamping.se\/wp-content\/uploads\/2020\/09\/Stuga-1-1-scaled.jpg","type":"image\/jpeg"}],"twitter_card":"summary_large_image","schema":{"@context":"https:\/\/schema.org","@graph":[{"@type":"WebPage","@id":"https:\/\/www.sundsornscamping.se\/en\/book\/cabin-1-4-beds\/","url":"https:\/\/www.sundsornscamping.se\/en\/book\/cabin-1-4-beds\/","name":"Cabin 1, 4 beds - Camping Sunds\u00f6rn - Mariestad","isPartOf":{"@id":"https:\/\/www.sundsornscamping.se\/en\/#website"},"primaryImageOfPage":{"@id":"https:\/\/www.sundsornscamping.se\/en\/book\/cabin-1-4-beds\/#primaryimage"},"image":{"@id":"https:\/\/www.sundsornscamping.se\/en\/book\/cabin-1-4-beds\/#primaryimage"},"thumbnailUrl":"https:\/\/www.sundsornscamping.se\/wp-content\/uploads\/2020\/09\/Stuga-1-1-scaled.jpg","datePublished":"2020-09-16T09:17:29+00:00","dateModified":"2026-04-10T09:42:56+00:00","description":"-1389","breadcrumb":{"@id":"https:\/\/www.sundsornscamping.se\/en\/book\/cabin-1-4-beds\/#breadcrumb"},"inLanguage":"en-GB","potentialAction":[{"@type":"ReadAction","target":["https:\/\/www.sundsornscamping.se\/en\/book\/cabin-1-4-beds\/"]}]},{"@type":"ImageObject","inLanguage":"en-GB","@id":"https:\/\/www.sundsornscamping.se\/en\/book\/cabin-1-4-beds\/#primaryimage","url":"https:\/\/www.sundsornscamping.se\/wp-content\/uploads\/2020\/09\/Stuga-1-1-scaled.jpg","contentUrl":"https:\/\/www.sundsornscamping.se\/wp-content\/uploads\/2020\/09\/Stuga-1-1-scaled.jpg","width":1920,"height":2560},{"@type":"BreadcrumbList","@id":"https:\/\/www.sundsornscamping.se\/en\/book\/cabin-1-4-beds\/#breadcrumb","itemListElement":[{"@type":"ListItem","position":1,"name":"Hem","item":"https:\/\/www.sundsornscamping.se\/en\/"},{"@type":"ListItem","position":2,"name":"Shop","item":"https:\/\/www.sundsornscamping.se\/en\/shop\/"},{"@type":"ListItem","position":3,"name":"Cabin 1, 4 beds"}]},{"@type":"WebSite","@id":"https:\/\/www.sundsornscamping.se\/en\/#website","url":"https:\/\/www.sundsornscamping.se\/en\/","name":"Camping Sunds\u00f6rn - Mariestad","description":"Njut av natursk\u00f6n milj\u00f6 \u00e5ret runt, n\u00e4ra Mariestad och Tors\u00f6","potentialAction":[{"@type":"SearchAction","target":{"@type":"EntryPoint","urlTemplate":"https:\/\/www.sundsornscamping.se\/en\/?s={search_term_string}"},"query-input":{"@type":"PropertyValueSpecification","valueRequired":true,"valueName":"search_term_string"}}],"inLanguage":"en-GB"}]}},"_links":{"self":[{"href":"https:\/\/www.sundsornscamping.se\/en\/wp-json\/wp\/v2\/product\/25511","targetHints":{"allow":["GET"]}}],"collection":[{"href":"https:\/\/www.sundsornscamping.se\/en\/wp-json\/wp\/v2\/product"}],"about":[{"href":"https:\/\/www.sundsornscamping.se\/en\/wp-json\/wp\/v2\/types\/product"}],"wp:featuredmedia":[{"embeddable":true,"href":"https:\/\/www.sundsornscamping.se\/en\/wp-json\/wp\/v2\/media\/3935"}],"wp:attachment":[{"href":"https:\/\/www.sundsornscamping.se\/en\/wp-json\/wp\/v2\/media?parent=25511"}],"wp:term":[{"taxonomy":"product_brand","embeddable":true,"href":"https:\/\/www.sundsornscamping.se\/en\/wp-json\/wp\/v2\/product_brand?post=25511"},{"taxonomy":"product_cat","embeddable":true,"href":"https:\/\/www.sundsornscamping.se\/en\/wp-json\/wp\/v2\/product_cat?post=25511"},{"taxonomy":"product_tag","embeddable":true,"href":"https:\/\/www.sundsornscamping.se\/en\/wp-json\/wp\/v2\/product_tag?post=25511"}],"curies":[{"name":"wp","href":"https:\/\/api.w.org\/{rel}","templated":true}]}}