{"id":25515,"date":"2020-09-15T11:44:11","date_gmt":"2020-09-15T09:44:11","guid":{"rendered":"https:\/\/www.sundsornscamping.se\/boka\/book-a-camping-pitch-zone-1\/"},"modified":"2026-04-10T11:51:03","modified_gmt":"2026-04-10T09:51:03","slug":"book-a-camping-pitch-zone-1","status":"publish","type":"product","link":"https:\/\/www.sundsornscamping.se\/en\/book\/book-a-camping-pitch-zone-1\/","title":{"rendered":"Book a camping pitch, Zone 1"},"content":{"rendered":"","protected":false},"excerpt":{"rendered":"<p><strong>Zone 1 applies to pitches 66\u201377<\/strong><\/p>\n<p>The campsite overlooks beautiful Lake V\u00e4nern and Mariestad. On the grounds, you&#8217;ll find a football field, zip line, and playground next to the swimming cove. <\/p>\n<p>With us, you stay comfortably with plenty of space between caravans. It\u2019s close to convenient service buildings with fresh showers, toilets, washing machines\/tumble dryers, and a kitchen. There are 115 caravan and motorhome pitches on site in total. Tent pitches can also be rented. Electricity and water are available at all pitches. We <a href=\"https:\/\/sundsornscamping.hemsida.eu\/service\/\">rent<\/a> out pitches per night, per week, or year-round.<\/p>\n<p>If you\u2019re interested in a seasonal booking, <a href=\"https:\/\/www.sundsornscamping.se\/en\/expression-of-interest\/\">click here to go to our expression of interest<\/a>.<\/p>\n<p>Cancellation must be made at least 5 days before the estimated arrival time.<\/p>\n","protected":false},"featured_media":25481,"template":"","meta":[],"product_brand":[],"product_cat":[100],"product_tag":[],"class_list":{"0":"post-25515","1":"product","2":"type-product","3":"status-publish","4":"has-post-thumbnail","6":"product_cat-camping","8":"first","9":"instock","10":"sold-individually","11":"taxable","12":"shipping-taxable","13":"purchasable","14":"product-type-phive_booking"},"yoast_head":"<!-- This site is optimized with the Yoast SEO plugin v27.4 - https:\/\/yoast.com\/product\/yoast-seo-wordpress\/ -->\n<title>Book a camping pitch, Zone 1 - Camping Sunds\u00f6rn - Mariestad<\/title>\n<meta name=\"robots\" content=\"index, follow, max-snippet:-1, max-image-preview:large, max-video-preview:-1\" \/>\n<link rel=\"canonical\" href=\"https:\/\/www.sundsornscamping.se\/en\/book\/book-a-camping-pitch-zone-1\/\" \/>\n<meta property=\"og:locale\" content=\"en_GB\" \/>\n<meta property=\"og:type\" content=\"article\" \/>\n<meta property=\"og:title\" content=\"Book a camping pitch, Zone 1 - Camping Sunds\u00f6rn - Mariestad\" \/>\n<meta property=\"og:description\" content=\"Zone 1 applies to pitches 66\u201377 The campsite overlooks beautiful Lake V\u00e4nern and Mariestad. On the grounds, you&#039;ll find a football field, zip line, and playground next to the swimming cove.  With us, you stay comfortably with plenty of space between caravans. It\u2019s close to convenient service buildings with fresh showers, toilets, washing machines\/tumble dryers, and a kitchen. There are 115 caravan and motorhome pitches on site in total. Tent pitches can also be rented. Electricity and water are available at all pitches. We rent out pitches per night, per week, or year-round. If you\u2019re interested in a seasonal booking, click here to go to our expression of interest. Cancellation must be made at least 5 days before the estimated arrival time.\" \/>\n<meta property=\"og:url\" content=\"https:\/\/www.sundsornscamping.se\/en\/book\/book-a-camping-pitch-zone-1\/\" \/>\n<meta property=\"og:site_name\" content=\"Camping Sunds\u00f6rn - Mariestad\" \/>\n<meta property=\"article:modified_time\" content=\"2026-04-10T09:51:03+00:00\" \/>\n<meta property=\"og:image\" content=\"https:\/\/www.sundsornscamping.se\/wp-content\/uploads\/2020\/08\/SUNDS\u00d6RN-CAMPING.jpg\" \/>\n\t<meta property=\"og:image:width\" content=\"1920\" \/>\n\t<meta property=\"og:image:height\" content=\"1279\" \/>\n\t<meta property=\"og:image:type\" content=\"image\/jpeg\" \/>\n<meta name=\"twitter:card\" content=\"summary_large_image\" \/>\n<script type=\"application\/ld+json\" class=\"yoast-schema-graph\">{\"@context\":\"https:\\\/\\\/schema.org\",\"@graph\":[{\"@type\":\"WebPage\",\"@id\":\"https:\\\/\\\/www.sundsornscamping.se\\\/en\\\/book\\\/book-a-camping-pitch-zone-1\\\/\",\"url\":\"https:\\\/\\\/www.sundsornscamping.se\\\/en\\\/book\\\/book-a-camping-pitch-zone-1\\\/\",\"name\":\"Book a camping pitch, Zone 1 - Camping Sunds\u00f6rn - Mariestad\",\"isPartOf\":{\"@id\":\"https:\\\/\\\/www.sundsornscamping.se\\\/en\\\/#website\"},\"primaryImageOfPage\":{\"@id\":\"https:\\\/\\\/www.sundsornscamping.se\\\/en\\\/book\\\/book-a-camping-pitch-zone-1\\\/#primaryimage\"},\"image\":{\"@id\":\"https:\\\/\\\/www.sundsornscamping.se\\\/en\\\/book\\\/book-a-camping-pitch-zone-1\\\/#primaryimage\"},\"thumbnailUrl\":\"https:\\\/\\\/www.sundsornscamping.se\\\/wp-content\\\/uploads\\\/2020\\\/08\\\/SUNDS\u00d6RN-CAMPING.jpg\",\"datePublished\":\"2020-09-15T09:44:11+00:00\",\"dateModified\":\"2026-04-10T09:51:03+00:00\",\"breadcrumb\":{\"@id\":\"https:\\\/\\\/www.sundsornscamping.se\\\/en\\\/book\\\/book-a-camping-pitch-zone-1\\\/#breadcrumb\"},\"inLanguage\":\"en-GB\",\"potentialAction\":[{\"@type\":\"ReadAction\",\"target\":[\"https:\\\/\\\/www.sundsornscamping.se\\\/en\\\/book\\\/book-a-camping-pitch-zone-1\\\/\"]}]},{\"@type\":\"ImageObject\",\"inLanguage\":\"en-GB\",\"@id\":\"https:\\\/\\\/www.sundsornscamping.se\\\/en\\\/book\\\/book-a-camping-pitch-zone-1\\\/#primaryimage\",\"url\":\"https:\\\/\\\/www.sundsornscamping.se\\\/wp-content\\\/uploads\\\/2020\\\/08\\\/SUNDS\u00d6RN-CAMPING.jpg\",\"contentUrl\":\"https:\\\/\\\/www.sundsornscamping.se\\\/wp-content\\\/uploads\\\/2020\\\/08\\\/SUNDS\u00d6RN-CAMPING.jpg\",\"width\":1920,\"height\":1279,\"caption\":\"Sunds\u00f6rn Camping\"},{\"@type\":\"BreadcrumbList\",\"@id\":\"https:\\\/\\\/www.sundsornscamping.se\\\/en\\\/book\\\/book-a-camping-pitch-zone-1\\\/#breadcrumb\",\"itemListElement\":[{\"@type\":\"ListItem\",\"position\":1,\"name\":\"Hem\",\"item\":\"https:\\\/\\\/www.sundsornscamping.se\\\/en\\\/\"},{\"@type\":\"ListItem\",\"position\":2,\"name\":\"Shop\",\"item\":\"https:\\\/\\\/www.sundsornscamping.se\\\/en\\\/shop\\\/\"},{\"@type\":\"ListItem\",\"position\":3,\"name\":\"Book a camping pitch, Zone 1\"}]},{\"@type\":\"WebSite\",\"@id\":\"https:\\\/\\\/www.sundsornscamping.se\\\/en\\\/#website\",\"url\":\"https:\\\/\\\/www.sundsornscamping.se\\\/en\\\/\",\"name\":\"Camping Sunds\u00f6rn - Mariestad\",\"description\":\"Njut av natursk\u00f6n milj\u00f6 \u00e5ret runt, n\u00e4ra Mariestad och Tors\u00f6\",\"potentialAction\":[{\"@type\":\"SearchAction\",\"target\":{\"@type\":\"EntryPoint\",\"urlTemplate\":\"https:\\\/\\\/www.sundsornscamping.se\\\/en\\\/?s={search_term_string}\"},\"query-input\":{\"@type\":\"PropertyValueSpecification\",\"valueRequired\":true,\"valueName\":\"search_term_string\"}}],\"inLanguage\":\"en-GB\"}]}<\/script>\n<!-- \/ Yoast SEO plugin. -->","yoast_head_json":{"title":"Book a camping pitch, Zone 1 - Camping Sunds\u00f6rn - Mariestad","robots":{"index":"index","follow":"follow","max-snippet":"max-snippet:-1","max-image-preview":"max-image-preview:large","max-video-preview":"max-video-preview:-1"},"canonical":"https:\/\/www.sundsornscamping.se\/en\/book\/book-a-camping-pitch-zone-1\/","og_locale":"en_GB","og_type":"article","og_title":"Book a camping pitch, Zone 1 - Camping Sunds\u00f6rn - Mariestad","og_description":"Zone 1 applies to pitches 66\u201377 The campsite overlooks beautiful Lake V\u00e4nern and Mariestad. On the grounds, you'll find a football field, zip line, and playground next to the swimming cove.  With us, you stay comfortably with plenty of space between caravans. It\u2019s close to convenient service buildings with fresh showers, toilets, washing machines\/tumble dryers, and a kitchen. There are 115 caravan and motorhome pitches on site in total. Tent pitches can also be rented. Electricity and water are available at all pitches. We rent out pitches per night, per week, or year-round. If you\u2019re interested in a seasonal booking, click here to go to our expression of interest. Cancellation must be made at least 5 days before the estimated arrival time.","og_url":"https:\/\/www.sundsornscamping.se\/en\/book\/book-a-camping-pitch-zone-1\/","og_site_name":"Camping Sunds\u00f6rn - Mariestad","article_modified_time":"2026-04-10T09:51:03+00:00","og_image":[{"width":1920,"height":1279,"url":"https:\/\/www.sundsornscamping.se\/wp-content\/uploads\/2020\/08\/SUNDS\u00d6RN-CAMPING.jpg","type":"image\/jpeg"}],"twitter_card":"summary_large_image","schema":{"@context":"https:\/\/schema.org","@graph":[{"@type":"WebPage","@id":"https:\/\/www.sundsornscamping.se\/en\/book\/book-a-camping-pitch-zone-1\/","url":"https:\/\/www.sundsornscamping.se\/en\/book\/book-a-camping-pitch-zone-1\/","name":"Book a camping pitch, Zone 1 - Camping Sunds\u00f6rn - Mariestad","isPartOf":{"@id":"https:\/\/www.sundsornscamping.se\/en\/#website"},"primaryImageOfPage":{"@id":"https:\/\/www.sundsornscamping.se\/en\/book\/book-a-camping-pitch-zone-1\/#primaryimage"},"image":{"@id":"https:\/\/www.sundsornscamping.se\/en\/book\/book-a-camping-pitch-zone-1\/#primaryimage"},"thumbnailUrl":"https:\/\/www.sundsornscamping.se\/wp-content\/uploads\/2020\/08\/SUNDS\u00d6RN-CAMPING.jpg","datePublished":"2020-09-15T09:44:11+00:00","dateModified":"2026-04-10T09:51:03+00:00","breadcrumb":{"@id":"https:\/\/www.sundsornscamping.se\/en\/book\/book-a-camping-pitch-zone-1\/#breadcrumb"},"inLanguage":"en-GB","potentialAction":[{"@type":"ReadAction","target":["https:\/\/www.sundsornscamping.se\/en\/book\/book-a-camping-pitch-zone-1\/"]}]},{"@type":"ImageObject","inLanguage":"en-GB","@id":"https:\/\/www.sundsornscamping.se\/en\/book\/book-a-camping-pitch-zone-1\/#primaryimage","url":"https:\/\/www.sundsornscamping.se\/wp-content\/uploads\/2020\/08\/SUNDS\u00d6RN-CAMPING.jpg","contentUrl":"https:\/\/www.sundsornscamping.se\/wp-content\/uploads\/2020\/08\/SUNDS\u00d6RN-CAMPING.jpg","width":1920,"height":1279,"caption":"Sunds\u00f6rn Camping"},{"@type":"BreadcrumbList","@id":"https:\/\/www.sundsornscamping.se\/en\/book\/book-a-camping-pitch-zone-1\/#breadcrumb","itemListElement":[{"@type":"ListItem","position":1,"name":"Hem","item":"https:\/\/www.sundsornscamping.se\/en\/"},{"@type":"ListItem","position":2,"name":"Shop","item":"https:\/\/www.sundsornscamping.se\/en\/shop\/"},{"@type":"ListItem","position":3,"name":"Book a camping pitch, Zone 1"}]},{"@type":"WebSite","@id":"https:\/\/www.sundsornscamping.se\/en\/#website","url":"https:\/\/www.sundsornscamping.se\/en\/","name":"Camping Sunds\u00f6rn - Mariestad","description":"Njut av natursk\u00f6n milj\u00f6 \u00e5ret runt, n\u00e4ra Mariestad och Tors\u00f6","potentialAction":[{"@type":"SearchAction","target":{"@type":"EntryPoint","urlTemplate":"https:\/\/www.sundsornscamping.se\/en\/?s={search_term_string}"},"query-input":{"@type":"PropertyValueSpecification","valueRequired":true,"valueName":"search_term_string"}}],"inLanguage":"en-GB"}]}},"_links":{"self":[{"href":"https:\/\/www.sundsornscamping.se\/en\/wp-json\/wp\/v2\/product\/25515","targetHints":{"allow":["GET"]}}],"collection":[{"href":"https:\/\/www.sundsornscamping.se\/en\/wp-json\/wp\/v2\/product"}],"about":[{"href":"https:\/\/www.sundsornscamping.se\/en\/wp-json\/wp\/v2\/types\/product"}],"wp:featuredmedia":[{"embeddable":true,"href":"https:\/\/www.sundsornscamping.se\/en\/wp-json\/wp\/v2\/media\/25481"}],"wp:attachment":[{"href":"https:\/\/www.sundsornscamping.se\/en\/wp-json\/wp\/v2\/media?parent=25515"}],"wp:term":[{"taxonomy":"product_brand","embeddable":true,"href":"https:\/\/www.sundsornscamping.se\/en\/wp-json\/wp\/v2\/product_brand?post=25515"},{"taxonomy":"product_cat","embeddable":true,"href":"https:\/\/www.sundsornscamping.se\/en\/wp-json\/wp\/v2\/product_cat?post=25515"},{"taxonomy":"product_tag","embeddable":true,"href":"https:\/\/www.sundsornscamping.se\/en\/wp-json\/wp\/v2\/product_tag?post=25515"}],"curies":[{"name":"wp","href":"https:\/\/api.w.org\/{rel}","templated":true}]}}